
{"id":886,"date":"2016-12-16T11:33:32","date_gmt":"2016-12-16T11:33:32","guid":{"rendered":"http:\/\/kyb.pixeltreemedia.co.uk\/?page_id=886"},"modified":"2021-04-27T14:39:43","modified_gmt":"2021-04-27T13:39:43","slug":"distiributorunuzu-bulun","status":"publish","type":"page","link":"https:\/\/kyb-europe.com\/turkiye\/distiributorunuzu-bulun\/","title":{"rendered":"Distirib\u00fct\u00f6r\u00fcn\u00fcz\u00fc Bulun"},"content":{"rendered":"","protected":false},"excerpt":{"rendered":"","protected":false},"author":1,"featured_media":222271,"parent":0,"menu_order":0,"comment_status":"closed","ping_status":"closed","template":"","meta":{"_acf_changed":false,"footnotes":""},"class_list":["post-886","page","type-page","status-publish","has-post-thumbnail","hentry"],"acf":[],"yoast_head":"<!-- This site is optimized with the Yoast SEO plugin v27.4 - https:\/\/yoast.com\/product\/yoast-seo-wordpress\/ -->\n<title>Distirib\u00fct\u00f6r\u00fcn\u00fcz\u00fc Bulun - KYB T\u00fcrkiye<\/title>\n<meta name=\"description\" content=\"Find Your Distributor. Enter your location to find a distributor.\" \/>\n<meta name=\"robots\" content=\"index, follow, max-snippet:-1, max-image-preview:large, max-video-preview:-1\" \/>\n<link rel=\"canonical\" href=\"https:\/\/kyb-europe.com\/turkiye\/distiributorunuzu-bulun\/\" \/>\n<meta property=\"og:locale\" content=\"tr_TR\" \/>\n<meta property=\"og:type\" content=\"article\" \/>\n<meta property=\"og:title\" content=\"Distirib\u00fct\u00f6r\u00fcn\u00fcz\u00fc Bulun - KYB T\u00fcrkiye\" \/>\n<meta property=\"og:description\" content=\"Find Your Distributor. Enter your location to find a distributor.\" \/>\n<meta property=\"og:url\" content=\"https:\/\/kyb-europe.com\/turkiye\/distiributorunuzu-bulun\/\" \/>\n<meta property=\"og:site_name\" content=\"T\u00fcrk\u00e7e\" \/>\n<meta property=\"article:modified_time\" content=\"2021-04-27T13:39:43+00:00\" \/>\n<meta property=\"og:image\" content=\"https:\/\/kyb-europe.com\/turkiye\/wp-content\/uploads\/sites\/39\/2018\/03\/distributor-zone-no-flash-1.jpg\" \/>\n\t<meta property=\"og:image:width\" content=\"4368\" \/>\n\t<meta property=\"og:image:height\" content=\"2912\" \/>\n\t<meta property=\"og:image:type\" content=\"image\/jpeg\" \/>\n<meta name=\"twitter:card\" content=\"summary_large_image\" \/>\n<script type=\"application\/ld+json\" class=\"yoast-schema-graph\">{\"@context\":\"https:\\\/\\\/schema.org\",\"@graph\":[{\"@type\":\"WebPage\",\"@id\":\"https:\\\/\\\/kyb-europe.com\\\/turkiye\\\/distiributorunuzu-bulun\\\/\",\"url\":\"https:\\\/\\\/kyb-europe.com\\\/turkiye\\\/distiributorunuzu-bulun\\\/\",\"name\":\"Distirib\u00fct\u00f6r\u00fcn\u00fcz\u00fc Bulun - KYB T\u00fcrkiye\",\"isPartOf\":{\"@id\":\"https:\\\/\\\/kyb-europe.com\\\/turkiye\\\/#website\"},\"primaryImageOfPage\":{\"@id\":\"https:\\\/\\\/kyb-europe.com\\\/turkiye\\\/distiributorunuzu-bulun\\\/#primaryimage\"},\"image\":{\"@id\":\"https:\\\/\\\/kyb-europe.com\\\/turkiye\\\/distiributorunuzu-bulun\\\/#primaryimage\"},\"thumbnailUrl\":\"https:\\\/\\\/kyb-europe.com\\\/turkiye\\\/wp-content\\\/uploads\\\/sites\\\/39\\\/2018\\\/03\\\/distributor-zone-no-flash-1.jpg\",\"datePublished\":\"2016-12-16T11:33:32+00:00\",\"dateModified\":\"2021-04-27T13:39:43+00:00\",\"description\":\"Find Your Distributor. Enter your location to find a distributor.\",\"inLanguage\":\"tr\",\"potentialAction\":[{\"@type\":\"ReadAction\",\"target\":[\"https:\\\/\\\/kyb-europe.com\\\/turkiye\\\/distiributorunuzu-bulun\\\/\"]}]},{\"@type\":\"ImageObject\",\"inLanguage\":\"tr\",\"@id\":\"https:\\\/\\\/kyb-europe.com\\\/turkiye\\\/distiributorunuzu-bulun\\\/#primaryimage\",\"url\":\"https:\\\/\\\/kyb-europe.com\\\/turkiye\\\/wp-content\\\/uploads\\\/sites\\\/39\\\/2018\\\/03\\\/distributor-zone-no-flash-1.jpg\",\"contentUrl\":\"https:\\\/\\\/kyb-europe.com\\\/turkiye\\\/wp-content\\\/uploads\\\/sites\\\/39\\\/2018\\\/03\\\/distributor-zone-no-flash-1.jpg\",\"width\":4368,\"height\":2912},{\"@type\":\"WebSite\",\"@id\":\"https:\\\/\\\/kyb-europe.com\\\/turkiye\\\/#website\",\"url\":\"https:\\\/\\\/kyb-europe.com\\\/turkiye\\\/\",\"name\":\"T\u00fcrk\u00e7e\",\"description\":\"Our Precision, Your Advantage\",\"publisher\":{\"@id\":\"https:\\\/\\\/kyb-europe.com\\\/turkiye\\\/#organization\"},\"potentialAction\":[{\"@type\":\"SearchAction\",\"target\":{\"@type\":\"EntryPoint\",\"urlTemplate\":\"https:\\\/\\\/kyb-europe.com\\\/turkiye\\\/?s={search_term_string}\"},\"query-input\":{\"@type\":\"PropertyValueSpecification\",\"valueRequired\":true,\"valueName\":\"search_term_string\"}}],\"inLanguage\":\"tr\"},{\"@type\":\"Organization\",\"@id\":\"https:\\\/\\\/kyb-europe.com\\\/turkiye\\\/#organization\",\"name\":\"T\u00fcrk\u00e7e\",\"url\":\"https:\\\/\\\/kyb-europe.com\\\/turkiye\\\/\",\"logo\":{\"@type\":\"ImageObject\",\"inLanguage\":\"tr\",\"@id\":\"https:\\\/\\\/kyb-europe.com\\\/turkiye\\\/#\\\/schema\\\/logo\\\/image\\\/\",\"url\":\"https:\\\/\\\/kyb-europe.com\\\/turkiye\\\/wp-content\\\/uploads\\\/sites\\\/39\\\/2016\\\/12\\\/kyb_logo.png\",\"contentUrl\":\"https:\\\/\\\/kyb-europe.com\\\/turkiye\\\/wp-content\\\/uploads\\\/sites\\\/39\\\/2016\\\/12\\\/kyb_logo.png\",\"width\":295,\"height\":92,\"caption\":\"T\u00fcrk\u00e7e\"},\"image\":{\"@id\":\"https:\\\/\\\/kyb-europe.com\\\/turkiye\\\/#\\\/schema\\\/logo\\\/image\\\/\"}}]}<\/script>\n<!-- \/ Yoast SEO plugin. -->","yoast_head_json":{"title":"Distirib\u00fct\u00f6r\u00fcn\u00fcz\u00fc Bulun - KYB T\u00fcrkiye","description":"Find Your Distributor. Enter your location to find a distributor.","robots":{"index":"index","follow":"follow","max-snippet":"max-snippet:-1","max-image-preview":"max-image-preview:large","max-video-preview":"max-video-preview:-1"},"canonical":"https:\/\/kyb-europe.com\/turkiye\/distiributorunuzu-bulun\/","og_locale":"tr_TR","og_type":"article","og_title":"Distirib\u00fct\u00f6r\u00fcn\u00fcz\u00fc Bulun - KYB T\u00fcrkiye","og_description":"Find Your Distributor. Enter your location to find a distributor.","og_url":"https:\/\/kyb-europe.com\/turkiye\/distiributorunuzu-bulun\/","og_site_name":"T\u00fcrk\u00e7e","article_modified_time":"2021-04-27T13:39:43+00:00","og_image":[{"width":4368,"height":2912,"url":"https:\/\/kyb-europe.com\/turkiye\/wp-content\/uploads\/sites\/39\/2018\/03\/distributor-zone-no-flash-1.jpg","type":"image\/jpeg"}],"twitter_card":"summary_large_image","schema":{"@context":"https:\/\/schema.org","@graph":[{"@type":"WebPage","@id":"https:\/\/kyb-europe.com\/turkiye\/distiributorunuzu-bulun\/","url":"https:\/\/kyb-europe.com\/turkiye\/distiributorunuzu-bulun\/","name":"Distirib\u00fct\u00f6r\u00fcn\u00fcz\u00fc Bulun - KYB T\u00fcrkiye","isPartOf":{"@id":"https:\/\/kyb-europe.com\/turkiye\/#website"},"primaryImageOfPage":{"@id":"https:\/\/kyb-europe.com\/turkiye\/distiributorunuzu-bulun\/#primaryimage"},"image":{"@id":"https:\/\/kyb-europe.com\/turkiye\/distiributorunuzu-bulun\/#primaryimage"},"thumbnailUrl":"https:\/\/kyb-europe.com\/turkiye\/wp-content\/uploads\/sites\/39\/2018\/03\/distributor-zone-no-flash-1.jpg","datePublished":"2016-12-16T11:33:32+00:00","dateModified":"2021-04-27T13:39:43+00:00","description":"Find Your Distributor. Enter your location to find a distributor.","inLanguage":"tr","potentialAction":[{"@type":"ReadAction","target":["https:\/\/kyb-europe.com\/turkiye\/distiributorunuzu-bulun\/"]}]},{"@type":"ImageObject","inLanguage":"tr","@id":"https:\/\/kyb-europe.com\/turkiye\/distiributorunuzu-bulun\/#primaryimage","url":"https:\/\/kyb-europe.com\/turkiye\/wp-content\/uploads\/sites\/39\/2018\/03\/distributor-zone-no-flash-1.jpg","contentUrl":"https:\/\/kyb-europe.com\/turkiye\/wp-content\/uploads\/sites\/39\/2018\/03\/distributor-zone-no-flash-1.jpg","width":4368,"height":2912},{"@type":"WebSite","@id":"https:\/\/kyb-europe.com\/turkiye\/#website","url":"https:\/\/kyb-europe.com\/turkiye\/","name":"T\u00fcrk\u00e7e","description":"Our Precision, Your Advantage","publisher":{"@id":"https:\/\/kyb-europe.com\/turkiye\/#organization"},"potentialAction":[{"@type":"SearchAction","target":{"@type":"EntryPoint","urlTemplate":"https:\/\/kyb-europe.com\/turkiye\/?s={search_term_string}"},"query-input":{"@type":"PropertyValueSpecification","valueRequired":true,"valueName":"search_term_string"}}],"inLanguage":"tr"},{"@type":"Organization","@id":"https:\/\/kyb-europe.com\/turkiye\/#organization","name":"T\u00fcrk\u00e7e","url":"https:\/\/kyb-europe.com\/turkiye\/","logo":{"@type":"ImageObject","inLanguage":"tr","@id":"https:\/\/kyb-europe.com\/turkiye\/#\/schema\/logo\/image\/","url":"https:\/\/kyb-europe.com\/turkiye\/wp-content\/uploads\/sites\/39\/2016\/12\/kyb_logo.png","contentUrl":"https:\/\/kyb-europe.com\/turkiye\/wp-content\/uploads\/sites\/39\/2016\/12\/kyb_logo.png","width":295,"height":92,"caption":"T\u00fcrk\u00e7e"},"image":{"@id":"https:\/\/kyb-europe.com\/turkiye\/#\/schema\/logo\/image\/"}}]}},"_links":{"self":[{"href":"https:\/\/kyb-europe.com\/turkiye\/wp-json\/wp\/v2\/pages\/886","targetHints":{"allow":["GET"]}}],"collection":[{"href":"https:\/\/kyb-europe.com\/turkiye\/wp-json\/wp\/v2\/pages"}],"about":[{"href":"https:\/\/kyb-europe.com\/turkiye\/wp-json\/wp\/v2\/types\/page"}],"author":[{"embeddable":true,"href":"https:\/\/kyb-europe.com\/turkiye\/wp-json\/wp\/v2\/users\/1"}],"replies":[{"embeddable":true,"href":"https:\/\/kyb-europe.com\/turkiye\/wp-json\/wp\/v2\/comments?post=886"}],"version-history":[{"count":0,"href":"https:\/\/kyb-europe.com\/turkiye\/wp-json\/wp\/v2\/pages\/886\/revisions"}],"wp:featuredmedia":[{"embeddable":true,"href":"https:\/\/kyb-europe.com\/turkiye\/wp-json\/wp\/v2\/media\/222271"}],"wp:attachment":[{"href":"https:\/\/kyb-europe.com\/turkiye\/wp-json\/wp\/v2\/media?parent=886"}],"curies":[{"name":"wp","href":"https:\/\/api.w.org\/{rel}","templated":true}]}}