
{"id":223417,"date":"2018-10-12T09:39:34","date_gmt":"2018-10-12T08:39:34","guid":{"rendered":"http:\/\/kyb-europe.com\/?page_id=223417"},"modified":"2021-04-16T14:55:45","modified_gmt":"2021-04-16T13:55:45","slug":"guvenlik-videosu","status":"publish","type":"page","link":"https:\/\/kyb-europe.com\/turkiye\/vr\/guvenlik-videosu\/","title":{"rendered":"KYB Sanal Ger\u00e7eklik G\u00fcvenlik Videosu"},"content":{"rendered":"","protected":false},"excerpt":{"rendered":"","protected":false},"author":1,"featured_media":218416,"parent":218339,"menu_order":0,"comment_status":"closed","ping_status":"closed","template":"","meta":{"_acf_changed":false,"footnotes":""},"class_list":["post-223417","page","type-page","status-publish","has-post-thumbnail","hentry"],"acf":[],"yoast_head":"<!-- This site is optimized with the Yoast SEO plugin v27.4 - https:\/\/yoast.com\/product\/yoast-seo-wordpress\/ -->\n<title>KYB Sanal Ger\u00e7eklik G\u00fcvenlik Videosu - KYB T\u00fcrkiye<\/title>\n<meta name=\"description\" content=\"KYB Virtual Reality Safety Video - A product test demonstration to show the effects of worn suspension on vehicle safety.\" \/>\n<meta name=\"robots\" content=\"index, follow, max-snippet:-1, max-image-preview:large, max-video-preview:-1\" \/>\n<link rel=\"canonical\" href=\"https:\/\/kyb-europe.com\/turkiye\/vr\/guvenlik-videosu\/\" \/>\n<meta property=\"og:locale\" content=\"tr_TR\" \/>\n<meta property=\"og:type\" content=\"article\" \/>\n<meta property=\"og:title\" content=\"KYB Sanal Ger\u00e7eklik G\u00fcvenlik Videosu - KYB T\u00fcrkiye\" \/>\n<meta property=\"og:description\" content=\"KYB Virtual Reality Safety Video - A product test demonstration to show the effects of worn suspension on vehicle safety.\" \/>\n<meta property=\"og:url\" content=\"https:\/\/kyb-europe.com\/turkiye\/vr\/guvenlik-videosu\/\" \/>\n<meta property=\"og:site_name\" content=\"T\u00fcrk\u00e7e\" \/>\n<meta property=\"article:modified_time\" content=\"2021-04-16T13:55:45+00:00\" \/>\n<meta property=\"og:image\" content=\"https:\/\/kyb-europe.com\/turkiye\/wp-content\/uploads\/sites\/39\/2017\/11\/1-Starting.jpg\" \/>\n\t<meta property=\"og:image:width\" content=\"1113\" \/>\n\t<meta property=\"og:image:height\" content=\"668\" \/>\n\t<meta property=\"og:image:type\" content=\"image\/jpeg\" \/>\n<meta name=\"twitter:card\" content=\"summary_large_image\" \/>\n<script type=\"application\/ld+json\" class=\"yoast-schema-graph\">{\"@context\":\"https:\\\/\\\/schema.org\",\"@graph\":[{\"@type\":\"WebPage\",\"@id\":\"https:\\\/\\\/kyb-europe.com\\\/turkiye\\\/vr\\\/guvenlik-videosu\\\/\",\"url\":\"https:\\\/\\\/kyb-europe.com\\\/turkiye\\\/vr\\\/guvenlik-videosu\\\/\",\"name\":\"KYB Sanal Ger\u00e7eklik G\u00fcvenlik Videosu - KYB T\u00fcrkiye\",\"isPartOf\":{\"@id\":\"https:\\\/\\\/kyb-europe.com\\\/turkiye\\\/#website\"},\"primaryImageOfPage\":{\"@id\":\"https:\\\/\\\/kyb-europe.com\\\/turkiye\\\/vr\\\/guvenlik-videosu\\\/#primaryimage\"},\"image\":{\"@id\":\"https:\\\/\\\/kyb-europe.com\\\/turkiye\\\/vr\\\/guvenlik-videosu\\\/#primaryimage\"},\"thumbnailUrl\":\"https:\\\/\\\/kyb-europe.com\\\/turkiye\\\/wp-content\\\/uploads\\\/sites\\\/39\\\/2017\\\/11\\\/1-Starting.jpg\",\"datePublished\":\"2018-10-12T08:39:34+00:00\",\"dateModified\":\"2021-04-16T13:55:45+00:00\",\"description\":\"KYB Virtual Reality Safety Video - A product test demonstration to show the effects of worn suspension on vehicle safety.\",\"breadcrumb\":{\"@id\":\"https:\\\/\\\/kyb-europe.com\\\/turkiye\\\/vr\\\/guvenlik-videosu\\\/#breadcrumb\"},\"inLanguage\":\"tr\",\"potentialAction\":[{\"@type\":\"ReadAction\",\"target\":[\"https:\\\/\\\/kyb-europe.com\\\/turkiye\\\/vr\\\/guvenlik-videosu\\\/\"]}]},{\"@type\":\"ImageObject\",\"inLanguage\":\"tr\",\"@id\":\"https:\\\/\\\/kyb-europe.com\\\/turkiye\\\/vr\\\/guvenlik-videosu\\\/#primaryimage\",\"url\":\"https:\\\/\\\/kyb-europe.com\\\/turkiye\\\/wp-content\\\/uploads\\\/sites\\\/39\\\/2017\\\/11\\\/1-Starting.jpg\",\"contentUrl\":\"https:\\\/\\\/kyb-europe.com\\\/turkiye\\\/wp-content\\\/uploads\\\/sites\\\/39\\\/2017\\\/11\\\/1-Starting.jpg\",\"width\":1113,\"height\":668},{\"@type\":\"BreadcrumbList\",\"@id\":\"https:\\\/\\\/kyb-europe.com\\\/turkiye\\\/vr\\\/guvenlik-videosu\\\/#breadcrumb\",\"itemListElement\":[{\"@type\":\"ListItem\",\"position\":1,\"name\":\"KYB Sanal Ger\u00e7eklik B\u00f6lgesi\",\"item\":\"https:\\\/\\\/kyb-europe.com\\\/turkiye\\\/vr\\\/\"},{\"@type\":\"ListItem\",\"position\":2,\"name\":\"KYB Sanal Ger\u00e7eklik G\u00fcvenlik Videosu\"}]},{\"@type\":\"WebSite\",\"@id\":\"https:\\\/\\\/kyb-europe.com\\\/turkiye\\\/#website\",\"url\":\"https:\\\/\\\/kyb-europe.com\\\/turkiye\\\/\",\"name\":\"T\u00fcrk\u00e7e\",\"description\":\"Our Precision, Your Advantage\",\"publisher\":{\"@id\":\"https:\\\/\\\/kyb-europe.com\\\/turkiye\\\/#organization\"},\"potentialAction\":[{\"@type\":\"SearchAction\",\"target\":{\"@type\":\"EntryPoint\",\"urlTemplate\":\"https:\\\/\\\/kyb-europe.com\\\/turkiye\\\/?s={search_term_string}\"},\"query-input\":{\"@type\":\"PropertyValueSpecification\",\"valueRequired\":true,\"valueName\":\"search_term_string\"}}],\"inLanguage\":\"tr\"},{\"@type\":\"Organization\",\"@id\":\"https:\\\/\\\/kyb-europe.com\\\/turkiye\\\/#organization\",\"name\":\"T\u00fcrk\u00e7e\",\"url\":\"https:\\\/\\\/kyb-europe.com\\\/turkiye\\\/\",\"logo\":{\"@type\":\"ImageObject\",\"inLanguage\":\"tr\",\"@id\":\"https:\\\/\\\/kyb-europe.com\\\/turkiye\\\/#\\\/schema\\\/logo\\\/image\\\/\",\"url\":\"https:\\\/\\\/kyb-europe.com\\\/turkiye\\\/wp-content\\\/uploads\\\/sites\\\/39\\\/2016\\\/12\\\/kyb_logo.png\",\"contentUrl\":\"https:\\\/\\\/kyb-europe.com\\\/turkiye\\\/wp-content\\\/uploads\\\/sites\\\/39\\\/2016\\\/12\\\/kyb_logo.png\",\"width\":295,\"height\":92,\"caption\":\"T\u00fcrk\u00e7e\"},\"image\":{\"@id\":\"https:\\\/\\\/kyb-europe.com\\\/turkiye\\\/#\\\/schema\\\/logo\\\/image\\\/\"}}]}<\/script>\n<!-- \/ Yoast SEO plugin. -->","yoast_head_json":{"title":"KYB Sanal Ger\u00e7eklik G\u00fcvenlik Videosu - KYB T\u00fcrkiye","description":"KYB Virtual Reality Safety Video - A product test demonstration to show the effects of worn suspension on vehicle safety.","robots":{"index":"index","follow":"follow","max-snippet":"max-snippet:-1","max-image-preview":"max-image-preview:large","max-video-preview":"max-video-preview:-1"},"canonical":"https:\/\/kyb-europe.com\/turkiye\/vr\/guvenlik-videosu\/","og_locale":"tr_TR","og_type":"article","og_title":"KYB Sanal Ger\u00e7eklik G\u00fcvenlik Videosu - KYB T\u00fcrkiye","og_description":"KYB Virtual Reality Safety Video - A product test demonstration to show the effects of worn suspension on vehicle safety.","og_url":"https:\/\/kyb-europe.com\/turkiye\/vr\/guvenlik-videosu\/","og_site_name":"T\u00fcrk\u00e7e","article_modified_time":"2021-04-16T13:55:45+00:00","og_image":[{"width":1113,"height":668,"url":"https:\/\/kyb-europe.com\/turkiye\/wp-content\/uploads\/sites\/39\/2017\/11\/1-Starting.jpg","type":"image\/jpeg"}],"twitter_card":"summary_large_image","schema":{"@context":"https:\/\/schema.org","@graph":[{"@type":"WebPage","@id":"https:\/\/kyb-europe.com\/turkiye\/vr\/guvenlik-videosu\/","url":"https:\/\/kyb-europe.com\/turkiye\/vr\/guvenlik-videosu\/","name":"KYB Sanal Ger\u00e7eklik G\u00fcvenlik Videosu - KYB T\u00fcrkiye","isPartOf":{"@id":"https:\/\/kyb-europe.com\/turkiye\/#website"},"primaryImageOfPage":{"@id":"https:\/\/kyb-europe.com\/turkiye\/vr\/guvenlik-videosu\/#primaryimage"},"image":{"@id":"https:\/\/kyb-europe.com\/turkiye\/vr\/guvenlik-videosu\/#primaryimage"},"thumbnailUrl":"https:\/\/kyb-europe.com\/turkiye\/wp-content\/uploads\/sites\/39\/2017\/11\/1-Starting.jpg","datePublished":"2018-10-12T08:39:34+00:00","dateModified":"2021-04-16T13:55:45+00:00","description":"KYB Virtual Reality Safety Video - A product test demonstration to show the effects of worn suspension on vehicle safety.","breadcrumb":{"@id":"https:\/\/kyb-europe.com\/turkiye\/vr\/guvenlik-videosu\/#breadcrumb"},"inLanguage":"tr","potentialAction":[{"@type":"ReadAction","target":["https:\/\/kyb-europe.com\/turkiye\/vr\/guvenlik-videosu\/"]}]},{"@type":"ImageObject","inLanguage":"tr","@id":"https:\/\/kyb-europe.com\/turkiye\/vr\/guvenlik-videosu\/#primaryimage","url":"https:\/\/kyb-europe.com\/turkiye\/wp-content\/uploads\/sites\/39\/2017\/11\/1-Starting.jpg","contentUrl":"https:\/\/kyb-europe.com\/turkiye\/wp-content\/uploads\/sites\/39\/2017\/11\/1-Starting.jpg","width":1113,"height":668},{"@type":"BreadcrumbList","@id":"https:\/\/kyb-europe.com\/turkiye\/vr\/guvenlik-videosu\/#breadcrumb","itemListElement":[{"@type":"ListItem","position":1,"name":"KYB Sanal Ger\u00e7eklik B\u00f6lgesi","item":"https:\/\/kyb-europe.com\/turkiye\/vr\/"},{"@type":"ListItem","position":2,"name":"KYB Sanal Ger\u00e7eklik G\u00fcvenlik Videosu"}]},{"@type":"WebSite","@id":"https:\/\/kyb-europe.com\/turkiye\/#website","url":"https:\/\/kyb-europe.com\/turkiye\/","name":"T\u00fcrk\u00e7e","description":"Our Precision, Your Advantage","publisher":{"@id":"https:\/\/kyb-europe.com\/turkiye\/#organization"},"potentialAction":[{"@type":"SearchAction","target":{"@type":"EntryPoint","urlTemplate":"https:\/\/kyb-europe.com\/turkiye\/?s={search_term_string}"},"query-input":{"@type":"PropertyValueSpecification","valueRequired":true,"valueName":"search_term_string"}}],"inLanguage":"tr"},{"@type":"Organization","@id":"https:\/\/kyb-europe.com\/turkiye\/#organization","name":"T\u00fcrk\u00e7e","url":"https:\/\/kyb-europe.com\/turkiye\/","logo":{"@type":"ImageObject","inLanguage":"tr","@id":"https:\/\/kyb-europe.com\/turkiye\/#\/schema\/logo\/image\/","url":"https:\/\/kyb-europe.com\/turkiye\/wp-content\/uploads\/sites\/39\/2016\/12\/kyb_logo.png","contentUrl":"https:\/\/kyb-europe.com\/turkiye\/wp-content\/uploads\/sites\/39\/2016\/12\/kyb_logo.png","width":295,"height":92,"caption":"T\u00fcrk\u00e7e"},"image":{"@id":"https:\/\/kyb-europe.com\/turkiye\/#\/schema\/logo\/image\/"}}]}},"_links":{"self":[{"href":"https:\/\/kyb-europe.com\/turkiye\/wp-json\/wp\/v2\/pages\/223417","targetHints":{"allow":["GET"]}}],"collection":[{"href":"https:\/\/kyb-europe.com\/turkiye\/wp-json\/wp\/v2\/pages"}],"about":[{"href":"https:\/\/kyb-europe.com\/turkiye\/wp-json\/wp\/v2\/types\/page"}],"author":[{"embeddable":true,"href":"https:\/\/kyb-europe.com\/turkiye\/wp-json\/wp\/v2\/users\/1"}],"replies":[{"embeddable":true,"href":"https:\/\/kyb-europe.com\/turkiye\/wp-json\/wp\/v2\/comments?post=223417"}],"version-history":[{"count":0,"href":"https:\/\/kyb-europe.com\/turkiye\/wp-json\/wp\/v2\/pages\/223417\/revisions"}],"up":[{"embeddable":true,"href":"https:\/\/kyb-europe.com\/turkiye\/wp-json\/wp\/v2\/pages\/218339"}],"wp:featuredmedia":[{"embeddable":true,"href":"https:\/\/kyb-europe.com\/turkiye\/wp-json\/wp\/v2\/media\/218416"}],"wp:attachment":[{"href":"https:\/\/kyb-europe.com\/turkiye\/wp-json\/wp\/v2\/media?parent=223417"}],"curies":[{"name":"wp","href":"https:\/\/api.w.org\/{rel}","templated":true}]}}