
{"id":218339,"date":"2017-10-12T15:18:35","date_gmt":"2017-10-12T14:18:35","guid":{"rendered":"http:\/\/kyb-europe.com\/?page_id=218339"},"modified":"2021-08-31T15:32:58","modified_gmt":"2021-08-31T14:32:58","slug":"vr","status":"publish","type":"page","link":"https:\/\/kyb-europe.com\/turkiye\/vr\/","title":{"rendered":"KYB Sanal Ger\u00e7eklik B\u00f6lgesi"},"content":{"rendered":"","protected":false},"excerpt":{"rendered":"","protected":false},"author":3,"featured_media":223424,"parent":0,"menu_order":0,"comment_status":"closed","ping_status":"closed","template":"","meta":{"_acf_changed":false,"footnotes":""},"class_list":["post-218339","page","type-page","status-publish","has-post-thumbnail","hentry"],"acf":[],"yoast_head":"<!-- This site is optimized with the Yoast SEO plugin v27.4 - https:\/\/yoast.com\/product\/yoast-seo-wordpress\/ -->\n<title>KYB Sanal Ger\u00e7eklik B\u00f6lgesi - KYB T\u00fcrkiye<\/title>\n<meta name=\"description\" content=\"KYB Virtual Reality Zone - An area dedicated to KYB&#039;s virtual reality videos.\" \/>\n<meta name=\"robots\" content=\"index, follow, max-snippet:-1, max-image-preview:large, max-video-preview:-1\" \/>\n<link rel=\"canonical\" href=\"https:\/\/kyb-europe.com\/turkiye\/vr\/\" \/>\n<meta property=\"og:locale\" content=\"tr_TR\" \/>\n<meta property=\"og:type\" content=\"article\" \/>\n<meta property=\"og:title\" content=\"KYB Sanal Ger\u00e7eklik B\u00f6lgesi - KYB T\u00fcrkiye\" \/>\n<meta property=\"og:description\" content=\"KYB Virtual Reality Zone - An area dedicated to KYB&#039;s virtual reality videos.\" \/>\n<meta property=\"og:url\" content=\"https:\/\/kyb-europe.com\/turkiye\/vr\/\" \/>\n<meta property=\"og:site_name\" content=\"T\u00fcrk\u00e7e\" \/>\n<meta property=\"article:modified_time\" content=\"2021-08-31T14:32:58+00:00\" \/>\n<meta property=\"og:image\" content=\"https:\/\/kyb-europe.com\/turkiye\/wp-content\/uploads\/sites\/39\/2018\/10\/KYB-Oculus.jpg\" \/>\n\t<meta property=\"og:image:width\" content=\"1800\" \/>\n\t<meta property=\"og:image:height\" content=\"769\" \/>\n\t<meta property=\"og:image:type\" content=\"image\/jpeg\" \/>\n<meta name=\"twitter:card\" content=\"summary_large_image\" \/>\n<script type=\"application\/ld+json\" class=\"yoast-schema-graph\">{\"@context\":\"https:\\\/\\\/schema.org\",\"@graph\":[{\"@type\":\"WebPage\",\"@id\":\"https:\\\/\\\/kyb-europe.com\\\/turkiye\\\/vr\\\/\",\"url\":\"https:\\\/\\\/kyb-europe.com\\\/turkiye\\\/vr\\\/\",\"name\":\"KYB Sanal Ger\u00e7eklik B\u00f6lgesi - KYB T\u00fcrkiye\",\"isPartOf\":{\"@id\":\"https:\\\/\\\/kyb-europe.com\\\/turkiye\\\/#website\"},\"primaryImageOfPage\":{\"@id\":\"https:\\\/\\\/kyb-europe.com\\\/turkiye\\\/vr\\\/#primaryimage\"},\"image\":{\"@id\":\"https:\\\/\\\/kyb-europe.com\\\/turkiye\\\/vr\\\/#primaryimage\"},\"thumbnailUrl\":\"https:\\\/\\\/kyb-europe.com\\\/turkiye\\\/wp-content\\\/uploads\\\/sites\\\/39\\\/2018\\\/10\\\/KYB-Oculus.jpg\",\"datePublished\":\"2017-10-12T14:18:35+00:00\",\"dateModified\":\"2021-08-31T14:32:58+00:00\",\"description\":\"KYB Virtual Reality Zone - An area dedicated to KYB's virtual reality videos.\",\"inLanguage\":\"tr\",\"potentialAction\":[{\"@type\":\"ReadAction\",\"target\":[\"https:\\\/\\\/kyb-europe.com\\\/turkiye\\\/vr\\\/\"]}]},{\"@type\":\"ImageObject\",\"inLanguage\":\"tr\",\"@id\":\"https:\\\/\\\/kyb-europe.com\\\/turkiye\\\/vr\\\/#primaryimage\",\"url\":\"https:\\\/\\\/kyb-europe.com\\\/turkiye\\\/wp-content\\\/uploads\\\/sites\\\/39\\\/2018\\\/10\\\/KYB-Oculus.jpg\",\"contentUrl\":\"https:\\\/\\\/kyb-europe.com\\\/turkiye\\\/wp-content\\\/uploads\\\/sites\\\/39\\\/2018\\\/10\\\/KYB-Oculus.jpg\",\"width\":1800,\"height\":769},{\"@type\":\"WebSite\",\"@id\":\"https:\\\/\\\/kyb-europe.com\\\/turkiye\\\/#website\",\"url\":\"https:\\\/\\\/kyb-europe.com\\\/turkiye\\\/\",\"name\":\"T\u00fcrk\u00e7e\",\"description\":\"Our Precision, Your Advantage\",\"publisher\":{\"@id\":\"https:\\\/\\\/kyb-europe.com\\\/turkiye\\\/#organization\"},\"potentialAction\":[{\"@type\":\"SearchAction\",\"target\":{\"@type\":\"EntryPoint\",\"urlTemplate\":\"https:\\\/\\\/kyb-europe.com\\\/turkiye\\\/?s={search_term_string}\"},\"query-input\":{\"@type\":\"PropertyValueSpecification\",\"valueRequired\":true,\"valueName\":\"search_term_string\"}}],\"inLanguage\":\"tr\"},{\"@type\":\"Organization\",\"@id\":\"https:\\\/\\\/kyb-europe.com\\\/turkiye\\\/#organization\",\"name\":\"T\u00fcrk\u00e7e\",\"url\":\"https:\\\/\\\/kyb-europe.com\\\/turkiye\\\/\",\"logo\":{\"@type\":\"ImageObject\",\"inLanguage\":\"tr\",\"@id\":\"https:\\\/\\\/kyb-europe.com\\\/turkiye\\\/#\\\/schema\\\/logo\\\/image\\\/\",\"url\":\"https:\\\/\\\/kyb-europe.com\\\/turkiye\\\/wp-content\\\/uploads\\\/sites\\\/39\\\/2016\\\/12\\\/kyb_logo.png\",\"contentUrl\":\"https:\\\/\\\/kyb-europe.com\\\/turkiye\\\/wp-content\\\/uploads\\\/sites\\\/39\\\/2016\\\/12\\\/kyb_logo.png\",\"width\":295,\"height\":92,\"caption\":\"T\u00fcrk\u00e7e\"},\"image\":{\"@id\":\"https:\\\/\\\/kyb-europe.com\\\/turkiye\\\/#\\\/schema\\\/logo\\\/image\\\/\"}}]}<\/script>\n<!-- \/ Yoast SEO plugin. -->","yoast_head_json":{"title":"KYB Sanal Ger\u00e7eklik B\u00f6lgesi - KYB T\u00fcrkiye","description":"KYB Virtual Reality Zone - An area dedicated to KYB's virtual reality videos.","robots":{"index":"index","follow":"follow","max-snippet":"max-snippet:-1","max-image-preview":"max-image-preview:large","max-video-preview":"max-video-preview:-1"},"canonical":"https:\/\/kyb-europe.com\/turkiye\/vr\/","og_locale":"tr_TR","og_type":"article","og_title":"KYB Sanal Ger\u00e7eklik B\u00f6lgesi - KYB T\u00fcrkiye","og_description":"KYB Virtual Reality Zone - An area dedicated to KYB's virtual reality videos.","og_url":"https:\/\/kyb-europe.com\/turkiye\/vr\/","og_site_name":"T\u00fcrk\u00e7e","article_modified_time":"2021-08-31T14:32:58+00:00","og_image":[{"width":1800,"height":769,"url":"https:\/\/kyb-europe.com\/turkiye\/wp-content\/uploads\/sites\/39\/2018\/10\/KYB-Oculus.jpg","type":"image\/jpeg"}],"twitter_card":"summary_large_image","schema":{"@context":"https:\/\/schema.org","@graph":[{"@type":"WebPage","@id":"https:\/\/kyb-europe.com\/turkiye\/vr\/","url":"https:\/\/kyb-europe.com\/turkiye\/vr\/","name":"KYB Sanal Ger\u00e7eklik B\u00f6lgesi - KYB T\u00fcrkiye","isPartOf":{"@id":"https:\/\/kyb-europe.com\/turkiye\/#website"},"primaryImageOfPage":{"@id":"https:\/\/kyb-europe.com\/turkiye\/vr\/#primaryimage"},"image":{"@id":"https:\/\/kyb-europe.com\/turkiye\/vr\/#primaryimage"},"thumbnailUrl":"https:\/\/kyb-europe.com\/turkiye\/wp-content\/uploads\/sites\/39\/2018\/10\/KYB-Oculus.jpg","datePublished":"2017-10-12T14:18:35+00:00","dateModified":"2021-08-31T14:32:58+00:00","description":"KYB Virtual Reality Zone - An area dedicated to KYB's virtual reality videos.","inLanguage":"tr","potentialAction":[{"@type":"ReadAction","target":["https:\/\/kyb-europe.com\/turkiye\/vr\/"]}]},{"@type":"ImageObject","inLanguage":"tr","@id":"https:\/\/kyb-europe.com\/turkiye\/vr\/#primaryimage","url":"https:\/\/kyb-europe.com\/turkiye\/wp-content\/uploads\/sites\/39\/2018\/10\/KYB-Oculus.jpg","contentUrl":"https:\/\/kyb-europe.com\/turkiye\/wp-content\/uploads\/sites\/39\/2018\/10\/KYB-Oculus.jpg","width":1800,"height":769},{"@type":"WebSite","@id":"https:\/\/kyb-europe.com\/turkiye\/#website","url":"https:\/\/kyb-europe.com\/turkiye\/","name":"T\u00fcrk\u00e7e","description":"Our Precision, Your Advantage","publisher":{"@id":"https:\/\/kyb-europe.com\/turkiye\/#organization"},"potentialAction":[{"@type":"SearchAction","target":{"@type":"EntryPoint","urlTemplate":"https:\/\/kyb-europe.com\/turkiye\/?s={search_term_string}"},"query-input":{"@type":"PropertyValueSpecification","valueRequired":true,"valueName":"search_term_string"}}],"inLanguage":"tr"},{"@type":"Organization","@id":"https:\/\/kyb-europe.com\/turkiye\/#organization","name":"T\u00fcrk\u00e7e","url":"https:\/\/kyb-europe.com\/turkiye\/","logo":{"@type":"ImageObject","inLanguage":"tr","@id":"https:\/\/kyb-europe.com\/turkiye\/#\/schema\/logo\/image\/","url":"https:\/\/kyb-europe.com\/turkiye\/wp-content\/uploads\/sites\/39\/2016\/12\/kyb_logo.png","contentUrl":"https:\/\/kyb-europe.com\/turkiye\/wp-content\/uploads\/sites\/39\/2016\/12\/kyb_logo.png","width":295,"height":92,"caption":"T\u00fcrk\u00e7e"},"image":{"@id":"https:\/\/kyb-europe.com\/turkiye\/#\/schema\/logo\/image\/"}}]}},"_links":{"self":[{"href":"https:\/\/kyb-europe.com\/turkiye\/wp-json\/wp\/v2\/pages\/218339","targetHints":{"allow":["GET"]}}],"collection":[{"href":"https:\/\/kyb-europe.com\/turkiye\/wp-json\/wp\/v2\/pages"}],"about":[{"href":"https:\/\/kyb-europe.com\/turkiye\/wp-json\/wp\/v2\/types\/page"}],"author":[{"embeddable":true,"href":"https:\/\/kyb-europe.com\/turkiye\/wp-json\/wp\/v2\/users\/3"}],"replies":[{"embeddable":true,"href":"https:\/\/kyb-europe.com\/turkiye\/wp-json\/wp\/v2\/comments?post=218339"}],"version-history":[{"count":1,"href":"https:\/\/kyb-europe.com\/turkiye\/wp-json\/wp\/v2\/pages\/218339\/revisions"}],"predecessor-version":[{"id":226671,"href":"https:\/\/kyb-europe.com\/turkiye\/wp-json\/wp\/v2\/pages\/218339\/revisions\/226671"}],"wp:featuredmedia":[{"embeddable":true,"href":"https:\/\/kyb-europe.com\/turkiye\/wp-json\/wp\/v2\/media\/223424"}],"wp:attachment":[{"href":"https:\/\/kyb-europe.com\/turkiye\/wp-json\/wp\/v2\/media?parent=218339"}],"curies":[{"name":"wp","href":"https:\/\/api.w.org\/{rel}","templated":true}]}}