
{"id":2,"date":"2016-11-02T10:56:49","date_gmt":"2016-11-02T10:56:49","guid":{"rendered":"http:\/\/kyb.pixeltreemedia.co.uk\/?page_id=2"},"modified":"2025-04-14T11:46:32","modified_gmt":"2025-04-14T10:46:32","slug":"home","status":"publish","type":"page","link":"https:\/\/kyb-europe.com\/turkiye\/","title":{"rendered":"Anasayfa"},"content":{"rendered":"","protected":false},"excerpt":{"rendered":"","protected":false},"author":1,"featured_media":225783,"parent":0,"menu_order":0,"comment_status":"closed","ping_status":"closed","template":"","meta":{"_acf_changed":false,"footnotes":""},"class_list":["post-2","page","type-page","status-publish","has-post-thumbnail","hentry"],"acf":[],"yoast_head":"<!-- This site is optimized with the Yoast SEO plugin v27.4 - https:\/\/yoast.com\/product\/yoast-seo-wordpress\/ -->\n<title>KYB T\u00fcrkiye<\/title>\n<meta name=\"description\" content=\"Japonya\u2019daki en b\u00fcy\u00fck hidrolik ekipman \u00fcreticisi olan KYB, ara\u00e7 \u00fcreticileri i\u00e7inde d\u00fcnyan\u0131n en b\u00fcy\u00fck orijinal ekipman (OE) amortis\u00f6r tedarik\u00e7ilerinden biridir. D\u00fcnyadaki en b\u00fcy\u00fck amortis\u00f6r fabrikas\u0131 olan Japon Gifu fabrikas\u0131 ile birlikte KYB fabrikalar\u0131nda, her hafta 1 milyondan fazla KYB amortis\u00f6r\u00fc \u00fcretilmektedir.\" \/>\n<meta name=\"robots\" content=\"index, follow, max-snippet:-1, max-image-preview:large, max-video-preview:-1\" \/>\n<link rel=\"canonical\" href=\"https:\/\/kyb-europe.com\/turkiye\/\" \/>\n<meta property=\"og:locale\" content=\"tr_TR\" \/>\n<meta property=\"og:type\" content=\"article\" \/>\n<meta property=\"og:title\" content=\"KYB T\u00fcrkiye\" \/>\n<meta property=\"og:description\" content=\"Japonya\u2019daki en b\u00fcy\u00fck hidrolik ekipman \u00fcreticisi olan KYB, ara\u00e7 \u00fcreticileri i\u00e7inde d\u00fcnyan\u0131n en b\u00fcy\u00fck orijinal ekipman (OE) amortis\u00f6r tedarik\u00e7ilerinden biridir. D\u00fcnyadaki en b\u00fcy\u00fck amortis\u00f6r fabrikas\u0131 olan Japon Gifu fabrikas\u0131 ile birlikte KYB fabrikalar\u0131nda, her hafta 1 milyondan fazla KYB amortis\u00f6r\u00fc \u00fcretilmektedir.\" \/>\n<meta property=\"og:url\" content=\"https:\/\/kyb-europe.com\/turkiye\/\" \/>\n<meta property=\"og:site_name\" content=\"T\u00fcrk\u00e7e\" \/>\n<meta property=\"article:modified_time\" content=\"2025-04-14T10:46:32+00:00\" \/>\n<meta property=\"og:image\" content=\"https:\/\/kyb-europe.com\/turkiye\/wp-content\/uploads\/sites\/39\/2020\/10\/kyb-homepage-image.jpg\" \/>\n\t<meta property=\"og:image:width\" content=\"1446\" \/>\n\t<meta property=\"og:image:height\" content=\"387\" \/>\n\t<meta property=\"og:image:type\" content=\"image\/jpeg\" \/>\n<meta name=\"twitter:card\" content=\"summary_large_image\" \/>\n<meta name=\"twitter:label1\" content=\"Tahmini okuma s\u00fcresi\" \/>\n\t<meta name=\"twitter:data1\" content=\"1 dakika\" \/>\n<script type=\"application\/ld+json\" class=\"yoast-schema-graph\">{\"@context\":\"https:\\\/\\\/schema.org\",\"@graph\":[{\"@type\":\"WebPage\",\"@id\":\"https:\\\/\\\/kyb-europe.com\\\/turkiye\\\/\",\"url\":\"https:\\\/\\\/kyb-europe.com\\\/turkiye\\\/\",\"name\":\"KYB T\u00fcrkiye\",\"isPartOf\":{\"@id\":\"https:\\\/\\\/kyb-europe.com\\\/turkiye\\\/#website\"},\"primaryImageOfPage\":{\"@id\":\"https:\\\/\\\/kyb-europe.com\\\/turkiye\\\/#primaryimage\"},\"image\":{\"@id\":\"https:\\\/\\\/kyb-europe.com\\\/turkiye\\\/#primaryimage\"},\"thumbnailUrl\":\"https:\\\/\\\/kyb-europe.com\\\/turkiye\\\/wp-content\\\/uploads\\\/sites\\\/39\\\/2020\\\/10\\\/kyb-homepage-image.jpg\",\"datePublished\":\"2016-11-02T10:56:49+00:00\",\"dateModified\":\"2025-04-14T10:46:32+00:00\",\"description\":\"Japonya\u2019daki en b\u00fcy\u00fck hidrolik ekipman \u00fcreticisi olan KYB, ara\u00e7 \u00fcreticileri i\u00e7inde d\u00fcnyan\u0131n en b\u00fcy\u00fck orijinal ekipman (OE) amortis\u00f6r tedarik\u00e7ilerinden biridir. D\u00fcnyadaki en b\u00fcy\u00fck amortis\u00f6r fabrikas\u0131 olan Japon Gifu fabrikas\u0131 ile birlikte KYB fabrikalar\u0131nda, her hafta 1 milyondan fazla KYB amortis\u00f6r\u00fc \u00fcretilmektedir.\",\"inLanguage\":\"tr\",\"potentialAction\":[{\"@type\":\"ReadAction\",\"target\":[\"https:\\\/\\\/kyb-europe.com\\\/turkiye\\\/\"]}]},{\"@type\":\"ImageObject\",\"inLanguage\":\"tr\",\"@id\":\"https:\\\/\\\/kyb-europe.com\\\/turkiye\\\/#primaryimage\",\"url\":\"https:\\\/\\\/kyb-europe.com\\\/turkiye\\\/wp-content\\\/uploads\\\/sites\\\/39\\\/2020\\\/10\\\/kyb-homepage-image.jpg\",\"contentUrl\":\"https:\\\/\\\/kyb-europe.com\\\/turkiye\\\/wp-content\\\/uploads\\\/sites\\\/39\\\/2020\\\/10\\\/kyb-homepage-image.jpg\",\"width\":1446,\"height\":387},{\"@type\":\"WebSite\",\"@id\":\"https:\\\/\\\/kyb-europe.com\\\/turkiye\\\/#website\",\"url\":\"https:\\\/\\\/kyb-europe.com\\\/turkiye\\\/\",\"name\":\"T\u00fcrk\u00e7e\",\"description\":\"Our Precision, Your Advantage\",\"publisher\":{\"@id\":\"https:\\\/\\\/kyb-europe.com\\\/turkiye\\\/#organization\"},\"potentialAction\":[{\"@type\":\"SearchAction\",\"target\":{\"@type\":\"EntryPoint\",\"urlTemplate\":\"https:\\\/\\\/kyb-europe.com\\\/turkiye\\\/?s={search_term_string}\"},\"query-input\":{\"@type\":\"PropertyValueSpecification\",\"valueRequired\":true,\"valueName\":\"search_term_string\"}}],\"inLanguage\":\"tr\"},{\"@type\":\"Organization\",\"@id\":\"https:\\\/\\\/kyb-europe.com\\\/turkiye\\\/#organization\",\"name\":\"T\u00fcrk\u00e7e\",\"url\":\"https:\\\/\\\/kyb-europe.com\\\/turkiye\\\/\",\"logo\":{\"@type\":\"ImageObject\",\"inLanguage\":\"tr\",\"@id\":\"https:\\\/\\\/kyb-europe.com\\\/turkiye\\\/#\\\/schema\\\/logo\\\/image\\\/\",\"url\":\"https:\\\/\\\/kyb-europe.com\\\/turkiye\\\/wp-content\\\/uploads\\\/sites\\\/39\\\/2016\\\/12\\\/kyb_logo.png\",\"contentUrl\":\"https:\\\/\\\/kyb-europe.com\\\/turkiye\\\/wp-content\\\/uploads\\\/sites\\\/39\\\/2016\\\/12\\\/kyb_logo.png\",\"width\":295,\"height\":92,\"caption\":\"T\u00fcrk\u00e7e\"},\"image\":{\"@id\":\"https:\\\/\\\/kyb-europe.com\\\/turkiye\\\/#\\\/schema\\\/logo\\\/image\\\/\"}}]}<\/script>\n<!-- \/ Yoast SEO plugin. -->","yoast_head_json":{"title":"KYB T\u00fcrkiye","description":"Japonya\u2019daki en b\u00fcy\u00fck hidrolik ekipman \u00fcreticisi olan KYB, ara\u00e7 \u00fcreticileri i\u00e7inde d\u00fcnyan\u0131n en b\u00fcy\u00fck orijinal ekipman (OE) amortis\u00f6r tedarik\u00e7ilerinden biridir. D\u00fcnyadaki en b\u00fcy\u00fck amortis\u00f6r fabrikas\u0131 olan Japon Gifu fabrikas\u0131 ile birlikte KYB fabrikalar\u0131nda, her hafta 1 milyondan fazla KYB amortis\u00f6r\u00fc \u00fcretilmektedir.","robots":{"index":"index","follow":"follow","max-snippet":"max-snippet:-1","max-image-preview":"max-image-preview:large","max-video-preview":"max-video-preview:-1"},"canonical":"https:\/\/kyb-europe.com\/turkiye\/","og_locale":"tr_TR","og_type":"article","og_title":"KYB T\u00fcrkiye","og_description":"Japonya\u2019daki en b\u00fcy\u00fck hidrolik ekipman \u00fcreticisi olan KYB, ara\u00e7 \u00fcreticileri i\u00e7inde d\u00fcnyan\u0131n en b\u00fcy\u00fck orijinal ekipman (OE) amortis\u00f6r tedarik\u00e7ilerinden biridir. D\u00fcnyadaki en b\u00fcy\u00fck amortis\u00f6r fabrikas\u0131 olan Japon Gifu fabrikas\u0131 ile birlikte KYB fabrikalar\u0131nda, her hafta 1 milyondan fazla KYB amortis\u00f6r\u00fc \u00fcretilmektedir.","og_url":"https:\/\/kyb-europe.com\/turkiye\/","og_site_name":"T\u00fcrk\u00e7e","article_modified_time":"2025-04-14T10:46:32+00:00","og_image":[{"width":1446,"height":387,"url":"https:\/\/kyb-europe.com\/turkiye\/wp-content\/uploads\/sites\/39\/2020\/10\/kyb-homepage-image.jpg","type":"image\/jpeg"}],"twitter_card":"summary_large_image","twitter_misc":{"Tahmini okuma s\u00fcresi":"1 dakika"},"schema":{"@context":"https:\/\/schema.org","@graph":[{"@type":"WebPage","@id":"https:\/\/kyb-europe.com\/turkiye\/","url":"https:\/\/kyb-europe.com\/turkiye\/","name":"KYB T\u00fcrkiye","isPartOf":{"@id":"https:\/\/kyb-europe.com\/turkiye\/#website"},"primaryImageOfPage":{"@id":"https:\/\/kyb-europe.com\/turkiye\/#primaryimage"},"image":{"@id":"https:\/\/kyb-europe.com\/turkiye\/#primaryimage"},"thumbnailUrl":"https:\/\/kyb-europe.com\/turkiye\/wp-content\/uploads\/sites\/39\/2020\/10\/kyb-homepage-image.jpg","datePublished":"2016-11-02T10:56:49+00:00","dateModified":"2025-04-14T10:46:32+00:00","description":"Japonya\u2019daki en b\u00fcy\u00fck hidrolik ekipman \u00fcreticisi olan KYB, ara\u00e7 \u00fcreticileri i\u00e7inde d\u00fcnyan\u0131n en b\u00fcy\u00fck orijinal ekipman (OE) amortis\u00f6r tedarik\u00e7ilerinden biridir. D\u00fcnyadaki en b\u00fcy\u00fck amortis\u00f6r fabrikas\u0131 olan Japon Gifu fabrikas\u0131 ile birlikte KYB fabrikalar\u0131nda, her hafta 1 milyondan fazla KYB amortis\u00f6r\u00fc \u00fcretilmektedir.","inLanguage":"tr","potentialAction":[{"@type":"ReadAction","target":["https:\/\/kyb-europe.com\/turkiye\/"]}]},{"@type":"ImageObject","inLanguage":"tr","@id":"https:\/\/kyb-europe.com\/turkiye\/#primaryimage","url":"https:\/\/kyb-europe.com\/turkiye\/wp-content\/uploads\/sites\/39\/2020\/10\/kyb-homepage-image.jpg","contentUrl":"https:\/\/kyb-europe.com\/turkiye\/wp-content\/uploads\/sites\/39\/2020\/10\/kyb-homepage-image.jpg","width":1446,"height":387},{"@type":"WebSite","@id":"https:\/\/kyb-europe.com\/turkiye\/#website","url":"https:\/\/kyb-europe.com\/turkiye\/","name":"T\u00fcrk\u00e7e","description":"Our Precision, Your Advantage","publisher":{"@id":"https:\/\/kyb-europe.com\/turkiye\/#organization"},"potentialAction":[{"@type":"SearchAction","target":{"@type":"EntryPoint","urlTemplate":"https:\/\/kyb-europe.com\/turkiye\/?s={search_term_string}"},"query-input":{"@type":"PropertyValueSpecification","valueRequired":true,"valueName":"search_term_string"}}],"inLanguage":"tr"},{"@type":"Organization","@id":"https:\/\/kyb-europe.com\/turkiye\/#organization","name":"T\u00fcrk\u00e7e","url":"https:\/\/kyb-europe.com\/turkiye\/","logo":{"@type":"ImageObject","inLanguage":"tr","@id":"https:\/\/kyb-europe.com\/turkiye\/#\/schema\/logo\/image\/","url":"https:\/\/kyb-europe.com\/turkiye\/wp-content\/uploads\/sites\/39\/2016\/12\/kyb_logo.png","contentUrl":"https:\/\/kyb-europe.com\/turkiye\/wp-content\/uploads\/sites\/39\/2016\/12\/kyb_logo.png","width":295,"height":92,"caption":"T\u00fcrk\u00e7e"},"image":{"@id":"https:\/\/kyb-europe.com\/turkiye\/#\/schema\/logo\/image\/"}}]}},"_links":{"self":[{"href":"https:\/\/kyb-europe.com\/turkiye\/wp-json\/wp\/v2\/pages\/2","targetHints":{"allow":["GET"]}}],"collection":[{"href":"https:\/\/kyb-europe.com\/turkiye\/wp-json\/wp\/v2\/pages"}],"about":[{"href":"https:\/\/kyb-europe.com\/turkiye\/wp-json\/wp\/v2\/types\/page"}],"author":[{"embeddable":true,"href":"https:\/\/kyb-europe.com\/turkiye\/wp-json\/wp\/v2\/users\/1"}],"replies":[{"embeddable":true,"href":"https:\/\/kyb-europe.com\/turkiye\/wp-json\/wp\/v2\/comments?post=2"}],"version-history":[{"count":5,"href":"https:\/\/kyb-europe.com\/turkiye\/wp-json\/wp\/v2\/pages\/2\/revisions"}],"predecessor-version":[{"id":226934,"href":"https:\/\/kyb-europe.com\/turkiye\/wp-json\/wp\/v2\/pages\/2\/revisions\/226934"}],"wp:featuredmedia":[{"embeddable":true,"href":"https:\/\/kyb-europe.com\/turkiye\/wp-json\/wp\/v2\/media\/225783"}],"wp:attachment":[{"href":"https:\/\/kyb-europe.com\/turkiye\/wp-json\/wp\/v2\/media?parent=2"}],"curies":[{"name":"wp","href":"https:\/\/api.w.org\/{rel}","templated":true}]}}