
{"id":2,"date":"2016-11-02T10:56:49","date_gmt":"2016-11-02T10:56:49","guid":{"rendered":"http:\/\/kyb.pixeltreemedia.co.uk\/?page_id=2"},"modified":"2025-04-14T12:03:46","modified_gmt":"2025-04-14T11:03:46","slug":"acasa","status":"publish","type":"page","link":"https:\/\/kyb-europe.com\/romania\/","title":{"rendered":"Acas\u0103"},"content":{"rendered":"","protected":false},"excerpt":{"rendered":"","protected":false},"author":1,"featured_media":225783,"parent":0,"menu_order":0,"comment_status":"closed","ping_status":"closed","template":"","meta":{"_acf_changed":false,"footnotes":""},"class_list":["post-2","page","type-page","status-publish","has-post-thumbnail","hentry"],"acf":[],"yoast_head":"<!-- This site is optimized with the Yoast SEO plugin v27.4 - https:\/\/yoast.com\/product\/yoast-seo-wordpress\/ -->\n<title>Acas\u0103 - KYB Rom\u00e2nia<\/title>\n<meta name=\"description\" content=\"KYB este cel mai mare produc\u0103tor din Japonia \u00een domeniul hidraulicii \u015fi unul dintre cei mai mari furnizori de amortizoare din lume ca \u015fi echipare original\u0103 (OE) pentru produc\u0103torii de vehicule. Peste 1 milion de amortizoare sunt fabricate \u00een fiecare s\u0103pt\u0103man\u0103 \u00een fabricile noastre din \u00eentreaga lume, fabrica noastr\u0103 din Gifu Japonia fiind \u015fi cea mai mare fabric\u0103 de amortizoare din lume.\" \/>\n<meta name=\"robots\" content=\"index, follow, max-snippet:-1, max-image-preview:large, max-video-preview:-1\" \/>\n<link rel=\"canonical\" href=\"https:\/\/kyb-europe.com\/romania\/\" \/>\n<meta property=\"og:locale\" content=\"ro_RO\" \/>\n<meta property=\"og:type\" content=\"article\" \/>\n<meta property=\"og:title\" content=\"Acas\u0103 - KYB Rom\u00e2nia\" \/>\n<meta property=\"og:description\" content=\"KYB este cel mai mare produc\u0103tor din Japonia \u00een domeniul hidraulicii \u015fi unul dintre cei mai mari furnizori de amortizoare din lume ca \u015fi echipare original\u0103 (OE) pentru produc\u0103torii de vehicule. Peste 1 milion de amortizoare sunt fabricate \u00een fiecare s\u0103pt\u0103man\u0103 \u00een fabricile noastre din \u00eentreaga lume, fabrica noastr\u0103 din Gifu Japonia fiind \u015fi cea mai mare fabric\u0103 de amortizoare din lume.\" \/>\n<meta property=\"og:url\" content=\"https:\/\/kyb-europe.com\/romania\/\" \/>\n<meta property=\"og:site_name\" content=\"Rom\u00e2n\u0103\" \/>\n<meta property=\"article:modified_time\" content=\"2025-04-14T11:03:46+00:00\" \/>\n<meta property=\"og:image\" content=\"https:\/\/kyb-europe.com\/romania\/wp-content\/uploads\/sites\/47\/2020\/10\/kyb-homepage-image.jpg\" \/>\n\t<meta property=\"og:image:width\" content=\"1446\" \/>\n\t<meta property=\"og:image:height\" content=\"387\" \/>\n\t<meta property=\"og:image:type\" content=\"image\/jpeg\" \/>\n<meta name=\"twitter:card\" content=\"summary_large_image\" \/>\n<meta name=\"twitter:label1\" content=\"Timp estimat pentru citire\" \/>\n\t<meta name=\"twitter:data1\" content=\"1 minut\" \/>\n<script type=\"application\/ld+json\" class=\"yoast-schema-graph\">{\"@context\":\"https:\\\/\\\/schema.org\",\"@graph\":[{\"@type\":\"WebPage\",\"@id\":\"https:\\\/\\\/kyb-europe.com\\\/romania\\\/\",\"url\":\"https:\\\/\\\/kyb-europe.com\\\/romania\\\/\",\"name\":\"Acas\u0103 - KYB Rom\u00e2nia\",\"isPartOf\":{\"@id\":\"https:\\\/\\\/kyb-europe.com\\\/romania\\\/#website\"},\"primaryImageOfPage\":{\"@id\":\"https:\\\/\\\/kyb-europe.com\\\/romania\\\/#primaryimage\"},\"image\":{\"@id\":\"https:\\\/\\\/kyb-europe.com\\\/romania\\\/#primaryimage\"},\"thumbnailUrl\":\"https:\\\/\\\/kyb-europe.com\\\/romania\\\/wp-content\\\/uploads\\\/sites\\\/47\\\/2020\\\/10\\\/kyb-homepage-image.jpg\",\"datePublished\":\"2016-11-02T10:56:49+00:00\",\"dateModified\":\"2025-04-14T11:03:46+00:00\",\"description\":\"KYB este cel mai mare produc\u0103tor din Japonia \u00een domeniul hidraulicii \u015fi unul dintre cei mai mari furnizori de amortizoare din lume ca \u015fi echipare original\u0103 (OE) pentru produc\u0103torii de vehicule. Peste 1 milion de amortizoare sunt fabricate \u00een fiecare s\u0103pt\u0103man\u0103 \u00een fabricile noastre din \u00eentreaga lume, fabrica noastr\u0103 din Gifu Japonia fiind \u015fi cea mai mare fabric\u0103 de amortizoare din lume.\",\"inLanguage\":\"ro-RO\",\"potentialAction\":[{\"@type\":\"ReadAction\",\"target\":[\"https:\\\/\\\/kyb-europe.com\\\/romania\\\/\"]}]},{\"@type\":\"ImageObject\",\"inLanguage\":\"ro-RO\",\"@id\":\"https:\\\/\\\/kyb-europe.com\\\/romania\\\/#primaryimage\",\"url\":\"https:\\\/\\\/kyb-europe.com\\\/romania\\\/wp-content\\\/uploads\\\/sites\\\/47\\\/2020\\\/10\\\/kyb-homepage-image.jpg\",\"contentUrl\":\"https:\\\/\\\/kyb-europe.com\\\/romania\\\/wp-content\\\/uploads\\\/sites\\\/47\\\/2020\\\/10\\\/kyb-homepage-image.jpg\",\"width\":1446,\"height\":387},{\"@type\":\"WebSite\",\"@id\":\"https:\\\/\\\/kyb-europe.com\\\/romania\\\/#website\",\"url\":\"https:\\\/\\\/kyb-europe.com\\\/romania\\\/\",\"name\":\"Rom\u00e2n\u0103\",\"description\":\"Our Precision, Your Advantage\",\"publisher\":{\"@id\":\"https:\\\/\\\/kyb-europe.com\\\/romania\\\/#organization\"},\"potentialAction\":[{\"@type\":\"SearchAction\",\"target\":{\"@type\":\"EntryPoint\",\"urlTemplate\":\"https:\\\/\\\/kyb-europe.com\\\/romania\\\/?s={search_term_string}\"},\"query-input\":{\"@type\":\"PropertyValueSpecification\",\"valueRequired\":true,\"valueName\":\"search_term_string\"}}],\"inLanguage\":\"ro-RO\"},{\"@type\":\"Organization\",\"@id\":\"https:\\\/\\\/kyb-europe.com\\\/romania\\\/#organization\",\"name\":\"Rom\u00e2n\u0103\",\"url\":\"https:\\\/\\\/kyb-europe.com\\\/romania\\\/\",\"logo\":{\"@type\":\"ImageObject\",\"inLanguage\":\"ro-RO\",\"@id\":\"https:\\\/\\\/kyb-europe.com\\\/romania\\\/#\\\/schema\\\/logo\\\/image\\\/\",\"url\":\"https:\\\/\\\/kyb-europe.com\\\/romania\\\/wp-content\\\/uploads\\\/sites\\\/47\\\/2016\\\/12\\\/kyb_logo.png\",\"contentUrl\":\"https:\\\/\\\/kyb-europe.com\\\/romania\\\/wp-content\\\/uploads\\\/sites\\\/47\\\/2016\\\/12\\\/kyb_logo.png\",\"width\":295,\"height\":92,\"caption\":\"Rom\u00e2n\u0103\"},\"image\":{\"@id\":\"https:\\\/\\\/kyb-europe.com\\\/romania\\\/#\\\/schema\\\/logo\\\/image\\\/\"}}]}<\/script>\n<!-- \/ Yoast SEO plugin. -->","yoast_head_json":{"title":"Acas\u0103 - KYB Rom\u00e2nia","description":"KYB este cel mai mare produc\u0103tor din Japonia \u00een domeniul hidraulicii \u015fi unul dintre cei mai mari furnizori de amortizoare din lume ca \u015fi echipare original\u0103 (OE) pentru produc\u0103torii de vehicule. Peste 1 milion de amortizoare sunt fabricate \u00een fiecare s\u0103pt\u0103man\u0103 \u00een fabricile noastre din \u00eentreaga lume, fabrica noastr\u0103 din Gifu Japonia fiind \u015fi cea mai mare fabric\u0103 de amortizoare din lume.","robots":{"index":"index","follow":"follow","max-snippet":"max-snippet:-1","max-image-preview":"max-image-preview:large","max-video-preview":"max-video-preview:-1"},"canonical":"https:\/\/kyb-europe.com\/romania\/","og_locale":"ro_RO","og_type":"article","og_title":"Acas\u0103 - KYB Rom\u00e2nia","og_description":"KYB este cel mai mare produc\u0103tor din Japonia \u00een domeniul hidraulicii \u015fi unul dintre cei mai mari furnizori de amortizoare din lume ca \u015fi echipare original\u0103 (OE) pentru produc\u0103torii de vehicule. Peste 1 milion de amortizoare sunt fabricate \u00een fiecare s\u0103pt\u0103man\u0103 \u00een fabricile noastre din \u00eentreaga lume, fabrica noastr\u0103 din Gifu Japonia fiind \u015fi cea mai mare fabric\u0103 de amortizoare din lume.","og_url":"https:\/\/kyb-europe.com\/romania\/","og_site_name":"Rom\u00e2n\u0103","article_modified_time":"2025-04-14T11:03:46+00:00","og_image":[{"width":1446,"height":387,"url":"https:\/\/kyb-europe.com\/romania\/wp-content\/uploads\/sites\/47\/2020\/10\/kyb-homepage-image.jpg","type":"image\/jpeg"}],"twitter_card":"summary_large_image","twitter_misc":{"Timp estimat pentru citire":"1 minut"},"schema":{"@context":"https:\/\/schema.org","@graph":[{"@type":"WebPage","@id":"https:\/\/kyb-europe.com\/romania\/","url":"https:\/\/kyb-europe.com\/romania\/","name":"Acas\u0103 - KYB Rom\u00e2nia","isPartOf":{"@id":"https:\/\/kyb-europe.com\/romania\/#website"},"primaryImageOfPage":{"@id":"https:\/\/kyb-europe.com\/romania\/#primaryimage"},"image":{"@id":"https:\/\/kyb-europe.com\/romania\/#primaryimage"},"thumbnailUrl":"https:\/\/kyb-europe.com\/romania\/wp-content\/uploads\/sites\/47\/2020\/10\/kyb-homepage-image.jpg","datePublished":"2016-11-02T10:56:49+00:00","dateModified":"2025-04-14T11:03:46+00:00","description":"KYB este cel mai mare produc\u0103tor din Japonia \u00een domeniul hidraulicii \u015fi unul dintre cei mai mari furnizori de amortizoare din lume ca \u015fi echipare original\u0103 (OE) pentru produc\u0103torii de vehicule. Peste 1 milion de amortizoare sunt fabricate \u00een fiecare s\u0103pt\u0103man\u0103 \u00een fabricile noastre din \u00eentreaga lume, fabrica noastr\u0103 din Gifu Japonia fiind \u015fi cea mai mare fabric\u0103 de amortizoare din lume.","inLanguage":"ro-RO","potentialAction":[{"@type":"ReadAction","target":["https:\/\/kyb-europe.com\/romania\/"]}]},{"@type":"ImageObject","inLanguage":"ro-RO","@id":"https:\/\/kyb-europe.com\/romania\/#primaryimage","url":"https:\/\/kyb-europe.com\/romania\/wp-content\/uploads\/sites\/47\/2020\/10\/kyb-homepage-image.jpg","contentUrl":"https:\/\/kyb-europe.com\/romania\/wp-content\/uploads\/sites\/47\/2020\/10\/kyb-homepage-image.jpg","width":1446,"height":387},{"@type":"WebSite","@id":"https:\/\/kyb-europe.com\/romania\/#website","url":"https:\/\/kyb-europe.com\/romania\/","name":"Rom\u00e2n\u0103","description":"Our Precision, Your Advantage","publisher":{"@id":"https:\/\/kyb-europe.com\/romania\/#organization"},"potentialAction":[{"@type":"SearchAction","target":{"@type":"EntryPoint","urlTemplate":"https:\/\/kyb-europe.com\/romania\/?s={search_term_string}"},"query-input":{"@type":"PropertyValueSpecification","valueRequired":true,"valueName":"search_term_string"}}],"inLanguage":"ro-RO"},{"@type":"Organization","@id":"https:\/\/kyb-europe.com\/romania\/#organization","name":"Rom\u00e2n\u0103","url":"https:\/\/kyb-europe.com\/romania\/","logo":{"@type":"ImageObject","inLanguage":"ro-RO","@id":"https:\/\/kyb-europe.com\/romania\/#\/schema\/logo\/image\/","url":"https:\/\/kyb-europe.com\/romania\/wp-content\/uploads\/sites\/47\/2016\/12\/kyb_logo.png","contentUrl":"https:\/\/kyb-europe.com\/romania\/wp-content\/uploads\/sites\/47\/2016\/12\/kyb_logo.png","width":295,"height":92,"caption":"Rom\u00e2n\u0103"},"image":{"@id":"https:\/\/kyb-europe.com\/romania\/#\/schema\/logo\/image\/"}}]}},"_links":{"self":[{"href":"https:\/\/kyb-europe.com\/romania\/wp-json\/wp\/v2\/pages\/2","targetHints":{"allow":["GET"]}}],"collection":[{"href":"https:\/\/kyb-europe.com\/romania\/wp-json\/wp\/v2\/pages"}],"about":[{"href":"https:\/\/kyb-europe.com\/romania\/wp-json\/wp\/v2\/types\/page"}],"author":[{"embeddable":true,"href":"https:\/\/kyb-europe.com\/romania\/wp-json\/wp\/v2\/users\/1"}],"replies":[{"embeddable":true,"href":"https:\/\/kyb-europe.com\/romania\/wp-json\/wp\/v2\/comments?post=2"}],"version-history":[{"count":5,"href":"https:\/\/kyb-europe.com\/romania\/wp-json\/wp\/v2\/pages\/2\/revisions"}],"predecessor-version":[{"id":227248,"href":"https:\/\/kyb-europe.com\/romania\/wp-json\/wp\/v2\/pages\/2\/revisions\/227248"}],"wp:featuredmedia":[{"embeddable":true,"href":"https:\/\/kyb-europe.com\/romania\/wp-json\/wp\/v2\/media\/225783"}],"wp:attachment":[{"href":"https:\/\/kyb-europe.com\/romania\/wp-json\/wp\/v2\/media?parent=2"}],"curies":[{"name":"wp","href":"https:\/\/api.w.org\/{rel}","templated":true}]}}