
{"id":2,"date":"2016-11-02T10:56:49","date_gmt":"2016-11-02T10:56:49","guid":{"rendered":"http:\/\/kyb.pixeltreemedia.co.uk\/?page_id=2"},"modified":"2025-04-14T12:05:19","modified_gmt":"2025-04-14T11:05:19","slug":"home","status":"publish","type":"page","link":"https:\/\/kyb-europe.com\/portugal\/","title":{"rendered":"P\u00e1gina Principal"},"content":{"rendered":"","protected":false},"excerpt":{"rendered":"","protected":false},"author":1,"featured_media":225783,"parent":0,"menu_order":0,"comment_status":"closed","ping_status":"closed","template":"","meta":{"_acf_changed":false,"footnotes":""},"class_list":["post-2","page","type-page","status-publish","has-post-thumbnail","hentry"],"acf":[],"yoast_head":"<!-- This site is optimized with the Yoast SEO plugin v27.4 - https:\/\/yoast.com\/product\/yoast-seo-wordpress\/ -->\n<title>KYB Europa - Portugal<\/title>\n<meta name=\"description\" content=\"A KYB \u00e9 o maior fabricante de componentes hidr\u00e1ulicos no Jap\u00e3o e um dos maiores fornecedores de amortecedores de equipamento original (OE) aos fabricantes de autom\u00f3veis. Mais de 1 milh\u00e3o de amortecedores KYB s\u00e3o fabricados semanalmente nas nossas f\u00e1bricas de todo o mundo, incluindo a nossa f\u00e1brica japonesa de Gifu \u2013 a maior f\u00e1brica de amortecedores do mundo.\" \/>\n<meta name=\"robots\" content=\"index, follow, max-snippet:-1, max-image-preview:large, max-video-preview:-1\" \/>\n<link rel=\"canonical\" href=\"https:\/\/kyb-europe.com\/portugal\/\" \/>\n<meta property=\"og:locale\" content=\"pt_PT\" \/>\n<meta property=\"og:type\" content=\"article\" \/>\n<meta property=\"og:title\" content=\"KYB Europa - Portugal\" \/>\n<meta property=\"og:description\" content=\"A KYB \u00e9 o maior fabricante de componentes hidr\u00e1ulicos no Jap\u00e3o e um dos maiores fornecedores de amortecedores de equipamento original (OE) aos fabricantes de autom\u00f3veis. Mais de 1 milh\u00e3o de amortecedores KYB s\u00e3o fabricados semanalmente nas nossas f\u00e1bricas de todo o mundo, incluindo a nossa f\u00e1brica japonesa de Gifu \u2013 a maior f\u00e1brica de amortecedores do mundo.\" \/>\n<meta property=\"og:url\" content=\"https:\/\/kyb-europe.com\/portugal\/\" \/>\n<meta property=\"og:site_name\" content=\"Portugu\u00eas\" \/>\n<meta property=\"article:modified_time\" content=\"2025-04-14T11:05:19+00:00\" \/>\n<meta property=\"og:image\" content=\"https:\/\/kyb-europe.com\/portugal\/wp-content\/uploads\/sites\/49\/2020\/10\/kyb-homepage-image.jpg\" \/>\n\t<meta property=\"og:image:width\" content=\"1446\" \/>\n\t<meta property=\"og:image:height\" content=\"387\" \/>\n\t<meta property=\"og:image:type\" content=\"image\/jpeg\" \/>\n<meta name=\"twitter:card\" content=\"summary_large_image\" \/>\n<meta name=\"twitter:label1\" content=\"Tempo estimado de leitura\" \/>\n\t<meta name=\"twitter:data1\" content=\"1 minuto\" \/>\n<script type=\"application\/ld+json\" class=\"yoast-schema-graph\">{\"@context\":\"https:\\\/\\\/schema.org\",\"@graph\":[{\"@type\":\"WebPage\",\"@id\":\"https:\\\/\\\/kyb-europe.com\\\/portugal\\\/\",\"url\":\"https:\\\/\\\/kyb-europe.com\\\/portugal\\\/\",\"name\":\"KYB Europa - Portugal\",\"isPartOf\":{\"@id\":\"https:\\\/\\\/kyb-europe.com\\\/portugal\\\/#website\"},\"primaryImageOfPage\":{\"@id\":\"https:\\\/\\\/kyb-europe.com\\\/portugal\\\/#primaryimage\"},\"image\":{\"@id\":\"https:\\\/\\\/kyb-europe.com\\\/portugal\\\/#primaryimage\"},\"thumbnailUrl\":\"https:\\\/\\\/kyb-europe.com\\\/portugal\\\/wp-content\\\/uploads\\\/sites\\\/49\\\/2020\\\/10\\\/kyb-homepage-image.jpg\",\"datePublished\":\"2016-11-02T10:56:49+00:00\",\"dateModified\":\"2025-04-14T11:05:19+00:00\",\"description\":\"A KYB \u00e9 o maior fabricante de componentes hidr\u00e1ulicos no Jap\u00e3o e um dos maiores fornecedores de amortecedores de equipamento original (OE) aos fabricantes de autom\u00f3veis. Mais de 1 milh\u00e3o de amortecedores KYB s\u00e3o fabricados semanalmente nas nossas f\u00e1bricas de todo o mundo, incluindo a nossa f\u00e1brica japonesa de Gifu \u2013 a maior f\u00e1brica de amortecedores do mundo.\",\"inLanguage\":\"pt-PT\",\"potentialAction\":[{\"@type\":\"ReadAction\",\"target\":[\"https:\\\/\\\/kyb-europe.com\\\/portugal\\\/\"]}]},{\"@type\":\"ImageObject\",\"inLanguage\":\"pt-PT\",\"@id\":\"https:\\\/\\\/kyb-europe.com\\\/portugal\\\/#primaryimage\",\"url\":\"https:\\\/\\\/kyb-europe.com\\\/portugal\\\/wp-content\\\/uploads\\\/sites\\\/49\\\/2020\\\/10\\\/kyb-homepage-image.jpg\",\"contentUrl\":\"https:\\\/\\\/kyb-europe.com\\\/portugal\\\/wp-content\\\/uploads\\\/sites\\\/49\\\/2020\\\/10\\\/kyb-homepage-image.jpg\",\"width\":1446,\"height\":387},{\"@type\":\"WebSite\",\"@id\":\"https:\\\/\\\/kyb-europe.com\\\/portugal\\\/#website\",\"url\":\"https:\\\/\\\/kyb-europe.com\\\/portugal\\\/\",\"name\":\"Portugu\u00eas\",\"description\":\"Our Precision, Your Advantage\",\"publisher\":{\"@id\":\"https:\\\/\\\/kyb-europe.com\\\/portugal\\\/#organization\"},\"potentialAction\":[{\"@type\":\"SearchAction\",\"target\":{\"@type\":\"EntryPoint\",\"urlTemplate\":\"https:\\\/\\\/kyb-europe.com\\\/portugal\\\/?s={search_term_string}\"},\"query-input\":{\"@type\":\"PropertyValueSpecification\",\"valueRequired\":true,\"valueName\":\"search_term_string\"}}],\"inLanguage\":\"pt-PT\"},{\"@type\":\"Organization\",\"@id\":\"https:\\\/\\\/kyb-europe.com\\\/portugal\\\/#organization\",\"name\":\"Portugu\u00eas\",\"url\":\"https:\\\/\\\/kyb-europe.com\\\/portugal\\\/\",\"logo\":{\"@type\":\"ImageObject\",\"inLanguage\":\"pt-PT\",\"@id\":\"https:\\\/\\\/kyb-europe.com\\\/portugal\\\/#\\\/schema\\\/logo\\\/image\\\/\",\"url\":\"https:\\\/\\\/kyb-europe.com\\\/portugal\\\/wp-content\\\/uploads\\\/sites\\\/49\\\/2016\\\/12\\\/kyb_logo.png\",\"contentUrl\":\"https:\\\/\\\/kyb-europe.com\\\/portugal\\\/wp-content\\\/uploads\\\/sites\\\/49\\\/2016\\\/12\\\/kyb_logo.png\",\"width\":295,\"height\":92,\"caption\":\"Portugu\u00eas\"},\"image\":{\"@id\":\"https:\\\/\\\/kyb-europe.com\\\/portugal\\\/#\\\/schema\\\/logo\\\/image\\\/\"}}]}<\/script>\n<!-- \/ Yoast SEO plugin. -->","yoast_head_json":{"title":"KYB Europa - Portugal","description":"A KYB \u00e9 o maior fabricante de componentes hidr\u00e1ulicos no Jap\u00e3o e um dos maiores fornecedores de amortecedores de equipamento original (OE) aos fabricantes de autom\u00f3veis. Mais de 1 milh\u00e3o de amortecedores KYB s\u00e3o fabricados semanalmente nas nossas f\u00e1bricas de todo o mundo, incluindo a nossa f\u00e1brica japonesa de Gifu \u2013 a maior f\u00e1brica de amortecedores do mundo.","robots":{"index":"index","follow":"follow","max-snippet":"max-snippet:-1","max-image-preview":"max-image-preview:large","max-video-preview":"max-video-preview:-1"},"canonical":"https:\/\/kyb-europe.com\/portugal\/","og_locale":"pt_PT","og_type":"article","og_title":"KYB Europa - Portugal","og_description":"A KYB \u00e9 o maior fabricante de componentes hidr\u00e1ulicos no Jap\u00e3o e um dos maiores fornecedores de amortecedores de equipamento original (OE) aos fabricantes de autom\u00f3veis. Mais de 1 milh\u00e3o de amortecedores KYB s\u00e3o fabricados semanalmente nas nossas f\u00e1bricas de todo o mundo, incluindo a nossa f\u00e1brica japonesa de Gifu \u2013 a maior f\u00e1brica de amortecedores do mundo.","og_url":"https:\/\/kyb-europe.com\/portugal\/","og_site_name":"Portugu\u00eas","article_modified_time":"2025-04-14T11:05:19+00:00","og_image":[{"width":1446,"height":387,"url":"https:\/\/kyb-europe.com\/portugal\/wp-content\/uploads\/sites\/49\/2020\/10\/kyb-homepage-image.jpg","type":"image\/jpeg"}],"twitter_card":"summary_large_image","twitter_misc":{"Tempo estimado de leitura":"1 minuto"},"schema":{"@context":"https:\/\/schema.org","@graph":[{"@type":"WebPage","@id":"https:\/\/kyb-europe.com\/portugal\/","url":"https:\/\/kyb-europe.com\/portugal\/","name":"KYB Europa - Portugal","isPartOf":{"@id":"https:\/\/kyb-europe.com\/portugal\/#website"},"primaryImageOfPage":{"@id":"https:\/\/kyb-europe.com\/portugal\/#primaryimage"},"image":{"@id":"https:\/\/kyb-europe.com\/portugal\/#primaryimage"},"thumbnailUrl":"https:\/\/kyb-europe.com\/portugal\/wp-content\/uploads\/sites\/49\/2020\/10\/kyb-homepage-image.jpg","datePublished":"2016-11-02T10:56:49+00:00","dateModified":"2025-04-14T11:05:19+00:00","description":"A KYB \u00e9 o maior fabricante de componentes hidr\u00e1ulicos no Jap\u00e3o e um dos maiores fornecedores de amortecedores de equipamento original (OE) aos fabricantes de autom\u00f3veis. Mais de 1 milh\u00e3o de amortecedores KYB s\u00e3o fabricados semanalmente nas nossas f\u00e1bricas de todo o mundo, incluindo a nossa f\u00e1brica japonesa de Gifu \u2013 a maior f\u00e1brica de amortecedores do mundo.","inLanguage":"pt-PT","potentialAction":[{"@type":"ReadAction","target":["https:\/\/kyb-europe.com\/portugal\/"]}]},{"@type":"ImageObject","inLanguage":"pt-PT","@id":"https:\/\/kyb-europe.com\/portugal\/#primaryimage","url":"https:\/\/kyb-europe.com\/portugal\/wp-content\/uploads\/sites\/49\/2020\/10\/kyb-homepage-image.jpg","contentUrl":"https:\/\/kyb-europe.com\/portugal\/wp-content\/uploads\/sites\/49\/2020\/10\/kyb-homepage-image.jpg","width":1446,"height":387},{"@type":"WebSite","@id":"https:\/\/kyb-europe.com\/portugal\/#website","url":"https:\/\/kyb-europe.com\/portugal\/","name":"Portugu\u00eas","description":"Our Precision, Your Advantage","publisher":{"@id":"https:\/\/kyb-europe.com\/portugal\/#organization"},"potentialAction":[{"@type":"SearchAction","target":{"@type":"EntryPoint","urlTemplate":"https:\/\/kyb-europe.com\/portugal\/?s={search_term_string}"},"query-input":{"@type":"PropertyValueSpecification","valueRequired":true,"valueName":"search_term_string"}}],"inLanguage":"pt-PT"},{"@type":"Organization","@id":"https:\/\/kyb-europe.com\/portugal\/#organization","name":"Portugu\u00eas","url":"https:\/\/kyb-europe.com\/portugal\/","logo":{"@type":"ImageObject","inLanguage":"pt-PT","@id":"https:\/\/kyb-europe.com\/portugal\/#\/schema\/logo\/image\/","url":"https:\/\/kyb-europe.com\/portugal\/wp-content\/uploads\/sites\/49\/2016\/12\/kyb_logo.png","contentUrl":"https:\/\/kyb-europe.com\/portugal\/wp-content\/uploads\/sites\/49\/2016\/12\/kyb_logo.png","width":295,"height":92,"caption":"Portugu\u00eas"},"image":{"@id":"https:\/\/kyb-europe.com\/portugal\/#\/schema\/logo\/image\/"}}]}},"_links":{"self":[{"href":"https:\/\/kyb-europe.com\/portugal\/wp-json\/wp\/v2\/pages\/2","targetHints":{"allow":["GET"]}}],"collection":[{"href":"https:\/\/kyb-europe.com\/portugal\/wp-json\/wp\/v2\/pages"}],"about":[{"href":"https:\/\/kyb-europe.com\/portugal\/wp-json\/wp\/v2\/types\/page"}],"author":[{"embeddable":true,"href":"https:\/\/kyb-europe.com\/portugal\/wp-json\/wp\/v2\/users\/1"}],"replies":[{"embeddable":true,"href":"https:\/\/kyb-europe.com\/portugal\/wp-json\/wp\/v2\/comments?post=2"}],"version-history":[{"count":5,"href":"https:\/\/kyb-europe.com\/portugal\/wp-json\/wp\/v2\/pages\/2\/revisions"}],"predecessor-version":[{"id":231282,"href":"https:\/\/kyb-europe.com\/portugal\/wp-json\/wp\/v2\/pages\/2\/revisions\/231282"}],"wp:featuredmedia":[{"embeddable":true,"href":"https:\/\/kyb-europe.com\/portugal\/wp-json\/wp\/v2\/media\/225783"}],"wp:attachment":[{"href":"https:\/\/kyb-europe.com\/portugal\/wp-json\/wp\/v2\/media?parent=2"}],"curies":[{"name":"wp","href":"https:\/\/api.w.org\/{rel}","templated":true}]}}