
{"id":2,"date":"2016-11-02T10:56:49","date_gmt":"2016-11-02T10:56:49","guid":{"rendered":"http:\/\/kyb.pixeltreemedia.co.uk\/?page_id=2"},"modified":"2025-04-14T11:40:33","modified_gmt":"2025-04-14T10:40:33","slug":"home","status":"publish","type":"page","link":"https:\/\/kyb-europe.com\/polska\/","title":{"rendered":"Strona g\u0142\u00f3wna"},"content":{"rendered":"","protected":false},"excerpt":{"rendered":"","protected":false},"author":1,"featured_media":225783,"parent":0,"menu_order":0,"comment_status":"closed","ping_status":"closed","template":"","meta":{"_acf_changed":false,"footnotes":""},"class_list":["post-2","page","type-page","status-publish","has-post-thumbnail","hentry"],"acf":[],"yoast_head":"<!-- This site is optimized with the Yoast SEO plugin v27.4 - https:\/\/yoast.com\/product\/yoast-seo-wordpress\/ -->\n<title>Strona g\u0142\u00f3wna - KYB Polska<\/title>\n<meta name=\"description\" content=\"KYB jest najwi\u0119kszym w Japonii producentem hydrauliki si\u0142owej oraz jednym z wiod\u0105cych na \u015bwiecie dostawc\u00f3w amortyzator\u00f3w dla przemys\u0142u motoryzacyjnego na pierwszy monta\u017c (OE). Ka\u017cdego tygodnia na ca\u0142ym \u015bwiecie powstaje ponad milion amortyzator\u00f3w KYB. KYB posiada najwi\u0119ksz\u0105 na \u015bwiecie fabryk\u0119 produkuj\u0105c\u0105 amortyzatory zlokalizowan\u0105 w Gifu (Japonia).\" \/>\n<meta name=\"robots\" content=\"index, follow, max-snippet:-1, max-image-preview:large, max-video-preview:-1\" \/>\n<link rel=\"canonical\" href=\"https:\/\/kyb-europe.com\/polska\/\" \/>\n<meta property=\"og:locale\" content=\"pl_PL\" \/>\n<meta property=\"og:type\" content=\"article\" \/>\n<meta property=\"og:title\" content=\"Strona g\u0142\u00f3wna - KYB Polska\" \/>\n<meta property=\"og:description\" content=\"KYB jest najwi\u0119kszym w Japonii producentem hydrauliki si\u0142owej oraz jednym z wiod\u0105cych na \u015bwiecie dostawc\u00f3w amortyzator\u00f3w dla przemys\u0142u motoryzacyjnego na pierwszy monta\u017c (OE). Ka\u017cdego tygodnia na ca\u0142ym \u015bwiecie powstaje ponad milion amortyzator\u00f3w KYB. KYB posiada najwi\u0119ksz\u0105 na \u015bwiecie fabryk\u0119 produkuj\u0105c\u0105 amortyzatory zlokalizowan\u0105 w Gifu (Japonia).\" \/>\n<meta property=\"og:url\" content=\"https:\/\/kyb-europe.com\/polska\/\" \/>\n<meta property=\"og:site_name\" content=\"Polski\" \/>\n<meta property=\"article:modified_time\" content=\"2025-04-14T10:40:33+00:00\" \/>\n<meta property=\"og:image\" content=\"https:\/\/kyb-europe.com\/polska\/wp-content\/uploads\/sites\/35\/2020\/10\/kyb-homepage-image.jpg\" \/>\n\t<meta property=\"og:image:width\" content=\"1446\" \/>\n\t<meta property=\"og:image:height\" content=\"387\" \/>\n\t<meta property=\"og:image:type\" content=\"image\/jpeg\" \/>\n<meta name=\"twitter:card\" content=\"summary_large_image\" \/>\n<meta name=\"twitter:label1\" content=\"Szacowany czas czytania\" \/>\n\t<meta name=\"twitter:data1\" content=\"1 minuta\" \/>\n<script type=\"application\/ld+json\" class=\"yoast-schema-graph\">{\"@context\":\"https:\\\/\\\/schema.org\",\"@graph\":[{\"@type\":\"WebPage\",\"@id\":\"https:\\\/\\\/kyb-europe.com\\\/polska\\\/\",\"url\":\"https:\\\/\\\/kyb-europe.com\\\/polska\\\/\",\"name\":\"Strona g\u0142\u00f3wna - KYB Polska\",\"isPartOf\":{\"@id\":\"https:\\\/\\\/kyb-europe.com\\\/polska\\\/#website\"},\"primaryImageOfPage\":{\"@id\":\"https:\\\/\\\/kyb-europe.com\\\/polska\\\/#primaryimage\"},\"image\":{\"@id\":\"https:\\\/\\\/kyb-europe.com\\\/polska\\\/#primaryimage\"},\"thumbnailUrl\":\"https:\\\/\\\/kyb-europe.com\\\/polska\\\/wp-content\\\/uploads\\\/sites\\\/35\\\/2020\\\/10\\\/kyb-homepage-image.jpg\",\"datePublished\":\"2016-11-02T10:56:49+00:00\",\"dateModified\":\"2025-04-14T10:40:33+00:00\",\"description\":\"KYB jest najwi\u0119kszym w Japonii producentem hydrauliki si\u0142owej oraz jednym z wiod\u0105cych na \u015bwiecie dostawc\u00f3w amortyzator\u00f3w dla przemys\u0142u motoryzacyjnego na pierwszy monta\u017c (OE). Ka\u017cdego tygodnia na ca\u0142ym \u015bwiecie powstaje ponad milion amortyzator\u00f3w KYB. KYB posiada najwi\u0119ksz\u0105 na \u015bwiecie fabryk\u0119 produkuj\u0105c\u0105 amortyzatory zlokalizowan\u0105 w Gifu (Japonia).\",\"inLanguage\":\"pl-PL\",\"potentialAction\":[{\"@type\":\"ReadAction\",\"target\":[\"https:\\\/\\\/kyb-europe.com\\\/polska\\\/\"]}]},{\"@type\":\"ImageObject\",\"inLanguage\":\"pl-PL\",\"@id\":\"https:\\\/\\\/kyb-europe.com\\\/polska\\\/#primaryimage\",\"url\":\"https:\\\/\\\/kyb-europe.com\\\/polska\\\/wp-content\\\/uploads\\\/sites\\\/35\\\/2020\\\/10\\\/kyb-homepage-image.jpg\",\"contentUrl\":\"https:\\\/\\\/kyb-europe.com\\\/polska\\\/wp-content\\\/uploads\\\/sites\\\/35\\\/2020\\\/10\\\/kyb-homepage-image.jpg\",\"width\":1446,\"height\":387},{\"@type\":\"WebSite\",\"@id\":\"https:\\\/\\\/kyb-europe.com\\\/polska\\\/#website\",\"url\":\"https:\\\/\\\/kyb-europe.com\\\/polska\\\/\",\"name\":\"Polski\",\"description\":\"Our Precision, Your Advantage\",\"publisher\":{\"@id\":\"https:\\\/\\\/kyb-europe.com\\\/polska\\\/#organization\"},\"potentialAction\":[{\"@type\":\"SearchAction\",\"target\":{\"@type\":\"EntryPoint\",\"urlTemplate\":\"https:\\\/\\\/kyb-europe.com\\\/polska\\\/?s={search_term_string}\"},\"query-input\":{\"@type\":\"PropertyValueSpecification\",\"valueRequired\":true,\"valueName\":\"search_term_string\"}}],\"inLanguage\":\"pl-PL\"},{\"@type\":\"Organization\",\"@id\":\"https:\\\/\\\/kyb-europe.com\\\/polska\\\/#organization\",\"name\":\"Polski\",\"url\":\"https:\\\/\\\/kyb-europe.com\\\/polska\\\/\",\"logo\":{\"@type\":\"ImageObject\",\"inLanguage\":\"pl-PL\",\"@id\":\"https:\\\/\\\/kyb-europe.com\\\/polska\\\/#\\\/schema\\\/logo\\\/image\\\/\",\"url\":\"https:\\\/\\\/kyb-europe.com\\\/polska\\\/wp-content\\\/uploads\\\/sites\\\/35\\\/2016\\\/12\\\/kyb_logo.png\",\"contentUrl\":\"https:\\\/\\\/kyb-europe.com\\\/polska\\\/wp-content\\\/uploads\\\/sites\\\/35\\\/2016\\\/12\\\/kyb_logo.png\",\"width\":295,\"height\":92,\"caption\":\"Polski\"},\"image\":{\"@id\":\"https:\\\/\\\/kyb-europe.com\\\/polska\\\/#\\\/schema\\\/logo\\\/image\\\/\"}}]}<\/script>\n<!-- \/ Yoast SEO plugin. -->","yoast_head_json":{"title":"Strona g\u0142\u00f3wna - KYB Polska","description":"KYB jest najwi\u0119kszym w Japonii producentem hydrauliki si\u0142owej oraz jednym z wiod\u0105cych na \u015bwiecie dostawc\u00f3w amortyzator\u00f3w dla przemys\u0142u motoryzacyjnego na pierwszy monta\u017c (OE). Ka\u017cdego tygodnia na ca\u0142ym \u015bwiecie powstaje ponad milion amortyzator\u00f3w KYB. KYB posiada najwi\u0119ksz\u0105 na \u015bwiecie fabryk\u0119 produkuj\u0105c\u0105 amortyzatory zlokalizowan\u0105 w Gifu (Japonia).","robots":{"index":"index","follow":"follow","max-snippet":"max-snippet:-1","max-image-preview":"max-image-preview:large","max-video-preview":"max-video-preview:-1"},"canonical":"https:\/\/kyb-europe.com\/polska\/","og_locale":"pl_PL","og_type":"article","og_title":"Strona g\u0142\u00f3wna - KYB Polska","og_description":"KYB jest najwi\u0119kszym w Japonii producentem hydrauliki si\u0142owej oraz jednym z wiod\u0105cych na \u015bwiecie dostawc\u00f3w amortyzator\u00f3w dla przemys\u0142u motoryzacyjnego na pierwszy monta\u017c (OE). Ka\u017cdego tygodnia na ca\u0142ym \u015bwiecie powstaje ponad milion amortyzator\u00f3w KYB. KYB posiada najwi\u0119ksz\u0105 na \u015bwiecie fabryk\u0119 produkuj\u0105c\u0105 amortyzatory zlokalizowan\u0105 w Gifu (Japonia).","og_url":"https:\/\/kyb-europe.com\/polska\/","og_site_name":"Polski","article_modified_time":"2025-04-14T10:40:33+00:00","og_image":[{"width":1446,"height":387,"url":"https:\/\/kyb-europe.com\/polska\/wp-content\/uploads\/sites\/35\/2020\/10\/kyb-homepage-image.jpg","type":"image\/jpeg"}],"twitter_card":"summary_large_image","twitter_misc":{"Szacowany czas czytania":"1 minuta"},"schema":{"@context":"https:\/\/schema.org","@graph":[{"@type":"WebPage","@id":"https:\/\/kyb-europe.com\/polska\/","url":"https:\/\/kyb-europe.com\/polska\/","name":"Strona g\u0142\u00f3wna - KYB Polska","isPartOf":{"@id":"https:\/\/kyb-europe.com\/polska\/#website"},"primaryImageOfPage":{"@id":"https:\/\/kyb-europe.com\/polska\/#primaryimage"},"image":{"@id":"https:\/\/kyb-europe.com\/polska\/#primaryimage"},"thumbnailUrl":"https:\/\/kyb-europe.com\/polska\/wp-content\/uploads\/sites\/35\/2020\/10\/kyb-homepage-image.jpg","datePublished":"2016-11-02T10:56:49+00:00","dateModified":"2025-04-14T10:40:33+00:00","description":"KYB jest najwi\u0119kszym w Japonii producentem hydrauliki si\u0142owej oraz jednym z wiod\u0105cych na \u015bwiecie dostawc\u00f3w amortyzator\u00f3w dla przemys\u0142u motoryzacyjnego na pierwszy monta\u017c (OE). Ka\u017cdego tygodnia na ca\u0142ym \u015bwiecie powstaje ponad milion amortyzator\u00f3w KYB. KYB posiada najwi\u0119ksz\u0105 na \u015bwiecie fabryk\u0119 produkuj\u0105c\u0105 amortyzatory zlokalizowan\u0105 w Gifu (Japonia).","inLanguage":"pl-PL","potentialAction":[{"@type":"ReadAction","target":["https:\/\/kyb-europe.com\/polska\/"]}]},{"@type":"ImageObject","inLanguage":"pl-PL","@id":"https:\/\/kyb-europe.com\/polska\/#primaryimage","url":"https:\/\/kyb-europe.com\/polska\/wp-content\/uploads\/sites\/35\/2020\/10\/kyb-homepage-image.jpg","contentUrl":"https:\/\/kyb-europe.com\/polska\/wp-content\/uploads\/sites\/35\/2020\/10\/kyb-homepage-image.jpg","width":1446,"height":387},{"@type":"WebSite","@id":"https:\/\/kyb-europe.com\/polska\/#website","url":"https:\/\/kyb-europe.com\/polska\/","name":"Polski","description":"Our Precision, Your Advantage","publisher":{"@id":"https:\/\/kyb-europe.com\/polska\/#organization"},"potentialAction":[{"@type":"SearchAction","target":{"@type":"EntryPoint","urlTemplate":"https:\/\/kyb-europe.com\/polska\/?s={search_term_string}"},"query-input":{"@type":"PropertyValueSpecification","valueRequired":true,"valueName":"search_term_string"}}],"inLanguage":"pl-PL"},{"@type":"Organization","@id":"https:\/\/kyb-europe.com\/polska\/#organization","name":"Polski","url":"https:\/\/kyb-europe.com\/polska\/","logo":{"@type":"ImageObject","inLanguage":"pl-PL","@id":"https:\/\/kyb-europe.com\/polska\/#\/schema\/logo\/image\/","url":"https:\/\/kyb-europe.com\/polska\/wp-content\/uploads\/sites\/35\/2016\/12\/kyb_logo.png","contentUrl":"https:\/\/kyb-europe.com\/polska\/wp-content\/uploads\/sites\/35\/2016\/12\/kyb_logo.png","width":295,"height":92,"caption":"Polski"},"image":{"@id":"https:\/\/kyb-europe.com\/polska\/#\/schema\/logo\/image\/"}}]}},"_links":{"self":[{"href":"https:\/\/kyb-europe.com\/polska\/wp-json\/wp\/v2\/pages\/2","targetHints":{"allow":["GET"]}}],"collection":[{"href":"https:\/\/kyb-europe.com\/polska\/wp-json\/wp\/v2\/pages"}],"about":[{"href":"https:\/\/kyb-europe.com\/polska\/wp-json\/wp\/v2\/types\/page"}],"author":[{"embeddable":true,"href":"https:\/\/kyb-europe.com\/polska\/wp-json\/wp\/v2\/users\/1"}],"replies":[{"embeddable":true,"href":"https:\/\/kyb-europe.com\/polska\/wp-json\/wp\/v2\/comments?post=2"}],"version-history":[{"count":5,"href":"https:\/\/kyb-europe.com\/polska\/wp-json\/wp\/v2\/pages\/2\/revisions"}],"predecessor-version":[{"id":227800,"href":"https:\/\/kyb-europe.com\/polska\/wp-json\/wp\/v2\/pages\/2\/revisions\/227800"}],"wp:featuredmedia":[{"embeddable":true,"href":"https:\/\/kyb-europe.com\/polska\/wp-json\/wp\/v2\/media\/225783"}],"wp:attachment":[{"href":"https:\/\/kyb-europe.com\/polska\/wp-json\/wp\/v2\/media?parent=2"}],"curies":[{"name":"wp","href":"https:\/\/api.w.org\/{rel}","templated":true}]}}