
{"id":588,"date":"2016-12-08T17:32:33","date_gmt":"2016-12-08T17:32:33","guid":{"rendered":"http:\/\/kyb.pixeltreemedia.co.uk\/?page_id=588"},"modified":"2021-04-05T11:52:37","modified_gmt":"2021-04-05T10:52:37","slug":"agx","status":"publish","type":"page","link":"https:\/\/kyb-europe.com\/magyarorszag\/termek\/lengescsillapitok\/agx\/","title":{"rendered":"AGX"},"content":{"rendered":"","protected":false},"excerpt":{"rendered":"","protected":false},"author":1,"featured_media":991,"parent":231,"menu_order":0,"comment_status":"closed","ping_status":"closed","template":"","meta":{"_acf_changed":false,"footnotes":""},"class_list":["post-588","page","type-page","status-publish","has-post-thumbnail","hentry"],"acf":[],"yoast_head":"<!-- This site is optimized with the Yoast SEO plugin v27.4 - https:\/\/yoast.com\/product\/yoast-seo-wordpress\/ -->\n<title>AGX - KYB Eur\u00f3pa<\/title>\n<meta name=\"robots\" content=\"index, follow, max-snippet:-1, max-image-preview:large, max-video-preview:-1\" \/>\n<link rel=\"canonical\" href=\"https:\/\/kyb-europe.com\/magyarorszag\/termek\/lengescsillapitok\/agx\/\" \/>\n<meta property=\"og:locale\" content=\"hu_HU\" \/>\n<meta property=\"og:type\" content=\"article\" \/>\n<meta property=\"og:title\" content=\"AGX - KYB Eur\u00f3pa\" \/>\n<meta property=\"og:url\" content=\"https:\/\/kyb-europe.com\/magyarorszag\/termek\/lengescsillapitok\/agx\/\" \/>\n<meta property=\"og:site_name\" content=\"Magyar\" \/>\n<meta property=\"article:modified_time\" content=\"2021-04-05T10:52:37+00:00\" \/>\n<meta property=\"og:image\" content=\"https:\/\/kyb-europe.com\/magyarorszag\/wp-content\/uploads\/sites\/43\/2016\/12\/product_header.jpg\" \/>\n\t<meta property=\"og:image:width\" content=\"1400\" \/>\n\t<meta property=\"og:image:height\" content=\"733\" \/>\n\t<meta property=\"og:image:type\" content=\"image\/jpeg\" \/>\n<meta name=\"twitter:card\" content=\"summary_large_image\" \/>\n<script type=\"application\/ld+json\" class=\"yoast-schema-graph\">{\"@context\":\"https:\\\/\\\/schema.org\",\"@graph\":[{\"@type\":\"WebPage\",\"@id\":\"https:\\\/\\\/kyb-europe.com\\\/magyarorszag\\\/termek\\\/lengescsillapitok\\\/agx\\\/\",\"url\":\"https:\\\/\\\/kyb-europe.com\\\/magyarorszag\\\/termek\\\/lengescsillapitok\\\/agx\\\/\",\"name\":\"AGX - KYB Eur\u00f3pa\",\"isPartOf\":{\"@id\":\"https:\\\/\\\/kyb-europe.com\\\/magyarorszag\\\/#website\"},\"primaryImageOfPage\":{\"@id\":\"https:\\\/\\\/kyb-europe.com\\\/magyarorszag\\\/termek\\\/lengescsillapitok\\\/agx\\\/#primaryimage\"},\"image\":{\"@id\":\"https:\\\/\\\/kyb-europe.com\\\/magyarorszag\\\/termek\\\/lengescsillapitok\\\/agx\\\/#primaryimage\"},\"thumbnailUrl\":\"https:\\\/\\\/kyb-europe.com\\\/magyarorszag\\\/wp-content\\\/uploads\\\/sites\\\/43\\\/2016\\\/12\\\/product_header.jpg\",\"datePublished\":\"2016-12-08T17:32:33+00:00\",\"dateModified\":\"2021-04-05T10:52:37+00:00\",\"breadcrumb\":{\"@id\":\"https:\\\/\\\/kyb-europe.com\\\/magyarorszag\\\/termek\\\/lengescsillapitok\\\/agx\\\/#breadcrumb\"},\"inLanguage\":\"hu\",\"potentialAction\":[{\"@type\":\"ReadAction\",\"target\":[\"https:\\\/\\\/kyb-europe.com\\\/magyarorszag\\\/termek\\\/lengescsillapitok\\\/agx\\\/\"]}]},{\"@type\":\"ImageObject\",\"inLanguage\":\"hu\",\"@id\":\"https:\\\/\\\/kyb-europe.com\\\/magyarorszag\\\/termek\\\/lengescsillapitok\\\/agx\\\/#primaryimage\",\"url\":\"https:\\\/\\\/kyb-europe.com\\\/magyarorszag\\\/wp-content\\\/uploads\\\/sites\\\/43\\\/2016\\\/12\\\/product_header.jpg\",\"contentUrl\":\"https:\\\/\\\/kyb-europe.com\\\/magyarorszag\\\/wp-content\\\/uploads\\\/sites\\\/43\\\/2016\\\/12\\\/product_header.jpg\",\"width\":1400,\"height\":733},{\"@type\":\"BreadcrumbList\",\"@id\":\"https:\\\/\\\/kyb-europe.com\\\/magyarorszag\\\/termek\\\/lengescsillapitok\\\/agx\\\/#breadcrumb\",\"itemListElement\":[{\"@type\":\"ListItem\",\"position\":1,\"name\":\"Term\u00e9keink\",\"item\":\"https:\\\/\\\/kyb-europe.com\\\/magyarorszag\\\/termek\\\/\"},{\"@type\":\"ListItem\",\"position\":2,\"name\":\"Leng\u00e9scsillap\u00edt\u00f3k\",\"item\":\"https:\\\/\\\/kyb-europe.com\\\/magyarorszag\\\/termek\\\/lengescsillapitok\\\/\"},{\"@type\":\"ListItem\",\"position\":3,\"name\":\"AGX\"}]},{\"@type\":\"WebSite\",\"@id\":\"https:\\\/\\\/kyb-europe.com\\\/magyarorszag\\\/#website\",\"url\":\"https:\\\/\\\/kyb-europe.com\\\/magyarorszag\\\/\",\"name\":\"Magyar\",\"description\":\"Our Precision, Your Advantage\",\"publisher\":{\"@id\":\"https:\\\/\\\/kyb-europe.com\\\/magyarorszag\\\/#organization\"},\"potentialAction\":[{\"@type\":\"SearchAction\",\"target\":{\"@type\":\"EntryPoint\",\"urlTemplate\":\"https:\\\/\\\/kyb-europe.com\\\/magyarorszag\\\/?s={search_term_string}\"},\"query-input\":{\"@type\":\"PropertyValueSpecification\",\"valueRequired\":true,\"valueName\":\"search_term_string\"}}],\"inLanguage\":\"hu\"},{\"@type\":\"Organization\",\"@id\":\"https:\\\/\\\/kyb-europe.com\\\/magyarorszag\\\/#organization\",\"name\":\"Magyar\",\"url\":\"https:\\\/\\\/kyb-europe.com\\\/magyarorszag\\\/\",\"logo\":{\"@type\":\"ImageObject\",\"inLanguage\":\"hu\",\"@id\":\"https:\\\/\\\/kyb-europe.com\\\/magyarorszag\\\/#\\\/schema\\\/logo\\\/image\\\/\",\"url\":\"https:\\\/\\\/kyb-europe.com\\\/magyarorszag\\\/wp-content\\\/uploads\\\/sites\\\/43\\\/2016\\\/12\\\/kyb_logo.png\",\"contentUrl\":\"https:\\\/\\\/kyb-europe.com\\\/magyarorszag\\\/wp-content\\\/uploads\\\/sites\\\/43\\\/2016\\\/12\\\/kyb_logo.png\",\"width\":295,\"height\":92,\"caption\":\"Magyar\"},\"image\":{\"@id\":\"https:\\\/\\\/kyb-europe.com\\\/magyarorszag\\\/#\\\/schema\\\/logo\\\/image\\\/\"}}]}<\/script>\n<!-- \/ Yoast SEO plugin. -->","yoast_head_json":{"title":"AGX - KYB Eur\u00f3pa","robots":{"index":"index","follow":"follow","max-snippet":"max-snippet:-1","max-image-preview":"max-image-preview:large","max-video-preview":"max-video-preview:-1"},"canonical":"https:\/\/kyb-europe.com\/magyarorszag\/termek\/lengescsillapitok\/agx\/","og_locale":"hu_HU","og_type":"article","og_title":"AGX - KYB Eur\u00f3pa","og_url":"https:\/\/kyb-europe.com\/magyarorszag\/termek\/lengescsillapitok\/agx\/","og_site_name":"Magyar","article_modified_time":"2021-04-05T10:52:37+00:00","og_image":[{"width":1400,"height":733,"url":"https:\/\/kyb-europe.com\/magyarorszag\/wp-content\/uploads\/sites\/43\/2016\/12\/product_header.jpg","type":"image\/jpeg"}],"twitter_card":"summary_large_image","schema":{"@context":"https:\/\/schema.org","@graph":[{"@type":"WebPage","@id":"https:\/\/kyb-europe.com\/magyarorszag\/termek\/lengescsillapitok\/agx\/","url":"https:\/\/kyb-europe.com\/magyarorszag\/termek\/lengescsillapitok\/agx\/","name":"AGX - KYB Eur\u00f3pa","isPartOf":{"@id":"https:\/\/kyb-europe.com\/magyarorszag\/#website"},"primaryImageOfPage":{"@id":"https:\/\/kyb-europe.com\/magyarorszag\/termek\/lengescsillapitok\/agx\/#primaryimage"},"image":{"@id":"https:\/\/kyb-europe.com\/magyarorszag\/termek\/lengescsillapitok\/agx\/#primaryimage"},"thumbnailUrl":"https:\/\/kyb-europe.com\/magyarorszag\/wp-content\/uploads\/sites\/43\/2016\/12\/product_header.jpg","datePublished":"2016-12-08T17:32:33+00:00","dateModified":"2021-04-05T10:52:37+00:00","breadcrumb":{"@id":"https:\/\/kyb-europe.com\/magyarorszag\/termek\/lengescsillapitok\/agx\/#breadcrumb"},"inLanguage":"hu","potentialAction":[{"@type":"ReadAction","target":["https:\/\/kyb-europe.com\/magyarorszag\/termek\/lengescsillapitok\/agx\/"]}]},{"@type":"ImageObject","inLanguage":"hu","@id":"https:\/\/kyb-europe.com\/magyarorszag\/termek\/lengescsillapitok\/agx\/#primaryimage","url":"https:\/\/kyb-europe.com\/magyarorszag\/wp-content\/uploads\/sites\/43\/2016\/12\/product_header.jpg","contentUrl":"https:\/\/kyb-europe.com\/magyarorszag\/wp-content\/uploads\/sites\/43\/2016\/12\/product_header.jpg","width":1400,"height":733},{"@type":"BreadcrumbList","@id":"https:\/\/kyb-europe.com\/magyarorszag\/termek\/lengescsillapitok\/agx\/#breadcrumb","itemListElement":[{"@type":"ListItem","position":1,"name":"Term\u00e9keink","item":"https:\/\/kyb-europe.com\/magyarorszag\/termek\/"},{"@type":"ListItem","position":2,"name":"Leng\u00e9scsillap\u00edt\u00f3k","item":"https:\/\/kyb-europe.com\/magyarorszag\/termek\/lengescsillapitok\/"},{"@type":"ListItem","position":3,"name":"AGX"}]},{"@type":"WebSite","@id":"https:\/\/kyb-europe.com\/magyarorszag\/#website","url":"https:\/\/kyb-europe.com\/magyarorszag\/","name":"Magyar","description":"Our Precision, Your Advantage","publisher":{"@id":"https:\/\/kyb-europe.com\/magyarorszag\/#organization"},"potentialAction":[{"@type":"SearchAction","target":{"@type":"EntryPoint","urlTemplate":"https:\/\/kyb-europe.com\/magyarorszag\/?s={search_term_string}"},"query-input":{"@type":"PropertyValueSpecification","valueRequired":true,"valueName":"search_term_string"}}],"inLanguage":"hu"},{"@type":"Organization","@id":"https:\/\/kyb-europe.com\/magyarorszag\/#organization","name":"Magyar","url":"https:\/\/kyb-europe.com\/magyarorszag\/","logo":{"@type":"ImageObject","inLanguage":"hu","@id":"https:\/\/kyb-europe.com\/magyarorszag\/#\/schema\/logo\/image\/","url":"https:\/\/kyb-europe.com\/magyarorszag\/wp-content\/uploads\/sites\/43\/2016\/12\/kyb_logo.png","contentUrl":"https:\/\/kyb-europe.com\/magyarorszag\/wp-content\/uploads\/sites\/43\/2016\/12\/kyb_logo.png","width":295,"height":92,"caption":"Magyar"},"image":{"@id":"https:\/\/kyb-europe.com\/magyarorszag\/#\/schema\/logo\/image\/"}}]}},"_links":{"self":[{"href":"https:\/\/kyb-europe.com\/magyarorszag\/wp-json\/wp\/v2\/pages\/588","targetHints":{"allow":["GET"]}}],"collection":[{"href":"https:\/\/kyb-europe.com\/magyarorszag\/wp-json\/wp\/v2\/pages"}],"about":[{"href":"https:\/\/kyb-europe.com\/magyarorszag\/wp-json\/wp\/v2\/types\/page"}],"author":[{"embeddable":true,"href":"https:\/\/kyb-europe.com\/magyarorszag\/wp-json\/wp\/v2\/users\/1"}],"replies":[{"embeddable":true,"href":"https:\/\/kyb-europe.com\/magyarorszag\/wp-json\/wp\/v2\/comments?post=588"}],"version-history":[{"count":0,"href":"https:\/\/kyb-europe.com\/magyarorszag\/wp-json\/wp\/v2\/pages\/588\/revisions"}],"up":[{"embeddable":true,"href":"https:\/\/kyb-europe.com\/magyarorszag\/wp-json\/wp\/v2\/pages\/231"}],"wp:featuredmedia":[{"embeddable":true,"href":"https:\/\/kyb-europe.com\/magyarorszag\/wp-json\/wp\/v2\/media\/991"}],"wp:attachment":[{"href":"https:\/\/kyb-europe.com\/magyarorszag\/wp-json\/wp\/v2\/media?parent=588"}],"curies":[{"name":"wp","href":"https:\/\/api.w.org\/{rel}","templated":true}]}}