
{"id":226910,"date":"2023-11-22T16:11:06","date_gmt":"2023-11-22T16:11:06","guid":{"rendered":"https:\/\/kyb-europe.com\/magyarorszag\/?page_id=226910"},"modified":"2023-11-22T16:11:06","modified_gmt":"2023-11-22T16:11:06","slug":"fogaslec-vege","status":"publish","type":"page","link":"https:\/\/kyb-europe.com\/magyarorszag\/termek\/fogaslec-vege\/","title":{"rendered":"Fogasl\u00e9c v\u00e9ge"},"content":{"rendered":"","protected":false},"excerpt":{"rendered":"","protected":false},"author":3,"featured_media":226901,"parent":229,"menu_order":0,"comment_status":"closed","ping_status":"closed","template":"","meta":{"_acf_changed":false,"footnotes":""},"class_list":["post-226910","page","type-page","status-publish","has-post-thumbnail","hentry"],"acf":[],"yoast_head":"<!-- This site is optimized with the Yoast SEO plugin v27.4 - https:\/\/yoast.com\/product\/yoast-seo-wordpress\/ -->\n<title>Fogasl\u00e9c v\u00e9ge - KYB Eur\u00f3pa<\/title>\n<meta name=\"robots\" content=\"index, follow, max-snippet:-1, max-image-preview:large, max-video-preview:-1\" \/>\n<link rel=\"canonical\" href=\"https:\/\/kyb-europe.com\/magyarorszag\/termek\/fogaslec-vege\/\" \/>\n<meta property=\"og:locale\" content=\"hu_HU\" \/>\n<meta property=\"og:type\" content=\"article\" \/>\n<meta property=\"og:title\" content=\"Fogasl\u00e9c v\u00e9ge - KYB Eur\u00f3pa\" \/>\n<meta property=\"og:url\" content=\"https:\/\/kyb-europe.com\/magyarorszag\/termek\/fogaslec-vege\/\" \/>\n<meta property=\"og:site_name\" content=\"Magyar\" \/>\n<meta property=\"og:image\" content=\"https:\/\/kyb-europe.com\/magyarorszag\/wp-content\/uploads\/sites\/43\/2023\/11\/Tie-Rod-End-Family-11-1024x683.png\" \/>\n\t<meta property=\"og:image:width\" content=\"1024\" \/>\n\t<meta property=\"og:image:height\" content=\"683\" \/>\n\t<meta property=\"og:image:type\" content=\"image\/png\" \/>\n<meta name=\"twitter:card\" content=\"summary_large_image\" \/>\n<script type=\"application\/ld+json\" class=\"yoast-schema-graph\">{\"@context\":\"https:\\\/\\\/schema.org\",\"@graph\":[{\"@type\":\"WebPage\",\"@id\":\"https:\\\/\\\/kyb-europe.com\\\/magyarorszag\\\/termek\\\/fogaslec-vege\\\/\",\"url\":\"https:\\\/\\\/kyb-europe.com\\\/magyarorszag\\\/termek\\\/fogaslec-vege\\\/\",\"name\":\"Fogasl\u00e9c v\u00e9ge - KYB Eur\u00f3pa\",\"isPartOf\":{\"@id\":\"https:\\\/\\\/kyb-europe.com\\\/magyarorszag\\\/#website\"},\"primaryImageOfPage\":{\"@id\":\"https:\\\/\\\/kyb-europe.com\\\/magyarorszag\\\/termek\\\/fogaslec-vege\\\/#primaryimage\"},\"image\":{\"@id\":\"https:\\\/\\\/kyb-europe.com\\\/magyarorszag\\\/termek\\\/fogaslec-vege\\\/#primaryimage\"},\"thumbnailUrl\":\"https:\\\/\\\/kyb-europe.com\\\/magyarorszag\\\/wp-content\\\/uploads\\\/sites\\\/43\\\/2023\\\/11\\\/Tie-Rod-End-Family-11.png\",\"datePublished\":\"2023-11-22T16:11:06+00:00\",\"breadcrumb\":{\"@id\":\"https:\\\/\\\/kyb-europe.com\\\/magyarorszag\\\/termek\\\/fogaslec-vege\\\/#breadcrumb\"},\"inLanguage\":\"hu\",\"potentialAction\":[{\"@type\":\"ReadAction\",\"target\":[\"https:\\\/\\\/kyb-europe.com\\\/magyarorszag\\\/termek\\\/fogaslec-vege\\\/\"]}]},{\"@type\":\"ImageObject\",\"inLanguage\":\"hu\",\"@id\":\"https:\\\/\\\/kyb-europe.com\\\/magyarorszag\\\/termek\\\/fogaslec-vege\\\/#primaryimage\",\"url\":\"https:\\\/\\\/kyb-europe.com\\\/magyarorszag\\\/wp-content\\\/uploads\\\/sites\\\/43\\\/2023\\\/11\\\/Tie-Rod-End-Family-11.png\",\"contentUrl\":\"https:\\\/\\\/kyb-europe.com\\\/magyarorszag\\\/wp-content\\\/uploads\\\/sites\\\/43\\\/2023\\\/11\\\/Tie-Rod-End-Family-11.png\",\"width\":4638,\"height\":3092},{\"@type\":\"BreadcrumbList\",\"@id\":\"https:\\\/\\\/kyb-europe.com\\\/magyarorszag\\\/termek\\\/fogaslec-vege\\\/#breadcrumb\",\"itemListElement\":[{\"@type\":\"ListItem\",\"position\":1,\"name\":\"Term\u00e9keink\",\"item\":\"https:\\\/\\\/kyb-europe.com\\\/magyarorszag\\\/termek\\\/\"},{\"@type\":\"ListItem\",\"position\":2,\"name\":\"Fogasl\u00e9c v\u00e9ge\"}]},{\"@type\":\"WebSite\",\"@id\":\"https:\\\/\\\/kyb-europe.com\\\/magyarorszag\\\/#website\",\"url\":\"https:\\\/\\\/kyb-europe.com\\\/magyarorszag\\\/\",\"name\":\"Magyar\",\"description\":\"Our Precision, Your Advantage\",\"publisher\":{\"@id\":\"https:\\\/\\\/kyb-europe.com\\\/magyarorszag\\\/#organization\"},\"potentialAction\":[{\"@type\":\"SearchAction\",\"target\":{\"@type\":\"EntryPoint\",\"urlTemplate\":\"https:\\\/\\\/kyb-europe.com\\\/magyarorszag\\\/?s={search_term_string}\"},\"query-input\":{\"@type\":\"PropertyValueSpecification\",\"valueRequired\":true,\"valueName\":\"search_term_string\"}}],\"inLanguage\":\"hu\"},{\"@type\":\"Organization\",\"@id\":\"https:\\\/\\\/kyb-europe.com\\\/magyarorszag\\\/#organization\",\"name\":\"Magyar\",\"url\":\"https:\\\/\\\/kyb-europe.com\\\/magyarorszag\\\/\",\"logo\":{\"@type\":\"ImageObject\",\"inLanguage\":\"hu\",\"@id\":\"https:\\\/\\\/kyb-europe.com\\\/magyarorszag\\\/#\\\/schema\\\/logo\\\/image\\\/\",\"url\":\"https:\\\/\\\/kyb-europe.com\\\/magyarorszag\\\/wp-content\\\/uploads\\\/sites\\\/43\\\/2016\\\/12\\\/kyb_logo.png\",\"contentUrl\":\"https:\\\/\\\/kyb-europe.com\\\/magyarorszag\\\/wp-content\\\/uploads\\\/sites\\\/43\\\/2016\\\/12\\\/kyb_logo.png\",\"width\":295,\"height\":92,\"caption\":\"Magyar\"},\"image\":{\"@id\":\"https:\\\/\\\/kyb-europe.com\\\/magyarorszag\\\/#\\\/schema\\\/logo\\\/image\\\/\"}}]}<\/script>\n<!-- \/ Yoast SEO plugin. -->","yoast_head_json":{"title":"Fogasl\u00e9c v\u00e9ge - KYB Eur\u00f3pa","robots":{"index":"index","follow":"follow","max-snippet":"max-snippet:-1","max-image-preview":"max-image-preview:large","max-video-preview":"max-video-preview:-1"},"canonical":"https:\/\/kyb-europe.com\/magyarorszag\/termek\/fogaslec-vege\/","og_locale":"hu_HU","og_type":"article","og_title":"Fogasl\u00e9c v\u00e9ge - KYB Eur\u00f3pa","og_url":"https:\/\/kyb-europe.com\/magyarorszag\/termek\/fogaslec-vege\/","og_site_name":"Magyar","og_image":[{"width":1024,"height":683,"url":"https:\/\/kyb-europe.com\/magyarorszag\/wp-content\/uploads\/sites\/43\/2023\/11\/Tie-Rod-End-Family-11-1024x683.png","type":"image\/png"}],"twitter_card":"summary_large_image","schema":{"@context":"https:\/\/schema.org","@graph":[{"@type":"WebPage","@id":"https:\/\/kyb-europe.com\/magyarorszag\/termek\/fogaslec-vege\/","url":"https:\/\/kyb-europe.com\/magyarorszag\/termek\/fogaslec-vege\/","name":"Fogasl\u00e9c v\u00e9ge - KYB Eur\u00f3pa","isPartOf":{"@id":"https:\/\/kyb-europe.com\/magyarorszag\/#website"},"primaryImageOfPage":{"@id":"https:\/\/kyb-europe.com\/magyarorszag\/termek\/fogaslec-vege\/#primaryimage"},"image":{"@id":"https:\/\/kyb-europe.com\/magyarorszag\/termek\/fogaslec-vege\/#primaryimage"},"thumbnailUrl":"https:\/\/kyb-europe.com\/magyarorszag\/wp-content\/uploads\/sites\/43\/2023\/11\/Tie-Rod-End-Family-11.png","datePublished":"2023-11-22T16:11:06+00:00","breadcrumb":{"@id":"https:\/\/kyb-europe.com\/magyarorszag\/termek\/fogaslec-vege\/#breadcrumb"},"inLanguage":"hu","potentialAction":[{"@type":"ReadAction","target":["https:\/\/kyb-europe.com\/magyarorszag\/termek\/fogaslec-vege\/"]}]},{"@type":"ImageObject","inLanguage":"hu","@id":"https:\/\/kyb-europe.com\/magyarorszag\/termek\/fogaslec-vege\/#primaryimage","url":"https:\/\/kyb-europe.com\/magyarorszag\/wp-content\/uploads\/sites\/43\/2023\/11\/Tie-Rod-End-Family-11.png","contentUrl":"https:\/\/kyb-europe.com\/magyarorszag\/wp-content\/uploads\/sites\/43\/2023\/11\/Tie-Rod-End-Family-11.png","width":4638,"height":3092},{"@type":"BreadcrumbList","@id":"https:\/\/kyb-europe.com\/magyarorszag\/termek\/fogaslec-vege\/#breadcrumb","itemListElement":[{"@type":"ListItem","position":1,"name":"Term\u00e9keink","item":"https:\/\/kyb-europe.com\/magyarorszag\/termek\/"},{"@type":"ListItem","position":2,"name":"Fogasl\u00e9c v\u00e9ge"}]},{"@type":"WebSite","@id":"https:\/\/kyb-europe.com\/magyarorszag\/#website","url":"https:\/\/kyb-europe.com\/magyarorszag\/","name":"Magyar","description":"Our Precision, Your Advantage","publisher":{"@id":"https:\/\/kyb-europe.com\/magyarorszag\/#organization"},"potentialAction":[{"@type":"SearchAction","target":{"@type":"EntryPoint","urlTemplate":"https:\/\/kyb-europe.com\/magyarorszag\/?s={search_term_string}"},"query-input":{"@type":"PropertyValueSpecification","valueRequired":true,"valueName":"search_term_string"}}],"inLanguage":"hu"},{"@type":"Organization","@id":"https:\/\/kyb-europe.com\/magyarorszag\/#organization","name":"Magyar","url":"https:\/\/kyb-europe.com\/magyarorszag\/","logo":{"@type":"ImageObject","inLanguage":"hu","@id":"https:\/\/kyb-europe.com\/magyarorszag\/#\/schema\/logo\/image\/","url":"https:\/\/kyb-europe.com\/magyarorszag\/wp-content\/uploads\/sites\/43\/2016\/12\/kyb_logo.png","contentUrl":"https:\/\/kyb-europe.com\/magyarorszag\/wp-content\/uploads\/sites\/43\/2016\/12\/kyb_logo.png","width":295,"height":92,"caption":"Magyar"},"image":{"@id":"https:\/\/kyb-europe.com\/magyarorszag\/#\/schema\/logo\/image\/"}}]}},"_links":{"self":[{"href":"https:\/\/kyb-europe.com\/magyarorszag\/wp-json\/wp\/v2\/pages\/226910","targetHints":{"allow":["GET"]}}],"collection":[{"href":"https:\/\/kyb-europe.com\/magyarorszag\/wp-json\/wp\/v2\/pages"}],"about":[{"href":"https:\/\/kyb-europe.com\/magyarorszag\/wp-json\/wp\/v2\/types\/page"}],"author":[{"embeddable":true,"href":"https:\/\/kyb-europe.com\/magyarorszag\/wp-json\/wp\/v2\/users\/3"}],"replies":[{"embeddable":true,"href":"https:\/\/kyb-europe.com\/magyarorszag\/wp-json\/wp\/v2\/comments?post=226910"}],"version-history":[{"count":2,"href":"https:\/\/kyb-europe.com\/magyarorszag\/wp-json\/wp\/v2\/pages\/226910\/revisions"}],"predecessor-version":[{"id":226912,"href":"https:\/\/kyb-europe.com\/magyarorszag\/wp-json\/wp\/v2\/pages\/226910\/revisions\/226912"}],"up":[{"embeddable":true,"href":"https:\/\/kyb-europe.com\/magyarorszag\/wp-json\/wp\/v2\/pages\/229"}],"wp:featuredmedia":[{"embeddable":true,"href":"https:\/\/kyb-europe.com\/magyarorszag\/wp-json\/wp\/v2\/media\/226901"}],"wp:attachment":[{"href":"https:\/\/kyb-europe.com\/magyarorszag\/wp-json\/wp\/v2\/media?parent=226910"}],"curies":[{"name":"wp","href":"https:\/\/api.w.org\/{rel}","templated":true}]}}