
{"id":226900,"date":"2023-11-22T15:02:33","date_gmt":"2023-11-22T15:02:33","guid":{"rendered":"https:\/\/kyb-europe.com\/magyarorszag\/?page_id=226900"},"modified":"2023-11-22T15:02:33","modified_gmt":"2023-11-22T15:02:33","slug":"gombcsuklo","status":"publish","type":"page","link":"https:\/\/kyb-europe.com\/magyarorszag\/termek\/gombcsuklo\/","title":{"rendered":"G\u00f6mbcsukl\u00f3"},"content":{"rendered":"","protected":false},"excerpt":{"rendered":"","protected":false},"author":3,"featured_media":226896,"parent":229,"menu_order":0,"comment_status":"closed","ping_status":"closed","template":"","meta":{"_acf_changed":false,"footnotes":""},"class_list":["post-226900","page","type-page","status-publish","has-post-thumbnail","hentry"],"acf":[],"yoast_head":"<!-- This site is optimized with the Yoast SEO plugin v27.4 - https:\/\/yoast.com\/product\/yoast-seo-wordpress\/ -->\n<title>G\u00f6mbcsukl\u00f3 - KYB Eur\u00f3pa<\/title>\n<meta name=\"robots\" content=\"index, follow, max-snippet:-1, max-image-preview:large, max-video-preview:-1\" \/>\n<link rel=\"canonical\" href=\"https:\/\/kyb-europe.com\/magyarorszag\/termek\/gombcsuklo\/\" \/>\n<meta property=\"og:locale\" content=\"hu_HU\" \/>\n<meta property=\"og:type\" content=\"article\" \/>\n<meta property=\"og:title\" content=\"G\u00f6mbcsukl\u00f3 - KYB Eur\u00f3pa\" \/>\n<meta property=\"og:url\" content=\"https:\/\/kyb-europe.com\/magyarorszag\/termek\/gombcsuklo\/\" \/>\n<meta property=\"og:site_name\" content=\"Magyar\" \/>\n<meta property=\"og:image\" content=\"https:\/\/kyb-europe.com\/magyarorszag\/wp-content\/uploads\/sites\/43\/2023\/11\/Ball-Joint-and-Packaging-6-1024x683.png\" \/>\n\t<meta property=\"og:image:width\" content=\"1024\" \/>\n\t<meta property=\"og:image:height\" content=\"683\" \/>\n\t<meta property=\"og:image:type\" content=\"image\/png\" \/>\n<meta name=\"twitter:card\" content=\"summary_large_image\" \/>\n<script type=\"application\/ld+json\" class=\"yoast-schema-graph\">{\"@context\":\"https:\\\/\\\/schema.org\",\"@graph\":[{\"@type\":\"WebPage\",\"@id\":\"https:\\\/\\\/kyb-europe.com\\\/magyarorszag\\\/termek\\\/gombcsuklo\\\/\",\"url\":\"https:\\\/\\\/kyb-europe.com\\\/magyarorszag\\\/termek\\\/gombcsuklo\\\/\",\"name\":\"G\u00f6mbcsukl\u00f3 - KYB Eur\u00f3pa\",\"isPartOf\":{\"@id\":\"https:\\\/\\\/kyb-europe.com\\\/magyarorszag\\\/#website\"},\"primaryImageOfPage\":{\"@id\":\"https:\\\/\\\/kyb-europe.com\\\/magyarorszag\\\/termek\\\/gombcsuklo\\\/#primaryimage\"},\"image\":{\"@id\":\"https:\\\/\\\/kyb-europe.com\\\/magyarorszag\\\/termek\\\/gombcsuklo\\\/#primaryimage\"},\"thumbnailUrl\":\"https:\\\/\\\/kyb-europe.com\\\/magyarorszag\\\/wp-content\\\/uploads\\\/sites\\\/43\\\/2023\\\/11\\\/Ball-Joint-and-Packaging-6.png\",\"datePublished\":\"2023-11-22T15:02:33+00:00\",\"breadcrumb\":{\"@id\":\"https:\\\/\\\/kyb-europe.com\\\/magyarorszag\\\/termek\\\/gombcsuklo\\\/#breadcrumb\"},\"inLanguage\":\"hu\",\"potentialAction\":[{\"@type\":\"ReadAction\",\"target\":[\"https:\\\/\\\/kyb-europe.com\\\/magyarorszag\\\/termek\\\/gombcsuklo\\\/\"]}]},{\"@type\":\"ImageObject\",\"inLanguage\":\"hu\",\"@id\":\"https:\\\/\\\/kyb-europe.com\\\/magyarorszag\\\/termek\\\/gombcsuklo\\\/#primaryimage\",\"url\":\"https:\\\/\\\/kyb-europe.com\\\/magyarorszag\\\/wp-content\\\/uploads\\\/sites\\\/43\\\/2023\\\/11\\\/Ball-Joint-and-Packaging-6.png\",\"contentUrl\":\"https:\\\/\\\/kyb-europe.com\\\/magyarorszag\\\/wp-content\\\/uploads\\\/sites\\\/43\\\/2023\\\/11\\\/Ball-Joint-and-Packaging-6.png\",\"width\":4368,\"height\":2912},{\"@type\":\"BreadcrumbList\",\"@id\":\"https:\\\/\\\/kyb-europe.com\\\/magyarorszag\\\/termek\\\/gombcsuklo\\\/#breadcrumb\",\"itemListElement\":[{\"@type\":\"ListItem\",\"position\":1,\"name\":\"Term\u00e9keink\",\"item\":\"https:\\\/\\\/kyb-europe.com\\\/magyarorszag\\\/termek\\\/\"},{\"@type\":\"ListItem\",\"position\":2,\"name\":\"G\u00f6mbcsukl\u00f3\"}]},{\"@type\":\"WebSite\",\"@id\":\"https:\\\/\\\/kyb-europe.com\\\/magyarorszag\\\/#website\",\"url\":\"https:\\\/\\\/kyb-europe.com\\\/magyarorszag\\\/\",\"name\":\"Magyar\",\"description\":\"Our Precision, Your Advantage\",\"publisher\":{\"@id\":\"https:\\\/\\\/kyb-europe.com\\\/magyarorszag\\\/#organization\"},\"potentialAction\":[{\"@type\":\"SearchAction\",\"target\":{\"@type\":\"EntryPoint\",\"urlTemplate\":\"https:\\\/\\\/kyb-europe.com\\\/magyarorszag\\\/?s={search_term_string}\"},\"query-input\":{\"@type\":\"PropertyValueSpecification\",\"valueRequired\":true,\"valueName\":\"search_term_string\"}}],\"inLanguage\":\"hu\"},{\"@type\":\"Organization\",\"@id\":\"https:\\\/\\\/kyb-europe.com\\\/magyarorszag\\\/#organization\",\"name\":\"Magyar\",\"url\":\"https:\\\/\\\/kyb-europe.com\\\/magyarorszag\\\/\",\"logo\":{\"@type\":\"ImageObject\",\"inLanguage\":\"hu\",\"@id\":\"https:\\\/\\\/kyb-europe.com\\\/magyarorszag\\\/#\\\/schema\\\/logo\\\/image\\\/\",\"url\":\"https:\\\/\\\/kyb-europe.com\\\/magyarorszag\\\/wp-content\\\/uploads\\\/sites\\\/43\\\/2016\\\/12\\\/kyb_logo.png\",\"contentUrl\":\"https:\\\/\\\/kyb-europe.com\\\/magyarorszag\\\/wp-content\\\/uploads\\\/sites\\\/43\\\/2016\\\/12\\\/kyb_logo.png\",\"width\":295,\"height\":92,\"caption\":\"Magyar\"},\"image\":{\"@id\":\"https:\\\/\\\/kyb-europe.com\\\/magyarorszag\\\/#\\\/schema\\\/logo\\\/image\\\/\"}}]}<\/script>\n<!-- \/ Yoast SEO plugin. -->","yoast_head_json":{"title":"G\u00f6mbcsukl\u00f3 - KYB Eur\u00f3pa","robots":{"index":"index","follow":"follow","max-snippet":"max-snippet:-1","max-image-preview":"max-image-preview:large","max-video-preview":"max-video-preview:-1"},"canonical":"https:\/\/kyb-europe.com\/magyarorszag\/termek\/gombcsuklo\/","og_locale":"hu_HU","og_type":"article","og_title":"G\u00f6mbcsukl\u00f3 - KYB Eur\u00f3pa","og_url":"https:\/\/kyb-europe.com\/magyarorszag\/termek\/gombcsuklo\/","og_site_name":"Magyar","og_image":[{"width":1024,"height":683,"url":"https:\/\/kyb-europe.com\/magyarorszag\/wp-content\/uploads\/sites\/43\/2023\/11\/Ball-Joint-and-Packaging-6-1024x683.png","type":"image\/png"}],"twitter_card":"summary_large_image","schema":{"@context":"https:\/\/schema.org","@graph":[{"@type":"WebPage","@id":"https:\/\/kyb-europe.com\/magyarorszag\/termek\/gombcsuklo\/","url":"https:\/\/kyb-europe.com\/magyarorszag\/termek\/gombcsuklo\/","name":"G\u00f6mbcsukl\u00f3 - KYB Eur\u00f3pa","isPartOf":{"@id":"https:\/\/kyb-europe.com\/magyarorszag\/#website"},"primaryImageOfPage":{"@id":"https:\/\/kyb-europe.com\/magyarorszag\/termek\/gombcsuklo\/#primaryimage"},"image":{"@id":"https:\/\/kyb-europe.com\/magyarorszag\/termek\/gombcsuklo\/#primaryimage"},"thumbnailUrl":"https:\/\/kyb-europe.com\/magyarorszag\/wp-content\/uploads\/sites\/43\/2023\/11\/Ball-Joint-and-Packaging-6.png","datePublished":"2023-11-22T15:02:33+00:00","breadcrumb":{"@id":"https:\/\/kyb-europe.com\/magyarorszag\/termek\/gombcsuklo\/#breadcrumb"},"inLanguage":"hu","potentialAction":[{"@type":"ReadAction","target":["https:\/\/kyb-europe.com\/magyarorszag\/termek\/gombcsuklo\/"]}]},{"@type":"ImageObject","inLanguage":"hu","@id":"https:\/\/kyb-europe.com\/magyarorszag\/termek\/gombcsuklo\/#primaryimage","url":"https:\/\/kyb-europe.com\/magyarorszag\/wp-content\/uploads\/sites\/43\/2023\/11\/Ball-Joint-and-Packaging-6.png","contentUrl":"https:\/\/kyb-europe.com\/magyarorszag\/wp-content\/uploads\/sites\/43\/2023\/11\/Ball-Joint-and-Packaging-6.png","width":4368,"height":2912},{"@type":"BreadcrumbList","@id":"https:\/\/kyb-europe.com\/magyarorszag\/termek\/gombcsuklo\/#breadcrumb","itemListElement":[{"@type":"ListItem","position":1,"name":"Term\u00e9keink","item":"https:\/\/kyb-europe.com\/magyarorszag\/termek\/"},{"@type":"ListItem","position":2,"name":"G\u00f6mbcsukl\u00f3"}]},{"@type":"WebSite","@id":"https:\/\/kyb-europe.com\/magyarorszag\/#website","url":"https:\/\/kyb-europe.com\/magyarorszag\/","name":"Magyar","description":"Our Precision, Your Advantage","publisher":{"@id":"https:\/\/kyb-europe.com\/magyarorszag\/#organization"},"potentialAction":[{"@type":"SearchAction","target":{"@type":"EntryPoint","urlTemplate":"https:\/\/kyb-europe.com\/magyarorszag\/?s={search_term_string}"},"query-input":{"@type":"PropertyValueSpecification","valueRequired":true,"valueName":"search_term_string"}}],"inLanguage":"hu"},{"@type":"Organization","@id":"https:\/\/kyb-europe.com\/magyarorszag\/#organization","name":"Magyar","url":"https:\/\/kyb-europe.com\/magyarorszag\/","logo":{"@type":"ImageObject","inLanguage":"hu","@id":"https:\/\/kyb-europe.com\/magyarorszag\/#\/schema\/logo\/image\/","url":"https:\/\/kyb-europe.com\/magyarorszag\/wp-content\/uploads\/sites\/43\/2016\/12\/kyb_logo.png","contentUrl":"https:\/\/kyb-europe.com\/magyarorszag\/wp-content\/uploads\/sites\/43\/2016\/12\/kyb_logo.png","width":295,"height":92,"caption":"Magyar"},"image":{"@id":"https:\/\/kyb-europe.com\/magyarorszag\/#\/schema\/logo\/image\/"}}]}},"_links":{"self":[{"href":"https:\/\/kyb-europe.com\/magyarorszag\/wp-json\/wp\/v2\/pages\/226900","targetHints":{"allow":["GET"]}}],"collection":[{"href":"https:\/\/kyb-europe.com\/magyarorszag\/wp-json\/wp\/v2\/pages"}],"about":[{"href":"https:\/\/kyb-europe.com\/magyarorszag\/wp-json\/wp\/v2\/types\/page"}],"author":[{"embeddable":true,"href":"https:\/\/kyb-europe.com\/magyarorszag\/wp-json\/wp\/v2\/users\/3"}],"replies":[{"embeddable":true,"href":"https:\/\/kyb-europe.com\/magyarorszag\/wp-json\/wp\/v2\/comments?post=226900"}],"version-history":[{"count":2,"href":"https:\/\/kyb-europe.com\/magyarorszag\/wp-json\/wp\/v2\/pages\/226900\/revisions"}],"predecessor-version":[{"id":226903,"href":"https:\/\/kyb-europe.com\/magyarorszag\/wp-json\/wp\/v2\/pages\/226900\/revisions\/226903"}],"up":[{"embeddable":true,"href":"https:\/\/kyb-europe.com\/magyarorszag\/wp-json\/wp\/v2\/pages\/229"}],"wp:featuredmedia":[{"embeddable":true,"href":"https:\/\/kyb-europe.com\/magyarorszag\/wp-json\/wp\/v2\/media\/226896"}],"wp:attachment":[{"href":"https:\/\/kyb-europe.com\/magyarorszag\/wp-json\/wp\/v2\/media?parent=226900"}],"curies":[{"name":"wp","href":"https:\/\/api.w.org\/{rel}","templated":true}]}}