
{"id":223411,"date":"2018-10-12T09:36:11","date_gmt":"2018-10-12T08:36:11","guid":{"rendered":"http:\/\/kyb-europe.com\/?page_id=223411"},"modified":"2021-05-12T15:08:05","modified_gmt":"2021-05-12T14:08:05","slug":"rallycross-vr-a-vezetes-elmenye","status":"publish","type":"page","link":"https:\/\/kyb-europe.com\/magyarorszag\/vr\/rallycross-vr-a-vezetes-elmenye\/","title":{"rendered":"Rallycross VR: a vezet\u00e9s \u00e9lm\u00e9nye"},"content":{"rendered":"","protected":false},"excerpt":{"rendered":"","protected":false},"author":1,"featured_media":223412,"parent":218339,"menu_order":0,"comment_status":"closed","ping_status":"closed","template":"","meta":{"_acf_changed":false,"footnotes":""},"class_list":["post-223411","page","type-page","status-publish","has-post-thumbnail","hentry"],"acf":[],"yoast_head":"<!-- This site is optimized with the Yoast SEO plugin v27.4 - https:\/\/yoast.com\/product\/yoast-seo-wordpress\/ -->\n<title>Rallycross VR: a vezet\u00e9s \u00e9lm\u00e9nye - KYB Eur\u00f3pa<\/title>\n<meta name=\"description\" content=\"This Virtual Reality video shows you what it\u2019s like to drive a WRX car around the track in Riga, expertly guided by Mattias Ekstr\u00f6m, founder and owner of EKS.\" \/>\n<meta name=\"robots\" content=\"index, follow, max-snippet:-1, max-image-preview:large, max-video-preview:-1\" \/>\n<link rel=\"canonical\" href=\"https:\/\/kyb-europe.com\/magyarorszag\/vr\/rallycross-vr-a-vezetes-elmenye\/\" \/>\n<meta property=\"og:locale\" content=\"hu_HU\" \/>\n<meta property=\"og:type\" content=\"article\" \/>\n<meta property=\"og:title\" content=\"Rallycross VR: a vezet\u00e9s \u00e9lm\u00e9nye - KYB Eur\u00f3pa\" \/>\n<meta property=\"og:description\" content=\"This Virtual Reality video shows you what it\u2019s like to drive a WRX car around the track in Riga, expertly guided by Mattias Ekstr\u00f6m, founder and owner of EKS.\" \/>\n<meta property=\"og:url\" content=\"https:\/\/kyb-europe.com\/magyarorszag\/vr\/rallycross-vr-a-vezetes-elmenye\/\" \/>\n<meta property=\"og:site_name\" content=\"Magyar\" \/>\n<meta property=\"article:modified_time\" content=\"2021-05-12T14:08:05+00:00\" \/>\n<meta property=\"og:image\" content=\"https:\/\/kyb-europe.com\/magyarorszag\/wp-content\/uploads\/sites\/43\/2018\/10\/eks_2018_livery_003_26144685537_o-1.jpg\" \/>\n\t<meta property=\"og:image:width\" content=\"6298\" \/>\n\t<meta property=\"og:image:height\" content=\"4199\" \/>\n\t<meta property=\"og:image:type\" content=\"image\/jpeg\" \/>\n<meta name=\"twitter:card\" content=\"summary_large_image\" \/>\n<script type=\"application\/ld+json\" class=\"yoast-schema-graph\">{\"@context\":\"https:\\\/\\\/schema.org\",\"@graph\":[{\"@type\":\"WebPage\",\"@id\":\"https:\\\/\\\/kyb-europe.com\\\/magyarorszag\\\/vr\\\/rallycross-vr-a-vezetes-elmenye\\\/\",\"url\":\"https:\\\/\\\/kyb-europe.com\\\/magyarorszag\\\/vr\\\/rallycross-vr-a-vezetes-elmenye\\\/\",\"name\":\"Rallycross VR: a vezet\u00e9s \u00e9lm\u00e9nye - KYB Eur\u00f3pa\",\"isPartOf\":{\"@id\":\"https:\\\/\\\/kyb-europe.com\\\/magyarorszag\\\/#website\"},\"primaryImageOfPage\":{\"@id\":\"https:\\\/\\\/kyb-europe.com\\\/magyarorszag\\\/vr\\\/rallycross-vr-a-vezetes-elmenye\\\/#primaryimage\"},\"image\":{\"@id\":\"https:\\\/\\\/kyb-europe.com\\\/magyarorszag\\\/vr\\\/rallycross-vr-a-vezetes-elmenye\\\/#primaryimage\"},\"thumbnailUrl\":\"https:\\\/\\\/kyb-europe.com\\\/magyarorszag\\\/wp-content\\\/uploads\\\/sites\\\/43\\\/2018\\\/10\\\/eks_2018_livery_003_26144685537_o-1.jpg\",\"datePublished\":\"2018-10-12T08:36:11+00:00\",\"dateModified\":\"2021-05-12T14:08:05+00:00\",\"description\":\"This Virtual Reality video shows you what it\u2019s like to drive a WRX car around the track in Riga, expertly guided by Mattias Ekstr\u00f6m, founder and owner of EKS.\",\"breadcrumb\":{\"@id\":\"https:\\\/\\\/kyb-europe.com\\\/magyarorszag\\\/vr\\\/rallycross-vr-a-vezetes-elmenye\\\/#breadcrumb\"},\"inLanguage\":\"hu\",\"potentialAction\":[{\"@type\":\"ReadAction\",\"target\":[\"https:\\\/\\\/kyb-europe.com\\\/magyarorszag\\\/vr\\\/rallycross-vr-a-vezetes-elmenye\\\/\"]}]},{\"@type\":\"ImageObject\",\"inLanguage\":\"hu\",\"@id\":\"https:\\\/\\\/kyb-europe.com\\\/magyarorszag\\\/vr\\\/rallycross-vr-a-vezetes-elmenye\\\/#primaryimage\",\"url\":\"https:\\\/\\\/kyb-europe.com\\\/magyarorszag\\\/wp-content\\\/uploads\\\/sites\\\/43\\\/2018\\\/10\\\/eks_2018_livery_003_26144685537_o-1.jpg\",\"contentUrl\":\"https:\\\/\\\/kyb-europe.com\\\/magyarorszag\\\/wp-content\\\/uploads\\\/sites\\\/43\\\/2018\\\/10\\\/eks_2018_livery_003_26144685537_o-1.jpg\",\"width\":6298,\"height\":4199,\"caption\":\"2018 FIA World Rallycross Championship \\\/\\\/ 2018 Livery \\\/\\\/ Credit: EKS\\\/Jaanus Ree\"},{\"@type\":\"BreadcrumbList\",\"@id\":\"https:\\\/\\\/kyb-europe.com\\\/magyarorszag\\\/vr\\\/rallycross-vr-a-vezetes-elmenye\\\/#breadcrumb\",\"itemListElement\":[{\"@type\":\"ListItem\",\"position\":1,\"name\":\"KYB \u2013 a virtu\u00e1lis val\u00f3s\u00e1g z\u00f3n\u00e1ja\",\"item\":\"https:\\\/\\\/kyb-europe.com\\\/magyarorszag\\\/vr\\\/\"},{\"@type\":\"ListItem\",\"position\":2,\"name\":\"Rallycross VR: a vezet\u00e9s \u00e9lm\u00e9nye\"}]},{\"@type\":\"WebSite\",\"@id\":\"https:\\\/\\\/kyb-europe.com\\\/magyarorszag\\\/#website\",\"url\":\"https:\\\/\\\/kyb-europe.com\\\/magyarorszag\\\/\",\"name\":\"Magyar\",\"description\":\"Our Precision, Your Advantage\",\"publisher\":{\"@id\":\"https:\\\/\\\/kyb-europe.com\\\/magyarorszag\\\/#organization\"},\"potentialAction\":[{\"@type\":\"SearchAction\",\"target\":{\"@type\":\"EntryPoint\",\"urlTemplate\":\"https:\\\/\\\/kyb-europe.com\\\/magyarorszag\\\/?s={search_term_string}\"},\"query-input\":{\"@type\":\"PropertyValueSpecification\",\"valueRequired\":true,\"valueName\":\"search_term_string\"}}],\"inLanguage\":\"hu\"},{\"@type\":\"Organization\",\"@id\":\"https:\\\/\\\/kyb-europe.com\\\/magyarorszag\\\/#organization\",\"name\":\"Magyar\",\"url\":\"https:\\\/\\\/kyb-europe.com\\\/magyarorszag\\\/\",\"logo\":{\"@type\":\"ImageObject\",\"inLanguage\":\"hu\",\"@id\":\"https:\\\/\\\/kyb-europe.com\\\/magyarorszag\\\/#\\\/schema\\\/logo\\\/image\\\/\",\"url\":\"https:\\\/\\\/kyb-europe.com\\\/magyarorszag\\\/wp-content\\\/uploads\\\/sites\\\/43\\\/2016\\\/12\\\/kyb_logo.png\",\"contentUrl\":\"https:\\\/\\\/kyb-europe.com\\\/magyarorszag\\\/wp-content\\\/uploads\\\/sites\\\/43\\\/2016\\\/12\\\/kyb_logo.png\",\"width\":295,\"height\":92,\"caption\":\"Magyar\"},\"image\":{\"@id\":\"https:\\\/\\\/kyb-europe.com\\\/magyarorszag\\\/#\\\/schema\\\/logo\\\/image\\\/\"}}]}<\/script>\n<!-- \/ Yoast SEO plugin. -->","yoast_head_json":{"title":"Rallycross VR: a vezet\u00e9s \u00e9lm\u00e9nye - KYB Eur\u00f3pa","description":"This Virtual Reality video shows you what it\u2019s like to drive a WRX car around the track in Riga, expertly guided by Mattias Ekstr\u00f6m, founder and owner of EKS.","robots":{"index":"index","follow":"follow","max-snippet":"max-snippet:-1","max-image-preview":"max-image-preview:large","max-video-preview":"max-video-preview:-1"},"canonical":"https:\/\/kyb-europe.com\/magyarorszag\/vr\/rallycross-vr-a-vezetes-elmenye\/","og_locale":"hu_HU","og_type":"article","og_title":"Rallycross VR: a vezet\u00e9s \u00e9lm\u00e9nye - KYB Eur\u00f3pa","og_description":"This Virtual Reality video shows you what it\u2019s like to drive a WRX car around the track in Riga, expertly guided by Mattias Ekstr\u00f6m, founder and owner of EKS.","og_url":"https:\/\/kyb-europe.com\/magyarorszag\/vr\/rallycross-vr-a-vezetes-elmenye\/","og_site_name":"Magyar","article_modified_time":"2021-05-12T14:08:05+00:00","og_image":[{"width":6298,"height":4199,"url":"https:\/\/kyb-europe.com\/magyarorszag\/wp-content\/uploads\/sites\/43\/2018\/10\/eks_2018_livery_003_26144685537_o-1.jpg","type":"image\/jpeg"}],"twitter_card":"summary_large_image","schema":{"@context":"https:\/\/schema.org","@graph":[{"@type":"WebPage","@id":"https:\/\/kyb-europe.com\/magyarorszag\/vr\/rallycross-vr-a-vezetes-elmenye\/","url":"https:\/\/kyb-europe.com\/magyarorszag\/vr\/rallycross-vr-a-vezetes-elmenye\/","name":"Rallycross VR: a vezet\u00e9s \u00e9lm\u00e9nye - KYB Eur\u00f3pa","isPartOf":{"@id":"https:\/\/kyb-europe.com\/magyarorszag\/#website"},"primaryImageOfPage":{"@id":"https:\/\/kyb-europe.com\/magyarorszag\/vr\/rallycross-vr-a-vezetes-elmenye\/#primaryimage"},"image":{"@id":"https:\/\/kyb-europe.com\/magyarorszag\/vr\/rallycross-vr-a-vezetes-elmenye\/#primaryimage"},"thumbnailUrl":"https:\/\/kyb-europe.com\/magyarorszag\/wp-content\/uploads\/sites\/43\/2018\/10\/eks_2018_livery_003_26144685537_o-1.jpg","datePublished":"2018-10-12T08:36:11+00:00","dateModified":"2021-05-12T14:08:05+00:00","description":"This Virtual Reality video shows you what it\u2019s like to drive a WRX car around the track in Riga, expertly guided by Mattias Ekstr\u00f6m, founder and owner of EKS.","breadcrumb":{"@id":"https:\/\/kyb-europe.com\/magyarorszag\/vr\/rallycross-vr-a-vezetes-elmenye\/#breadcrumb"},"inLanguage":"hu","potentialAction":[{"@type":"ReadAction","target":["https:\/\/kyb-europe.com\/magyarorszag\/vr\/rallycross-vr-a-vezetes-elmenye\/"]}]},{"@type":"ImageObject","inLanguage":"hu","@id":"https:\/\/kyb-europe.com\/magyarorszag\/vr\/rallycross-vr-a-vezetes-elmenye\/#primaryimage","url":"https:\/\/kyb-europe.com\/magyarorszag\/wp-content\/uploads\/sites\/43\/2018\/10\/eks_2018_livery_003_26144685537_o-1.jpg","contentUrl":"https:\/\/kyb-europe.com\/magyarorszag\/wp-content\/uploads\/sites\/43\/2018\/10\/eks_2018_livery_003_26144685537_o-1.jpg","width":6298,"height":4199,"caption":"2018 FIA World Rallycross Championship \/\/ 2018 Livery \/\/ Credit: EKS\/Jaanus Ree"},{"@type":"BreadcrumbList","@id":"https:\/\/kyb-europe.com\/magyarorszag\/vr\/rallycross-vr-a-vezetes-elmenye\/#breadcrumb","itemListElement":[{"@type":"ListItem","position":1,"name":"KYB \u2013 a virtu\u00e1lis val\u00f3s\u00e1g z\u00f3n\u00e1ja","item":"https:\/\/kyb-europe.com\/magyarorszag\/vr\/"},{"@type":"ListItem","position":2,"name":"Rallycross VR: a vezet\u00e9s \u00e9lm\u00e9nye"}]},{"@type":"WebSite","@id":"https:\/\/kyb-europe.com\/magyarorszag\/#website","url":"https:\/\/kyb-europe.com\/magyarorszag\/","name":"Magyar","description":"Our Precision, Your Advantage","publisher":{"@id":"https:\/\/kyb-europe.com\/magyarorszag\/#organization"},"potentialAction":[{"@type":"SearchAction","target":{"@type":"EntryPoint","urlTemplate":"https:\/\/kyb-europe.com\/magyarorszag\/?s={search_term_string}"},"query-input":{"@type":"PropertyValueSpecification","valueRequired":true,"valueName":"search_term_string"}}],"inLanguage":"hu"},{"@type":"Organization","@id":"https:\/\/kyb-europe.com\/magyarorszag\/#organization","name":"Magyar","url":"https:\/\/kyb-europe.com\/magyarorszag\/","logo":{"@type":"ImageObject","inLanguage":"hu","@id":"https:\/\/kyb-europe.com\/magyarorszag\/#\/schema\/logo\/image\/","url":"https:\/\/kyb-europe.com\/magyarorszag\/wp-content\/uploads\/sites\/43\/2016\/12\/kyb_logo.png","contentUrl":"https:\/\/kyb-europe.com\/magyarorszag\/wp-content\/uploads\/sites\/43\/2016\/12\/kyb_logo.png","width":295,"height":92,"caption":"Magyar"},"image":{"@id":"https:\/\/kyb-europe.com\/magyarorszag\/#\/schema\/logo\/image\/"}}]}},"_links":{"self":[{"href":"https:\/\/kyb-europe.com\/magyarorszag\/wp-json\/wp\/v2\/pages\/223411","targetHints":{"allow":["GET"]}}],"collection":[{"href":"https:\/\/kyb-europe.com\/magyarorszag\/wp-json\/wp\/v2\/pages"}],"about":[{"href":"https:\/\/kyb-europe.com\/magyarorszag\/wp-json\/wp\/v2\/types\/page"}],"author":[{"embeddable":true,"href":"https:\/\/kyb-europe.com\/magyarorszag\/wp-json\/wp\/v2\/users\/1"}],"replies":[{"embeddable":true,"href":"https:\/\/kyb-europe.com\/magyarorszag\/wp-json\/wp\/v2\/comments?post=223411"}],"version-history":[{"count":0,"href":"https:\/\/kyb-europe.com\/magyarorszag\/wp-json\/wp\/v2\/pages\/223411\/revisions"}],"up":[{"embeddable":true,"href":"https:\/\/kyb-europe.com\/magyarorszag\/wp-json\/wp\/v2\/pages\/218339"}],"wp:featuredmedia":[{"embeddable":true,"href":"https:\/\/kyb-europe.com\/magyarorszag\/wp-json\/wp\/v2\/media\/223412"}],"wp:attachment":[{"href":"https:\/\/kyb-europe.com\/magyarorszag\/wp-json\/wp\/v2\/media?parent=223411"}],"curies":[{"name":"wp","href":"https:\/\/api.w.org\/{rel}","templated":true}]}}