
{"id":218332,"date":"2017-10-12T13:38:45","date_gmt":"2017-10-12T12:38:45","guid":{"rendered":"http:\/\/kyb-europe.com\/?page_id=218332"},"modified":"2026-02-10T12:32:48","modified_gmt":"2026-02-10T12:32:48","slug":"app","status":"publish","type":"page","link":"https:\/\/kyb-europe.com\/magyarorszag\/app\/","title":{"rendered":"A KYB Suspension Solutions alkalmaz\u00e1sa"},"content":{"rendered":"","protected":false},"excerpt":{"rendered":"","protected":false},"author":3,"featured_media":227129,"parent":0,"menu_order":0,"comment_status":"closed","ping_status":"closed","template":"","meta":{"_acf_changed":false,"footnotes":""},"class_list":["post-218332","page","type-page","status-publish","has-post-thumbnail","hentry"],"acf":[],"yoast_head":"<!-- This site is optimized with the Yoast SEO plugin v27.4 - https:\/\/yoast.com\/product\/yoast-seo-wordpress\/ -->\n<title>A KYB Suspension Solutions alkalmaz\u00e1sa - KYB Eur\u00f3pa<\/title>\n<meta name=\"description\" content=\"KYB App This is the KYB Suspension Solutions mobile application designed to help technicians diagnose and sell worn suspension.\" \/>\n<meta name=\"robots\" content=\"index, follow, max-snippet:-1, max-image-preview:large, max-video-preview:-1\" \/>\n<link rel=\"canonical\" href=\"https:\/\/kyb-europe.com\/magyarorszag\/app\/\" \/>\n<meta property=\"og:locale\" content=\"hu_HU\" \/>\n<meta property=\"og:type\" content=\"article\" \/>\n<meta property=\"og:title\" content=\"A KYB Suspension Solutions alkalmaz\u00e1sa - KYB Eur\u00f3pa\" \/>\n<meta property=\"og:description\" content=\"KYB App This is the KYB Suspension Solutions mobile application designed to help technicians diagnose and sell worn suspension.\" \/>\n<meta property=\"og:url\" content=\"https:\/\/kyb-europe.com\/magyarorszag\/app\/\" \/>\n<meta property=\"og:site_name\" content=\"Magyar\" \/>\n<meta property=\"article:modified_time\" content=\"2026-02-10T12:32:48+00:00\" \/>\n<meta property=\"og:image\" content=\"https:\/\/kyb-europe.com\/magyarorszag\/wp-content\/uploads\/sites\/43\/2026\/02\/HUN-scaled.png\" \/>\n\t<meta property=\"og:image:width\" content=\"2560\" \/>\n\t<meta property=\"og:image:height\" content=\"1439\" \/>\n\t<meta property=\"og:image:type\" content=\"image\/png\" \/>\n<meta name=\"twitter:card\" content=\"summary_large_image\" \/>\n<meta name=\"twitter:label1\" content=\"Becs\u00fclt olvas\u00e1si id\u0151\" \/>\n\t<meta name=\"twitter:data1\" content=\"8 perc\" \/>\n<script type=\"application\/ld+json\" class=\"yoast-schema-graph\">{\"@context\":\"https:\\\/\\\/schema.org\",\"@graph\":[{\"@type\":\"WebPage\",\"@id\":\"https:\\\/\\\/kyb-europe.com\\\/magyarorszag\\\/app\\\/\",\"url\":\"https:\\\/\\\/kyb-europe.com\\\/magyarorszag\\\/app\\\/\",\"name\":\"A KYB Suspension Solutions alkalmaz\u00e1sa - KYB Eur\u00f3pa\",\"isPartOf\":{\"@id\":\"https:\\\/\\\/kyb-europe.com\\\/magyarorszag\\\/#website\"},\"primaryImageOfPage\":{\"@id\":\"https:\\\/\\\/kyb-europe.com\\\/magyarorszag\\\/app\\\/#primaryimage\"},\"image\":{\"@id\":\"https:\\\/\\\/kyb-europe.com\\\/magyarorszag\\\/app\\\/#primaryimage\"},\"thumbnailUrl\":\"https:\\\/\\\/kyb-europe.com\\\/magyarorszag\\\/wp-content\\\/uploads\\\/sites\\\/43\\\/2026\\\/02\\\/HUN-scaled.png\",\"datePublished\":\"2017-10-12T12:38:45+00:00\",\"dateModified\":\"2026-02-10T12:32:48+00:00\",\"description\":\"KYB App This is the KYB Suspension Solutions mobile application designed to help technicians diagnose and sell worn suspension.\",\"inLanguage\":\"hu\",\"potentialAction\":[{\"@type\":\"ReadAction\",\"target\":[\"https:\\\/\\\/kyb-europe.com\\\/magyarorszag\\\/app\\\/\"]}]},{\"@type\":\"ImageObject\",\"inLanguage\":\"hu\",\"@id\":\"https:\\\/\\\/kyb-europe.com\\\/magyarorszag\\\/app\\\/#primaryimage\",\"url\":\"https:\\\/\\\/kyb-europe.com\\\/magyarorszag\\\/wp-content\\\/uploads\\\/sites\\\/43\\\/2026\\\/02\\\/HUN-scaled.png\",\"contentUrl\":\"https:\\\/\\\/kyb-europe.com\\\/magyarorszag\\\/wp-content\\\/uploads\\\/sites\\\/43\\\/2026\\\/02\\\/HUN-scaled.png\",\"width\":2560,\"height\":1439},{\"@type\":\"WebSite\",\"@id\":\"https:\\\/\\\/kyb-europe.com\\\/magyarorszag\\\/#website\",\"url\":\"https:\\\/\\\/kyb-europe.com\\\/magyarorszag\\\/\",\"name\":\"Magyar\",\"description\":\"Our Precision, Your Advantage\",\"publisher\":{\"@id\":\"https:\\\/\\\/kyb-europe.com\\\/magyarorszag\\\/#organization\"},\"potentialAction\":[{\"@type\":\"SearchAction\",\"target\":{\"@type\":\"EntryPoint\",\"urlTemplate\":\"https:\\\/\\\/kyb-europe.com\\\/magyarorszag\\\/?s={search_term_string}\"},\"query-input\":{\"@type\":\"PropertyValueSpecification\",\"valueRequired\":true,\"valueName\":\"search_term_string\"}}],\"inLanguage\":\"hu\"},{\"@type\":\"Organization\",\"@id\":\"https:\\\/\\\/kyb-europe.com\\\/magyarorszag\\\/#organization\",\"name\":\"Magyar\",\"url\":\"https:\\\/\\\/kyb-europe.com\\\/magyarorszag\\\/\",\"logo\":{\"@type\":\"ImageObject\",\"inLanguage\":\"hu\",\"@id\":\"https:\\\/\\\/kyb-europe.com\\\/magyarorszag\\\/#\\\/schema\\\/logo\\\/image\\\/\",\"url\":\"https:\\\/\\\/kyb-europe.com\\\/magyarorszag\\\/wp-content\\\/uploads\\\/sites\\\/43\\\/2016\\\/12\\\/kyb_logo.png\",\"contentUrl\":\"https:\\\/\\\/kyb-europe.com\\\/magyarorszag\\\/wp-content\\\/uploads\\\/sites\\\/43\\\/2016\\\/12\\\/kyb_logo.png\",\"width\":295,\"height\":92,\"caption\":\"Magyar\"},\"image\":{\"@id\":\"https:\\\/\\\/kyb-europe.com\\\/magyarorszag\\\/#\\\/schema\\\/logo\\\/image\\\/\"}}]}<\/script>\n<!-- \/ Yoast SEO plugin. -->","yoast_head_json":{"title":"A KYB Suspension Solutions alkalmaz\u00e1sa - KYB Eur\u00f3pa","description":"KYB App This is the KYB Suspension Solutions mobile application designed to help technicians diagnose and sell worn suspension.","robots":{"index":"index","follow":"follow","max-snippet":"max-snippet:-1","max-image-preview":"max-image-preview:large","max-video-preview":"max-video-preview:-1"},"canonical":"https:\/\/kyb-europe.com\/magyarorszag\/app\/","og_locale":"hu_HU","og_type":"article","og_title":"A KYB Suspension Solutions alkalmaz\u00e1sa - KYB Eur\u00f3pa","og_description":"KYB App This is the KYB Suspension Solutions mobile application designed to help technicians diagnose and sell worn suspension.","og_url":"https:\/\/kyb-europe.com\/magyarorszag\/app\/","og_site_name":"Magyar","article_modified_time":"2026-02-10T12:32:48+00:00","og_image":[{"width":2560,"height":1439,"url":"https:\/\/kyb-europe.com\/magyarorszag\/wp-content\/uploads\/sites\/43\/2026\/02\/HUN-scaled.png","type":"image\/png"}],"twitter_card":"summary_large_image","twitter_misc":{"Becs\u00fclt olvas\u00e1si id\u0151":"8 perc"},"schema":{"@context":"https:\/\/schema.org","@graph":[{"@type":"WebPage","@id":"https:\/\/kyb-europe.com\/magyarorszag\/app\/","url":"https:\/\/kyb-europe.com\/magyarorszag\/app\/","name":"A KYB Suspension Solutions alkalmaz\u00e1sa - KYB Eur\u00f3pa","isPartOf":{"@id":"https:\/\/kyb-europe.com\/magyarorszag\/#website"},"primaryImageOfPage":{"@id":"https:\/\/kyb-europe.com\/magyarorszag\/app\/#primaryimage"},"image":{"@id":"https:\/\/kyb-europe.com\/magyarorszag\/app\/#primaryimage"},"thumbnailUrl":"https:\/\/kyb-europe.com\/magyarorszag\/wp-content\/uploads\/sites\/43\/2026\/02\/HUN-scaled.png","datePublished":"2017-10-12T12:38:45+00:00","dateModified":"2026-02-10T12:32:48+00:00","description":"KYB App This is the KYB Suspension Solutions mobile application designed to help technicians diagnose and sell worn suspension.","inLanguage":"hu","potentialAction":[{"@type":"ReadAction","target":["https:\/\/kyb-europe.com\/magyarorszag\/app\/"]}]},{"@type":"ImageObject","inLanguage":"hu","@id":"https:\/\/kyb-europe.com\/magyarorszag\/app\/#primaryimage","url":"https:\/\/kyb-europe.com\/magyarorszag\/wp-content\/uploads\/sites\/43\/2026\/02\/HUN-scaled.png","contentUrl":"https:\/\/kyb-europe.com\/magyarorszag\/wp-content\/uploads\/sites\/43\/2026\/02\/HUN-scaled.png","width":2560,"height":1439},{"@type":"WebSite","@id":"https:\/\/kyb-europe.com\/magyarorszag\/#website","url":"https:\/\/kyb-europe.com\/magyarorszag\/","name":"Magyar","description":"Our Precision, Your Advantage","publisher":{"@id":"https:\/\/kyb-europe.com\/magyarorszag\/#organization"},"potentialAction":[{"@type":"SearchAction","target":{"@type":"EntryPoint","urlTemplate":"https:\/\/kyb-europe.com\/magyarorszag\/?s={search_term_string}"},"query-input":{"@type":"PropertyValueSpecification","valueRequired":true,"valueName":"search_term_string"}}],"inLanguage":"hu"},{"@type":"Organization","@id":"https:\/\/kyb-europe.com\/magyarorszag\/#organization","name":"Magyar","url":"https:\/\/kyb-europe.com\/magyarorszag\/","logo":{"@type":"ImageObject","inLanguage":"hu","@id":"https:\/\/kyb-europe.com\/magyarorszag\/#\/schema\/logo\/image\/","url":"https:\/\/kyb-europe.com\/magyarorszag\/wp-content\/uploads\/sites\/43\/2016\/12\/kyb_logo.png","contentUrl":"https:\/\/kyb-europe.com\/magyarorszag\/wp-content\/uploads\/sites\/43\/2016\/12\/kyb_logo.png","width":295,"height":92,"caption":"Magyar"},"image":{"@id":"https:\/\/kyb-europe.com\/magyarorszag\/#\/schema\/logo\/image\/"}}]}},"_links":{"self":[{"href":"https:\/\/kyb-europe.com\/magyarorszag\/wp-json\/wp\/v2\/pages\/218332","targetHints":{"allow":["GET"]}}],"collection":[{"href":"https:\/\/kyb-europe.com\/magyarorszag\/wp-json\/wp\/v2\/pages"}],"about":[{"href":"https:\/\/kyb-europe.com\/magyarorszag\/wp-json\/wp\/v2\/types\/page"}],"author":[{"embeddable":true,"href":"https:\/\/kyb-europe.com\/magyarorszag\/wp-json\/wp\/v2\/users\/3"}],"replies":[{"embeddable":true,"href":"https:\/\/kyb-europe.com\/magyarorszag\/wp-json\/wp\/v2\/comments?post=218332"}],"version-history":[{"count":3,"href":"https:\/\/kyb-europe.com\/magyarorszag\/wp-json\/wp\/v2\/pages\/218332\/revisions"}],"predecessor-version":[{"id":227152,"href":"https:\/\/kyb-europe.com\/magyarorszag\/wp-json\/wp\/v2\/pages\/218332\/revisions\/227152"}],"wp:featuredmedia":[{"embeddable":true,"href":"https:\/\/kyb-europe.com\/magyarorszag\/wp-json\/wp\/v2\/media\/227129"}],"wp:attachment":[{"href":"https:\/\/kyb-europe.com\/magyarorszag\/wp-json\/wp\/v2\/media?parent=218332"}],"curies":[{"name":"wp","href":"https:\/\/api.w.org\/{rel}","templated":true}]}}