
{"id":2,"date":"2016-11-02T10:56:49","date_gmt":"2016-11-02T10:56:49","guid":{"rendered":"http:\/\/kyb.pixeltreemedia.co.uk\/?page_id=2"},"modified":"2025-04-14T11:56:17","modified_gmt":"2025-04-14T10:56:17","slug":"kezdolap","status":"publish","type":"page","link":"https:\/\/kyb-europe.com\/magyarorszag\/","title":{"rendered":"Kezd\u0151lap"},"content":{"rendered":"","protected":false},"excerpt":{"rendered":"","protected":false},"author":1,"featured_media":225783,"parent":0,"menu_order":0,"comment_status":"closed","ping_status":"closed","template":"","meta":{"_acf_changed":false,"footnotes":""},"class_list":["post-2","page","type-page","status-publish","has-post-thumbnail","hentry"],"acf":[],"yoast_head":"<!-- This site is optimized with the Yoast SEO plugin v27.4 - https:\/\/yoast.com\/product\/yoast-seo-wordpress\/ -->\n<title>Kezd\u0151lap - KYB Eur\u00f3pa<\/title>\n<meta name=\"description\" content=\"A KYB a legnagyobb hidraulikus alkatr\u00e9szeket gy\u00e1rt\u00f3 v\u00e1llalat Jap\u00e1nban, \u00e9s a vil\u00e1gon a j\u00e1rm\u0171gy\u00e1rt\u00f3k egyik legnagyobb O.E. leng\u00e9scsillap\u00edt\u00f3 besz\u00e1ll\u00edt\u00f3ja. T\u00f6bb mint 1 milli\u00f3 KYB leng\u00e9scsillap\u00edt\u00f3 gy\u00e1rt\u00e1sa t\u00f6rt\u00e9nik szerte a vil\u00e1gon hetente, bele\u00e9rtve a Jap\u00e1nban tal\u00e1lhat\u00f3 Gifu telephelyet is \u2013 amely a vil\u00e1gon a legnagyobb leng\u00e9scsillap\u00edt\u00f3 gy\u00e1r.\" \/>\n<meta name=\"robots\" content=\"index, follow, max-snippet:-1, max-image-preview:large, max-video-preview:-1\" \/>\n<link rel=\"canonical\" href=\"https:\/\/kyb-europe.com\/magyarorszag\/\" \/>\n<meta property=\"og:locale\" content=\"hu_HU\" \/>\n<meta property=\"og:type\" content=\"article\" \/>\n<meta property=\"og:title\" content=\"Kezd\u0151lap - KYB Eur\u00f3pa\" \/>\n<meta property=\"og:description\" content=\"A KYB a legnagyobb hidraulikus alkatr\u00e9szeket gy\u00e1rt\u00f3 v\u00e1llalat Jap\u00e1nban, \u00e9s a vil\u00e1gon a j\u00e1rm\u0171gy\u00e1rt\u00f3k egyik legnagyobb O.E. leng\u00e9scsillap\u00edt\u00f3 besz\u00e1ll\u00edt\u00f3ja. T\u00f6bb mint 1 milli\u00f3 KYB leng\u00e9scsillap\u00edt\u00f3 gy\u00e1rt\u00e1sa t\u00f6rt\u00e9nik szerte a vil\u00e1gon hetente, bele\u00e9rtve a Jap\u00e1nban tal\u00e1lhat\u00f3 Gifu telephelyet is \u2013 amely a vil\u00e1gon a legnagyobb leng\u00e9scsillap\u00edt\u00f3 gy\u00e1r.\" \/>\n<meta property=\"og:url\" content=\"https:\/\/kyb-europe.com\/magyarorszag\/\" \/>\n<meta property=\"og:site_name\" content=\"Magyar\" \/>\n<meta property=\"article:modified_time\" content=\"2025-04-14T10:56:17+00:00\" \/>\n<meta property=\"og:image\" content=\"https:\/\/kyb-europe.com\/magyarorszag\/wp-content\/uploads\/sites\/43\/2020\/10\/kyb-homepage-image.jpg\" \/>\n\t<meta property=\"og:image:width\" content=\"1446\" \/>\n\t<meta property=\"og:image:height\" content=\"387\" \/>\n\t<meta property=\"og:image:type\" content=\"image\/jpeg\" \/>\n<meta name=\"twitter:card\" content=\"summary_large_image\" \/>\n<meta name=\"twitter:label1\" content=\"Becs\u00fclt olvas\u00e1si id\u0151\" \/>\n\t<meta name=\"twitter:data1\" content=\"1 perc\" \/>\n<script type=\"application\/ld+json\" class=\"yoast-schema-graph\">{\"@context\":\"https:\\\/\\\/schema.org\",\"@graph\":[{\"@type\":\"WebPage\",\"@id\":\"https:\\\/\\\/kyb-europe.com\\\/magyarorszag\\\/\",\"url\":\"https:\\\/\\\/kyb-europe.com\\\/magyarorszag\\\/\",\"name\":\"Kezd\u0151lap - KYB Eur\u00f3pa\",\"isPartOf\":{\"@id\":\"https:\\\/\\\/kyb-europe.com\\\/magyarorszag\\\/#website\"},\"primaryImageOfPage\":{\"@id\":\"https:\\\/\\\/kyb-europe.com\\\/magyarorszag\\\/#primaryimage\"},\"image\":{\"@id\":\"https:\\\/\\\/kyb-europe.com\\\/magyarorszag\\\/#primaryimage\"},\"thumbnailUrl\":\"https:\\\/\\\/kyb-europe.com\\\/magyarorszag\\\/wp-content\\\/uploads\\\/sites\\\/43\\\/2020\\\/10\\\/kyb-homepage-image.jpg\",\"datePublished\":\"2016-11-02T10:56:49+00:00\",\"dateModified\":\"2025-04-14T10:56:17+00:00\",\"description\":\"A KYB a legnagyobb hidraulikus alkatr\u00e9szeket gy\u00e1rt\u00f3 v\u00e1llalat Jap\u00e1nban, \u00e9s a vil\u00e1gon a j\u00e1rm\u0171gy\u00e1rt\u00f3k egyik legnagyobb O.E. leng\u00e9scsillap\u00edt\u00f3 besz\u00e1ll\u00edt\u00f3ja. T\u00f6bb mint 1 milli\u00f3 KYB leng\u00e9scsillap\u00edt\u00f3 gy\u00e1rt\u00e1sa t\u00f6rt\u00e9nik szerte a vil\u00e1gon hetente, bele\u00e9rtve a Jap\u00e1nban tal\u00e1lhat\u00f3 Gifu telephelyet is \u2013 amely a vil\u00e1gon a legnagyobb leng\u00e9scsillap\u00edt\u00f3 gy\u00e1r.\",\"inLanguage\":\"hu\",\"potentialAction\":[{\"@type\":\"ReadAction\",\"target\":[\"https:\\\/\\\/kyb-europe.com\\\/magyarorszag\\\/\"]}]},{\"@type\":\"ImageObject\",\"inLanguage\":\"hu\",\"@id\":\"https:\\\/\\\/kyb-europe.com\\\/magyarorszag\\\/#primaryimage\",\"url\":\"https:\\\/\\\/kyb-europe.com\\\/magyarorszag\\\/wp-content\\\/uploads\\\/sites\\\/43\\\/2020\\\/10\\\/kyb-homepage-image.jpg\",\"contentUrl\":\"https:\\\/\\\/kyb-europe.com\\\/magyarorszag\\\/wp-content\\\/uploads\\\/sites\\\/43\\\/2020\\\/10\\\/kyb-homepage-image.jpg\",\"width\":1446,\"height\":387},{\"@type\":\"WebSite\",\"@id\":\"https:\\\/\\\/kyb-europe.com\\\/magyarorszag\\\/#website\",\"url\":\"https:\\\/\\\/kyb-europe.com\\\/magyarorszag\\\/\",\"name\":\"Magyar\",\"description\":\"Our Precision, Your Advantage\",\"publisher\":{\"@id\":\"https:\\\/\\\/kyb-europe.com\\\/magyarorszag\\\/#organization\"},\"potentialAction\":[{\"@type\":\"SearchAction\",\"target\":{\"@type\":\"EntryPoint\",\"urlTemplate\":\"https:\\\/\\\/kyb-europe.com\\\/magyarorszag\\\/?s={search_term_string}\"},\"query-input\":{\"@type\":\"PropertyValueSpecification\",\"valueRequired\":true,\"valueName\":\"search_term_string\"}}],\"inLanguage\":\"hu\"},{\"@type\":\"Organization\",\"@id\":\"https:\\\/\\\/kyb-europe.com\\\/magyarorszag\\\/#organization\",\"name\":\"Magyar\",\"url\":\"https:\\\/\\\/kyb-europe.com\\\/magyarorszag\\\/\",\"logo\":{\"@type\":\"ImageObject\",\"inLanguage\":\"hu\",\"@id\":\"https:\\\/\\\/kyb-europe.com\\\/magyarorszag\\\/#\\\/schema\\\/logo\\\/image\\\/\",\"url\":\"https:\\\/\\\/kyb-europe.com\\\/magyarorszag\\\/wp-content\\\/uploads\\\/sites\\\/43\\\/2016\\\/12\\\/kyb_logo.png\",\"contentUrl\":\"https:\\\/\\\/kyb-europe.com\\\/magyarorszag\\\/wp-content\\\/uploads\\\/sites\\\/43\\\/2016\\\/12\\\/kyb_logo.png\",\"width\":295,\"height\":92,\"caption\":\"Magyar\"},\"image\":{\"@id\":\"https:\\\/\\\/kyb-europe.com\\\/magyarorszag\\\/#\\\/schema\\\/logo\\\/image\\\/\"}}]}<\/script>\n<!-- \/ Yoast SEO plugin. -->","yoast_head_json":{"title":"Kezd\u0151lap - KYB Eur\u00f3pa","description":"A KYB a legnagyobb hidraulikus alkatr\u00e9szeket gy\u00e1rt\u00f3 v\u00e1llalat Jap\u00e1nban, \u00e9s a vil\u00e1gon a j\u00e1rm\u0171gy\u00e1rt\u00f3k egyik legnagyobb O.E. leng\u00e9scsillap\u00edt\u00f3 besz\u00e1ll\u00edt\u00f3ja. T\u00f6bb mint 1 milli\u00f3 KYB leng\u00e9scsillap\u00edt\u00f3 gy\u00e1rt\u00e1sa t\u00f6rt\u00e9nik szerte a vil\u00e1gon hetente, bele\u00e9rtve a Jap\u00e1nban tal\u00e1lhat\u00f3 Gifu telephelyet is \u2013 amely a vil\u00e1gon a legnagyobb leng\u00e9scsillap\u00edt\u00f3 gy\u00e1r.","robots":{"index":"index","follow":"follow","max-snippet":"max-snippet:-1","max-image-preview":"max-image-preview:large","max-video-preview":"max-video-preview:-1"},"canonical":"https:\/\/kyb-europe.com\/magyarorszag\/","og_locale":"hu_HU","og_type":"article","og_title":"Kezd\u0151lap - KYB Eur\u00f3pa","og_description":"A KYB a legnagyobb hidraulikus alkatr\u00e9szeket gy\u00e1rt\u00f3 v\u00e1llalat Jap\u00e1nban, \u00e9s a vil\u00e1gon a j\u00e1rm\u0171gy\u00e1rt\u00f3k egyik legnagyobb O.E. leng\u00e9scsillap\u00edt\u00f3 besz\u00e1ll\u00edt\u00f3ja. T\u00f6bb mint 1 milli\u00f3 KYB leng\u00e9scsillap\u00edt\u00f3 gy\u00e1rt\u00e1sa t\u00f6rt\u00e9nik szerte a vil\u00e1gon hetente, bele\u00e9rtve a Jap\u00e1nban tal\u00e1lhat\u00f3 Gifu telephelyet is \u2013 amely a vil\u00e1gon a legnagyobb leng\u00e9scsillap\u00edt\u00f3 gy\u00e1r.","og_url":"https:\/\/kyb-europe.com\/magyarorszag\/","og_site_name":"Magyar","article_modified_time":"2025-04-14T10:56:17+00:00","og_image":[{"width":1446,"height":387,"url":"https:\/\/kyb-europe.com\/magyarorszag\/wp-content\/uploads\/sites\/43\/2020\/10\/kyb-homepage-image.jpg","type":"image\/jpeg"}],"twitter_card":"summary_large_image","twitter_misc":{"Becs\u00fclt olvas\u00e1si id\u0151":"1 perc"},"schema":{"@context":"https:\/\/schema.org","@graph":[{"@type":"WebPage","@id":"https:\/\/kyb-europe.com\/magyarorszag\/","url":"https:\/\/kyb-europe.com\/magyarorszag\/","name":"Kezd\u0151lap - KYB Eur\u00f3pa","isPartOf":{"@id":"https:\/\/kyb-europe.com\/magyarorszag\/#website"},"primaryImageOfPage":{"@id":"https:\/\/kyb-europe.com\/magyarorszag\/#primaryimage"},"image":{"@id":"https:\/\/kyb-europe.com\/magyarorszag\/#primaryimage"},"thumbnailUrl":"https:\/\/kyb-europe.com\/magyarorszag\/wp-content\/uploads\/sites\/43\/2020\/10\/kyb-homepage-image.jpg","datePublished":"2016-11-02T10:56:49+00:00","dateModified":"2025-04-14T10:56:17+00:00","description":"A KYB a legnagyobb hidraulikus alkatr\u00e9szeket gy\u00e1rt\u00f3 v\u00e1llalat Jap\u00e1nban, \u00e9s a vil\u00e1gon a j\u00e1rm\u0171gy\u00e1rt\u00f3k egyik legnagyobb O.E. leng\u00e9scsillap\u00edt\u00f3 besz\u00e1ll\u00edt\u00f3ja. T\u00f6bb mint 1 milli\u00f3 KYB leng\u00e9scsillap\u00edt\u00f3 gy\u00e1rt\u00e1sa t\u00f6rt\u00e9nik szerte a vil\u00e1gon hetente, bele\u00e9rtve a Jap\u00e1nban tal\u00e1lhat\u00f3 Gifu telephelyet is \u2013 amely a vil\u00e1gon a legnagyobb leng\u00e9scsillap\u00edt\u00f3 gy\u00e1r.","inLanguage":"hu","potentialAction":[{"@type":"ReadAction","target":["https:\/\/kyb-europe.com\/magyarorszag\/"]}]},{"@type":"ImageObject","inLanguage":"hu","@id":"https:\/\/kyb-europe.com\/magyarorszag\/#primaryimage","url":"https:\/\/kyb-europe.com\/magyarorszag\/wp-content\/uploads\/sites\/43\/2020\/10\/kyb-homepage-image.jpg","contentUrl":"https:\/\/kyb-europe.com\/magyarorszag\/wp-content\/uploads\/sites\/43\/2020\/10\/kyb-homepage-image.jpg","width":1446,"height":387},{"@type":"WebSite","@id":"https:\/\/kyb-europe.com\/magyarorszag\/#website","url":"https:\/\/kyb-europe.com\/magyarorszag\/","name":"Magyar","description":"Our Precision, Your Advantage","publisher":{"@id":"https:\/\/kyb-europe.com\/magyarorszag\/#organization"},"potentialAction":[{"@type":"SearchAction","target":{"@type":"EntryPoint","urlTemplate":"https:\/\/kyb-europe.com\/magyarorszag\/?s={search_term_string}"},"query-input":{"@type":"PropertyValueSpecification","valueRequired":true,"valueName":"search_term_string"}}],"inLanguage":"hu"},{"@type":"Organization","@id":"https:\/\/kyb-europe.com\/magyarorszag\/#organization","name":"Magyar","url":"https:\/\/kyb-europe.com\/magyarorszag\/","logo":{"@type":"ImageObject","inLanguage":"hu","@id":"https:\/\/kyb-europe.com\/magyarorszag\/#\/schema\/logo\/image\/","url":"https:\/\/kyb-europe.com\/magyarorszag\/wp-content\/uploads\/sites\/43\/2016\/12\/kyb_logo.png","contentUrl":"https:\/\/kyb-europe.com\/magyarorszag\/wp-content\/uploads\/sites\/43\/2016\/12\/kyb_logo.png","width":295,"height":92,"caption":"Magyar"},"image":{"@id":"https:\/\/kyb-europe.com\/magyarorszag\/#\/schema\/logo\/image\/"}}]}},"_links":{"self":[{"href":"https:\/\/kyb-europe.com\/magyarorszag\/wp-json\/wp\/v2\/pages\/2","targetHints":{"allow":["GET"]}}],"collection":[{"href":"https:\/\/kyb-europe.com\/magyarorszag\/wp-json\/wp\/v2\/pages"}],"about":[{"href":"https:\/\/kyb-europe.com\/magyarorszag\/wp-json\/wp\/v2\/types\/page"}],"author":[{"embeddable":true,"href":"https:\/\/kyb-europe.com\/magyarorszag\/wp-json\/wp\/v2\/users\/1"}],"replies":[{"embeddable":true,"href":"https:\/\/kyb-europe.com\/magyarorszag\/wp-json\/wp\/v2\/comments?post=2"}],"version-history":[{"count":4,"href":"https:\/\/kyb-europe.com\/magyarorszag\/wp-json\/wp\/v2\/pages\/2\/revisions"}],"predecessor-version":[{"id":227109,"href":"https:\/\/kyb-europe.com\/magyarorszag\/wp-json\/wp\/v2\/pages\/2\/revisions\/227109"}],"wp:featuredmedia":[{"embeddable":true,"href":"https:\/\/kyb-europe.com\/magyarorszag\/wp-json\/wp\/v2\/media\/225783"}],"wp:attachment":[{"href":"https:\/\/kyb-europe.com\/magyarorszag\/wp-json\/wp\/v2\/media?parent=2"}],"curies":[{"name":"wp","href":"https:\/\/api.w.org\/{rel}","templated":true}]}}