
{"id":227050,"date":"2025-03-21T11:58:23","date_gmt":"2025-03-21T11:58:23","guid":{"rendered":"https:\/\/kyb-europe.com\/lietuva\/?page_id=227050"},"modified":"2025-04-22T13:02:53","modified_gmt":"2025-04-22T12:02:53","slug":"mmp","status":"publish","type":"page","link":"https:\/\/kyb-europe.com\/lietuva\/produktai\/mmp\/","title":{"rendered":"\u201eMini Motion\u201c paketas"},"content":{"rendered":"","protected":false},"excerpt":{"rendered":"","protected":false},"author":3,"featured_media":227058,"parent":229,"menu_order":0,"comment_status":"closed","ping_status":"closed","template":"","meta":{"_acf_changed":false,"footnotes":""},"class_list":["post-227050","page","type-page","status-publish","has-post-thumbnail","hentry"],"acf":[],"yoast_head":"<!-- This site is optimized with the Yoast SEO plugin v27.4 - https:\/\/yoast.com\/product\/yoast-seo-wordpress\/ -->\n<title>\u201eMini Motion\u201c paketas - KYB Lietuva<\/title>\n<meta name=\"description\" content=\"\u201eKYB Mini-Motion\u201c paketas (MMP) - tai elektrin\u0117 arba hidraulin\u0117 linijin\u0117 pavara su integruotu varikliu, siurbliu, vo\u017etuvu ir cilindru.\" \/>\n<meta name=\"robots\" content=\"index, follow, max-snippet:-1, max-image-preview:large, max-video-preview:-1\" \/>\n<link rel=\"canonical\" href=\"https:\/\/kyb-europe.com\/lietuva\/produktai\/mmp\/\" \/>\n<meta property=\"og:locale\" content=\"lt_LT\" \/>\n<meta property=\"og:type\" content=\"article\" \/>\n<meta property=\"og:title\" content=\"\u201eMini Motion\u201c paketas - KYB Lietuva\" \/>\n<meta property=\"og:description\" content=\"\u201eKYB Mini-Motion\u201c paketas (MMP) - tai elektrin\u0117 arba hidraulin\u0117 linijin\u0117 pavara su integruotu varikliu, siurbliu, vo\u017etuvu ir cilindru.\" \/>\n<meta property=\"og:url\" content=\"https:\/\/kyb-europe.com\/lietuva\/produktai\/mmp\/\" \/>\n<meta property=\"og:site_name\" content=\"Lietuvos\" \/>\n<meta property=\"article:modified_time\" content=\"2025-04-22T12:02:53+00:00\" \/>\n<meta property=\"og:image\" content=\"https:\/\/kyb-europe.com\/lietuva\/wp-content\/uploads\/sites\/42\/2025\/03\/MMP-Web-Header.jpg\" \/>\n\t<meta property=\"og:image:width\" content=\"1400\" \/>\n\t<meta property=\"og:image:height\" content=\"733\" \/>\n\t<meta property=\"og:image:type\" content=\"image\/jpeg\" \/>\n<meta name=\"twitter:card\" content=\"summary_large_image\" \/>\n<meta name=\"twitter:label1\" content=\"Est. reading time\" \/>\n\t<meta name=\"twitter:data1\" content=\"1 minut\u0117\" \/>\n<script type=\"application\/ld+json\" class=\"yoast-schema-graph\">{\"@context\":\"https:\\\/\\\/schema.org\",\"@graph\":[{\"@type\":\"WebPage\",\"@id\":\"https:\\\/\\\/kyb-europe.com\\\/lietuva\\\/produktai\\\/mmp\\\/\",\"url\":\"https:\\\/\\\/kyb-europe.com\\\/lietuva\\\/produktai\\\/mmp\\\/\",\"name\":\"\u201eMini Motion\u201c paketas - KYB Lietuva\",\"isPartOf\":{\"@id\":\"https:\\\/\\\/kyb-europe.com\\\/lietuva\\\/#website\"},\"primaryImageOfPage\":{\"@id\":\"https:\\\/\\\/kyb-europe.com\\\/lietuva\\\/produktai\\\/mmp\\\/#primaryimage\"},\"image\":{\"@id\":\"https:\\\/\\\/kyb-europe.com\\\/lietuva\\\/produktai\\\/mmp\\\/#primaryimage\"},\"thumbnailUrl\":\"https:\\\/\\\/kyb-europe.com\\\/lietuva\\\/wp-content\\\/uploads\\\/sites\\\/42\\\/2025\\\/03\\\/MMP-Web-Header.jpg\",\"datePublished\":\"2025-03-21T11:58:23+00:00\",\"dateModified\":\"2025-04-22T12:02:53+00:00\",\"description\":\"\u201eKYB Mini-Motion\u201c paketas (MMP) - tai elektrin\u0117 arba hidraulin\u0117 linijin\u0117 pavara su integruotu varikliu, siurbliu, vo\u017etuvu ir cilindru.\",\"breadcrumb\":{\"@id\":\"https:\\\/\\\/kyb-europe.com\\\/lietuva\\\/produktai\\\/mmp\\\/#breadcrumb\"},\"inLanguage\":\"lt-LT\",\"potentialAction\":[{\"@type\":\"ReadAction\",\"target\":[\"https:\\\/\\\/kyb-europe.com\\\/lietuva\\\/produktai\\\/mmp\\\/\"]}]},{\"@type\":\"ImageObject\",\"inLanguage\":\"lt-LT\",\"@id\":\"https:\\\/\\\/kyb-europe.com\\\/lietuva\\\/produktai\\\/mmp\\\/#primaryimage\",\"url\":\"https:\\\/\\\/kyb-europe.com\\\/lietuva\\\/wp-content\\\/uploads\\\/sites\\\/42\\\/2025\\\/03\\\/MMP-Web-Header.jpg\",\"contentUrl\":\"https:\\\/\\\/kyb-europe.com\\\/lietuva\\\/wp-content\\\/uploads\\\/sites\\\/42\\\/2025\\\/03\\\/MMP-Web-Header.jpg\",\"width\":1400,\"height\":733},{\"@type\":\"BreadcrumbList\",\"@id\":\"https:\\\/\\\/kyb-europe.com\\\/lietuva\\\/produktai\\\/mmp\\\/#breadcrumb\",\"itemListElement\":[{\"@type\":\"ListItem\",\"position\":1,\"name\":\"Produktai\",\"item\":\"https:\\\/\\\/kyb-europe.com\\\/lietuva\\\/produktai\\\/\"},{\"@type\":\"ListItem\",\"position\":2,\"name\":\"\u201eMini Motion\u201c paketas\"}]},{\"@type\":\"WebSite\",\"@id\":\"https:\\\/\\\/kyb-europe.com\\\/lietuva\\\/#website\",\"url\":\"https:\\\/\\\/kyb-europe.com\\\/lietuva\\\/\",\"name\":\"Lietuvos\",\"description\":\"Our Precision, Your Advantage\",\"publisher\":{\"@id\":\"https:\\\/\\\/kyb-europe.com\\\/lietuva\\\/#organization\"},\"potentialAction\":[{\"@type\":\"SearchAction\",\"target\":{\"@type\":\"EntryPoint\",\"urlTemplate\":\"https:\\\/\\\/kyb-europe.com\\\/lietuva\\\/?s={search_term_string}\"},\"query-input\":{\"@type\":\"PropertyValueSpecification\",\"valueRequired\":true,\"valueName\":\"search_term_string\"}}],\"inLanguage\":\"lt-LT\"},{\"@type\":\"Organization\",\"@id\":\"https:\\\/\\\/kyb-europe.com\\\/lietuva\\\/#organization\",\"name\":\"Lietuvos\",\"url\":\"https:\\\/\\\/kyb-europe.com\\\/lietuva\\\/\",\"logo\":{\"@type\":\"ImageObject\",\"inLanguage\":\"lt-LT\",\"@id\":\"https:\\\/\\\/kyb-europe.com\\\/lietuva\\\/#\\\/schema\\\/logo\\\/image\\\/\",\"url\":\"https:\\\/\\\/kyb-europe.com\\\/lietuva\\\/wp-content\\\/uploads\\\/sites\\\/42\\\/2016\\\/12\\\/kyb_logo.png\",\"contentUrl\":\"https:\\\/\\\/kyb-europe.com\\\/lietuva\\\/wp-content\\\/uploads\\\/sites\\\/42\\\/2016\\\/12\\\/kyb_logo.png\",\"width\":295,\"height\":92,\"caption\":\"Lietuvos\"},\"image\":{\"@id\":\"https:\\\/\\\/kyb-europe.com\\\/lietuva\\\/#\\\/schema\\\/logo\\\/image\\\/\"}}]}<\/script>\n<!-- \/ Yoast SEO plugin. -->","yoast_head_json":{"title":"\u201eMini Motion\u201c paketas - KYB Lietuva","description":"\u201eKYB Mini-Motion\u201c paketas (MMP) - tai elektrin\u0117 arba hidraulin\u0117 linijin\u0117 pavara su integruotu varikliu, siurbliu, vo\u017etuvu ir cilindru.","robots":{"index":"index","follow":"follow","max-snippet":"max-snippet:-1","max-image-preview":"max-image-preview:large","max-video-preview":"max-video-preview:-1"},"canonical":"https:\/\/kyb-europe.com\/lietuva\/produktai\/mmp\/","og_locale":"lt_LT","og_type":"article","og_title":"\u201eMini Motion\u201c paketas - KYB Lietuva","og_description":"\u201eKYB Mini-Motion\u201c paketas (MMP) - tai elektrin\u0117 arba hidraulin\u0117 linijin\u0117 pavara su integruotu varikliu, siurbliu, vo\u017etuvu ir cilindru.","og_url":"https:\/\/kyb-europe.com\/lietuva\/produktai\/mmp\/","og_site_name":"Lietuvos","article_modified_time":"2025-04-22T12:02:53+00:00","og_image":[{"width":1400,"height":733,"url":"https:\/\/kyb-europe.com\/lietuva\/wp-content\/uploads\/sites\/42\/2025\/03\/MMP-Web-Header.jpg","type":"image\/jpeg"}],"twitter_card":"summary_large_image","twitter_misc":{"Est. reading time":"1 minut\u0117"},"schema":{"@context":"https:\/\/schema.org","@graph":[{"@type":"WebPage","@id":"https:\/\/kyb-europe.com\/lietuva\/produktai\/mmp\/","url":"https:\/\/kyb-europe.com\/lietuva\/produktai\/mmp\/","name":"\u201eMini Motion\u201c paketas - KYB Lietuva","isPartOf":{"@id":"https:\/\/kyb-europe.com\/lietuva\/#website"},"primaryImageOfPage":{"@id":"https:\/\/kyb-europe.com\/lietuva\/produktai\/mmp\/#primaryimage"},"image":{"@id":"https:\/\/kyb-europe.com\/lietuva\/produktai\/mmp\/#primaryimage"},"thumbnailUrl":"https:\/\/kyb-europe.com\/lietuva\/wp-content\/uploads\/sites\/42\/2025\/03\/MMP-Web-Header.jpg","datePublished":"2025-03-21T11:58:23+00:00","dateModified":"2025-04-22T12:02:53+00:00","description":"\u201eKYB Mini-Motion\u201c paketas (MMP) - tai elektrin\u0117 arba hidraulin\u0117 linijin\u0117 pavara su integruotu varikliu, siurbliu, vo\u017etuvu ir cilindru.","breadcrumb":{"@id":"https:\/\/kyb-europe.com\/lietuva\/produktai\/mmp\/#breadcrumb"},"inLanguage":"lt-LT","potentialAction":[{"@type":"ReadAction","target":["https:\/\/kyb-europe.com\/lietuva\/produktai\/mmp\/"]}]},{"@type":"ImageObject","inLanguage":"lt-LT","@id":"https:\/\/kyb-europe.com\/lietuva\/produktai\/mmp\/#primaryimage","url":"https:\/\/kyb-europe.com\/lietuva\/wp-content\/uploads\/sites\/42\/2025\/03\/MMP-Web-Header.jpg","contentUrl":"https:\/\/kyb-europe.com\/lietuva\/wp-content\/uploads\/sites\/42\/2025\/03\/MMP-Web-Header.jpg","width":1400,"height":733},{"@type":"BreadcrumbList","@id":"https:\/\/kyb-europe.com\/lietuva\/produktai\/mmp\/#breadcrumb","itemListElement":[{"@type":"ListItem","position":1,"name":"Produktai","item":"https:\/\/kyb-europe.com\/lietuva\/produktai\/"},{"@type":"ListItem","position":2,"name":"\u201eMini Motion\u201c paketas"}]},{"@type":"WebSite","@id":"https:\/\/kyb-europe.com\/lietuva\/#website","url":"https:\/\/kyb-europe.com\/lietuva\/","name":"Lietuvos","description":"Our Precision, Your Advantage","publisher":{"@id":"https:\/\/kyb-europe.com\/lietuva\/#organization"},"potentialAction":[{"@type":"SearchAction","target":{"@type":"EntryPoint","urlTemplate":"https:\/\/kyb-europe.com\/lietuva\/?s={search_term_string}"},"query-input":{"@type":"PropertyValueSpecification","valueRequired":true,"valueName":"search_term_string"}}],"inLanguage":"lt-LT"},{"@type":"Organization","@id":"https:\/\/kyb-europe.com\/lietuva\/#organization","name":"Lietuvos","url":"https:\/\/kyb-europe.com\/lietuva\/","logo":{"@type":"ImageObject","inLanguage":"lt-LT","@id":"https:\/\/kyb-europe.com\/lietuva\/#\/schema\/logo\/image\/","url":"https:\/\/kyb-europe.com\/lietuva\/wp-content\/uploads\/sites\/42\/2016\/12\/kyb_logo.png","contentUrl":"https:\/\/kyb-europe.com\/lietuva\/wp-content\/uploads\/sites\/42\/2016\/12\/kyb_logo.png","width":295,"height":92,"caption":"Lietuvos"},"image":{"@id":"https:\/\/kyb-europe.com\/lietuva\/#\/schema\/logo\/image\/"}}]}},"_links":{"self":[{"href":"https:\/\/kyb-europe.com\/lietuva\/wp-json\/wp\/v2\/pages\/227050","targetHints":{"allow":["GET"]}}],"collection":[{"href":"https:\/\/kyb-europe.com\/lietuva\/wp-json\/wp\/v2\/pages"}],"about":[{"href":"https:\/\/kyb-europe.com\/lietuva\/wp-json\/wp\/v2\/types\/page"}],"author":[{"embeddable":true,"href":"https:\/\/kyb-europe.com\/lietuva\/wp-json\/wp\/v2\/users\/3"}],"replies":[{"embeddable":true,"href":"https:\/\/kyb-europe.com\/lietuva\/wp-json\/wp\/v2\/comments?post=227050"}],"version-history":[{"count":5,"href":"https:\/\/kyb-europe.com\/lietuva\/wp-json\/wp\/v2\/pages\/227050\/revisions"}],"predecessor-version":[{"id":227071,"href":"https:\/\/kyb-europe.com\/lietuva\/wp-json\/wp\/v2\/pages\/227050\/revisions\/227071"}],"up":[{"embeddable":true,"href":"https:\/\/kyb-europe.com\/lietuva\/wp-json\/wp\/v2\/pages\/229"}],"wp:featuredmedia":[{"embeddable":true,"href":"https:\/\/kyb-europe.com\/lietuva\/wp-json\/wp\/v2\/media\/227058"}],"wp:attachment":[{"href":"https:\/\/kyb-europe.com\/lietuva\/wp-json\/wp\/v2\/media?parent=227050"}],"curies":[{"name":"wp","href":"https:\/\/api.w.org\/{rel}","templated":true}]}}