
{"id":2,"date":"2016-11-02T10:56:49","date_gmt":"2016-11-02T10:56:49","guid":{"rendered":"http:\/\/kyb.pixeltreemedia.co.uk\/?page_id=2"},"modified":"2025-04-14T11:55:03","modified_gmt":"2025-04-14T10:55:03","slug":"home","status":"publish","type":"page","link":"https:\/\/kyb-europe.com\/lietuva\/","title":{"rendered":"Pagrindinis puslapis"},"content":{"rendered":"","protected":false},"excerpt":{"rendered":"","protected":false},"author":1,"featured_media":225783,"parent":0,"menu_order":0,"comment_status":"closed","ping_status":"closed","template":"","meta":{"_acf_changed":false,"footnotes":""},"class_list":["post-2","page","type-page","status-publish","has-post-thumbnail","hentry"],"acf":[],"yoast_head":"<!-- This site is optimized with the Yoast SEO plugin v27.4 - https:\/\/yoast.com\/product\/yoast-seo-wordpress\/ -->\n<title>KYB Lietuva<\/title>\n<meta name=\"description\" content=\"KYB yra Japonijos pirmaujantis hidraulikos gamintojas ir vienas did\u017eiausi\u0173 originalios \u012frangos (OE) amortizatori\u0173 automobili\u0173 pramonei tiek\u0117jas. Kiekvien\u0105 savait\u0119 gaminame daugiau kaip milijon\u0105 KYB amortizatori\u0173 m\u016bs\u0173 gamyklose visame pasaulyje, \u012fskaitant m\u016bs\u0173 Japonijos Gifu gamykl\u0105 \u2013 did\u017eiausi\u0105 amortizatori\u0173 gamykl\u0105 pasaulyje.\" \/>\n<meta name=\"robots\" content=\"index, follow, max-snippet:-1, max-image-preview:large, max-video-preview:-1\" \/>\n<link rel=\"canonical\" href=\"https:\/\/kyb-europe.com\/lietuva\/\" \/>\n<meta property=\"og:locale\" content=\"lt_LT\" \/>\n<meta property=\"og:type\" content=\"article\" \/>\n<meta property=\"og:title\" content=\"KYB Lietuva\" \/>\n<meta property=\"og:description\" content=\"KYB yra Japonijos pirmaujantis hidraulikos gamintojas ir vienas did\u017eiausi\u0173 originalios \u012frangos (OE) amortizatori\u0173 automobili\u0173 pramonei tiek\u0117jas. Kiekvien\u0105 savait\u0119 gaminame daugiau kaip milijon\u0105 KYB amortizatori\u0173 m\u016bs\u0173 gamyklose visame pasaulyje, \u012fskaitant m\u016bs\u0173 Japonijos Gifu gamykl\u0105 \u2013 did\u017eiausi\u0105 amortizatori\u0173 gamykl\u0105 pasaulyje.\" \/>\n<meta property=\"og:url\" content=\"https:\/\/kyb-europe.com\/lietuva\/\" \/>\n<meta property=\"og:site_name\" content=\"Lietuvos\" \/>\n<meta property=\"article:modified_time\" content=\"2025-04-14T10:55:03+00:00\" \/>\n<meta property=\"og:image\" content=\"https:\/\/kyb-europe.com\/lietuva\/wp-content\/uploads\/sites\/42\/2020\/10\/kyb-homepage-image.jpg\" \/>\n\t<meta property=\"og:image:width\" content=\"1446\" \/>\n\t<meta property=\"og:image:height\" content=\"387\" \/>\n\t<meta property=\"og:image:type\" content=\"image\/jpeg\" \/>\n<meta name=\"twitter:card\" content=\"summary_large_image\" \/>\n<meta name=\"twitter:label1\" content=\"Est. reading time\" \/>\n\t<meta name=\"twitter:data1\" content=\"1 minut\u0117\" \/>\n<script type=\"application\/ld+json\" class=\"yoast-schema-graph\">{\"@context\":\"https:\\\/\\\/schema.org\",\"@graph\":[{\"@type\":\"WebPage\",\"@id\":\"https:\\\/\\\/kyb-europe.com\\\/lietuva\\\/\",\"url\":\"https:\\\/\\\/kyb-europe.com\\\/lietuva\\\/\",\"name\":\"KYB Lietuva\",\"isPartOf\":{\"@id\":\"https:\\\/\\\/kyb-europe.com\\\/lietuva\\\/#website\"},\"primaryImageOfPage\":{\"@id\":\"https:\\\/\\\/kyb-europe.com\\\/lietuva\\\/#primaryimage\"},\"image\":{\"@id\":\"https:\\\/\\\/kyb-europe.com\\\/lietuva\\\/#primaryimage\"},\"thumbnailUrl\":\"https:\\\/\\\/kyb-europe.com\\\/lietuva\\\/wp-content\\\/uploads\\\/sites\\\/42\\\/2020\\\/10\\\/kyb-homepage-image.jpg\",\"datePublished\":\"2016-11-02T10:56:49+00:00\",\"dateModified\":\"2025-04-14T10:55:03+00:00\",\"description\":\"KYB yra Japonijos pirmaujantis hidraulikos gamintojas ir vienas did\u017eiausi\u0173 originalios \u012frangos (OE) amortizatori\u0173 automobili\u0173 pramonei tiek\u0117jas. Kiekvien\u0105 savait\u0119 gaminame daugiau kaip milijon\u0105 KYB amortizatori\u0173 m\u016bs\u0173 gamyklose visame pasaulyje, \u012fskaitant m\u016bs\u0173 Japonijos Gifu gamykl\u0105 \u2013 did\u017eiausi\u0105 amortizatori\u0173 gamykl\u0105 pasaulyje.\",\"inLanguage\":\"lt-LT\",\"potentialAction\":[{\"@type\":\"ReadAction\",\"target\":[\"https:\\\/\\\/kyb-europe.com\\\/lietuva\\\/\"]}]},{\"@type\":\"ImageObject\",\"inLanguage\":\"lt-LT\",\"@id\":\"https:\\\/\\\/kyb-europe.com\\\/lietuva\\\/#primaryimage\",\"url\":\"https:\\\/\\\/kyb-europe.com\\\/lietuva\\\/wp-content\\\/uploads\\\/sites\\\/42\\\/2020\\\/10\\\/kyb-homepage-image.jpg\",\"contentUrl\":\"https:\\\/\\\/kyb-europe.com\\\/lietuva\\\/wp-content\\\/uploads\\\/sites\\\/42\\\/2020\\\/10\\\/kyb-homepage-image.jpg\",\"width\":1446,\"height\":387},{\"@type\":\"WebSite\",\"@id\":\"https:\\\/\\\/kyb-europe.com\\\/lietuva\\\/#website\",\"url\":\"https:\\\/\\\/kyb-europe.com\\\/lietuva\\\/\",\"name\":\"Lietuvos\",\"description\":\"Our Precision, Your Advantage\",\"publisher\":{\"@id\":\"https:\\\/\\\/kyb-europe.com\\\/lietuva\\\/#organization\"},\"potentialAction\":[{\"@type\":\"SearchAction\",\"target\":{\"@type\":\"EntryPoint\",\"urlTemplate\":\"https:\\\/\\\/kyb-europe.com\\\/lietuva\\\/?s={search_term_string}\"},\"query-input\":{\"@type\":\"PropertyValueSpecification\",\"valueRequired\":true,\"valueName\":\"search_term_string\"}}],\"inLanguage\":\"lt-LT\"},{\"@type\":\"Organization\",\"@id\":\"https:\\\/\\\/kyb-europe.com\\\/lietuva\\\/#organization\",\"name\":\"Lietuvos\",\"url\":\"https:\\\/\\\/kyb-europe.com\\\/lietuva\\\/\",\"logo\":{\"@type\":\"ImageObject\",\"inLanguage\":\"lt-LT\",\"@id\":\"https:\\\/\\\/kyb-europe.com\\\/lietuva\\\/#\\\/schema\\\/logo\\\/image\\\/\",\"url\":\"https:\\\/\\\/kyb-europe.com\\\/lietuva\\\/wp-content\\\/uploads\\\/sites\\\/42\\\/2016\\\/12\\\/kyb_logo.png\",\"contentUrl\":\"https:\\\/\\\/kyb-europe.com\\\/lietuva\\\/wp-content\\\/uploads\\\/sites\\\/42\\\/2016\\\/12\\\/kyb_logo.png\",\"width\":295,\"height\":92,\"caption\":\"Lietuvos\"},\"image\":{\"@id\":\"https:\\\/\\\/kyb-europe.com\\\/lietuva\\\/#\\\/schema\\\/logo\\\/image\\\/\"}}]}<\/script>\n<!-- \/ Yoast SEO plugin. -->","yoast_head_json":{"title":"KYB Lietuva","description":"KYB yra Japonijos pirmaujantis hidraulikos gamintojas ir vienas did\u017eiausi\u0173 originalios \u012frangos (OE) amortizatori\u0173 automobili\u0173 pramonei tiek\u0117jas. Kiekvien\u0105 savait\u0119 gaminame daugiau kaip milijon\u0105 KYB amortizatori\u0173 m\u016bs\u0173 gamyklose visame pasaulyje, \u012fskaitant m\u016bs\u0173 Japonijos Gifu gamykl\u0105 \u2013 did\u017eiausi\u0105 amortizatori\u0173 gamykl\u0105 pasaulyje.","robots":{"index":"index","follow":"follow","max-snippet":"max-snippet:-1","max-image-preview":"max-image-preview:large","max-video-preview":"max-video-preview:-1"},"canonical":"https:\/\/kyb-europe.com\/lietuva\/","og_locale":"lt_LT","og_type":"article","og_title":"KYB Lietuva","og_description":"KYB yra Japonijos pirmaujantis hidraulikos gamintojas ir vienas did\u017eiausi\u0173 originalios \u012frangos (OE) amortizatori\u0173 automobili\u0173 pramonei tiek\u0117jas. Kiekvien\u0105 savait\u0119 gaminame daugiau kaip milijon\u0105 KYB amortizatori\u0173 m\u016bs\u0173 gamyklose visame pasaulyje, \u012fskaitant m\u016bs\u0173 Japonijos Gifu gamykl\u0105 \u2013 did\u017eiausi\u0105 amortizatori\u0173 gamykl\u0105 pasaulyje.","og_url":"https:\/\/kyb-europe.com\/lietuva\/","og_site_name":"Lietuvos","article_modified_time":"2025-04-14T10:55:03+00:00","og_image":[{"width":1446,"height":387,"url":"https:\/\/kyb-europe.com\/lietuva\/wp-content\/uploads\/sites\/42\/2020\/10\/kyb-homepage-image.jpg","type":"image\/jpeg"}],"twitter_card":"summary_large_image","twitter_misc":{"Est. reading time":"1 minut\u0117"},"schema":{"@context":"https:\/\/schema.org","@graph":[{"@type":"WebPage","@id":"https:\/\/kyb-europe.com\/lietuva\/","url":"https:\/\/kyb-europe.com\/lietuva\/","name":"KYB Lietuva","isPartOf":{"@id":"https:\/\/kyb-europe.com\/lietuva\/#website"},"primaryImageOfPage":{"@id":"https:\/\/kyb-europe.com\/lietuva\/#primaryimage"},"image":{"@id":"https:\/\/kyb-europe.com\/lietuva\/#primaryimage"},"thumbnailUrl":"https:\/\/kyb-europe.com\/lietuva\/wp-content\/uploads\/sites\/42\/2020\/10\/kyb-homepage-image.jpg","datePublished":"2016-11-02T10:56:49+00:00","dateModified":"2025-04-14T10:55:03+00:00","description":"KYB yra Japonijos pirmaujantis hidraulikos gamintojas ir vienas did\u017eiausi\u0173 originalios \u012frangos (OE) amortizatori\u0173 automobili\u0173 pramonei tiek\u0117jas. Kiekvien\u0105 savait\u0119 gaminame daugiau kaip milijon\u0105 KYB amortizatori\u0173 m\u016bs\u0173 gamyklose visame pasaulyje, \u012fskaitant m\u016bs\u0173 Japonijos Gifu gamykl\u0105 \u2013 did\u017eiausi\u0105 amortizatori\u0173 gamykl\u0105 pasaulyje.","inLanguage":"lt-LT","potentialAction":[{"@type":"ReadAction","target":["https:\/\/kyb-europe.com\/lietuva\/"]}]},{"@type":"ImageObject","inLanguage":"lt-LT","@id":"https:\/\/kyb-europe.com\/lietuva\/#primaryimage","url":"https:\/\/kyb-europe.com\/lietuva\/wp-content\/uploads\/sites\/42\/2020\/10\/kyb-homepage-image.jpg","contentUrl":"https:\/\/kyb-europe.com\/lietuva\/wp-content\/uploads\/sites\/42\/2020\/10\/kyb-homepage-image.jpg","width":1446,"height":387},{"@type":"WebSite","@id":"https:\/\/kyb-europe.com\/lietuva\/#website","url":"https:\/\/kyb-europe.com\/lietuva\/","name":"Lietuvos","description":"Our Precision, Your Advantage","publisher":{"@id":"https:\/\/kyb-europe.com\/lietuva\/#organization"},"potentialAction":[{"@type":"SearchAction","target":{"@type":"EntryPoint","urlTemplate":"https:\/\/kyb-europe.com\/lietuva\/?s={search_term_string}"},"query-input":{"@type":"PropertyValueSpecification","valueRequired":true,"valueName":"search_term_string"}}],"inLanguage":"lt-LT"},{"@type":"Organization","@id":"https:\/\/kyb-europe.com\/lietuva\/#organization","name":"Lietuvos","url":"https:\/\/kyb-europe.com\/lietuva\/","logo":{"@type":"ImageObject","inLanguage":"lt-LT","@id":"https:\/\/kyb-europe.com\/lietuva\/#\/schema\/logo\/image\/","url":"https:\/\/kyb-europe.com\/lietuva\/wp-content\/uploads\/sites\/42\/2016\/12\/kyb_logo.png","contentUrl":"https:\/\/kyb-europe.com\/lietuva\/wp-content\/uploads\/sites\/42\/2016\/12\/kyb_logo.png","width":295,"height":92,"caption":"Lietuvos"},"image":{"@id":"https:\/\/kyb-europe.com\/lietuva\/#\/schema\/logo\/image\/"}}]}},"_links":{"self":[{"href":"https:\/\/kyb-europe.com\/lietuva\/wp-json\/wp\/v2\/pages\/2","targetHints":{"allow":["GET"]}}],"collection":[{"href":"https:\/\/kyb-europe.com\/lietuva\/wp-json\/wp\/v2\/pages"}],"about":[{"href":"https:\/\/kyb-europe.com\/lietuva\/wp-json\/wp\/v2\/types\/page"}],"author":[{"embeddable":true,"href":"https:\/\/kyb-europe.com\/lietuva\/wp-json\/wp\/v2\/users\/1"}],"replies":[{"embeddable":true,"href":"https:\/\/kyb-europe.com\/lietuva\/wp-json\/wp\/v2\/comments?post=2"}],"version-history":[{"count":5,"href":"https:\/\/kyb-europe.com\/lietuva\/wp-json\/wp\/v2\/pages\/2\/revisions"}],"predecessor-version":[{"id":227069,"href":"https:\/\/kyb-europe.com\/lietuva\/wp-json\/wp\/v2\/pages\/2\/revisions\/227069"}],"wp:featuredmedia":[{"embeddable":true,"href":"https:\/\/kyb-europe.com\/lietuva\/wp-json\/wp\/v2\/media\/225783"}],"wp:attachment":[{"href":"https:\/\/kyb-europe.com\/lietuva\/wp-json\/wp\/v2\/media?parent=2"}],"curies":[{"name":"wp","href":"https:\/\/api.w.org\/{rel}","templated":true}]}}