
{"id":2,"date":"2016-11-02T10:56:49","date_gmt":"2016-11-02T10:56:49","guid":{"rendered":"http:\/\/kyb.pixeltreemedia.co.uk\/?page_id=2"},"modified":"2025-04-14T11:44:22","modified_gmt":"2025-04-14T10:44:22","slug":"home","status":"publish","type":"page","link":"https:\/\/kyb-europe.com\/italia\/","title":{"rendered":"Home"},"content":{"rendered":"","protected":false},"excerpt":{"rendered":"","protected":false},"author":1,"featured_media":225783,"parent":0,"menu_order":0,"comment_status":"closed","ping_status":"closed","template":"","meta":{"_acf_changed":false,"footnotes":""},"class_list":["post-2","page","type-page","status-publish","has-post-thumbnail","hentry"],"acf":[],"yoast_head":"<!-- This site is optimized with the Yoast SEO plugin v27.4 - https:\/\/yoast.com\/product\/yoast-seo-wordpress\/ -->\n<title>KYB Italia<\/title>\n<meta name=\"description\" content=\"KYB \u00e8 il maggior produttore di idraulica in Giappone, e uno dei pi\u00f9 grandi fornitori mondiali di ammortizzatori per il primo equipaggiamento (OE) ai costruttori di veicoli.KYKYB \u00e8 il maggior produttore di idraulica in Giappone, e uno dei pi\u00f9 grandi fornitori mondiali di ammortizzatori per il primo equipaggiamento (OE) ai costruttori di veicoli. Oltre un milione di ammortizzatori KYB sono prodotti ogni settimana nelle nostre fabbriche in tutto il mondo, compreso l\u2019impianto giapponese di Gifu \u2013 la pi\u00f9 grande fabbrica di ammortizzatori al mondo.\" \/>\n<meta name=\"robots\" content=\"index, follow, max-snippet:-1, max-image-preview:large, max-video-preview:-1\" \/>\n<link rel=\"canonical\" href=\"https:\/\/kyb-europe.com\/italia\/\" \/>\n<meta property=\"og:locale\" content=\"it_IT\" \/>\n<meta property=\"og:type\" content=\"article\" \/>\n<meta property=\"og:title\" content=\"KYB Italia\" \/>\n<meta property=\"og:description\" content=\"KYB \u00e8 il maggior produttore di idraulica in Giappone, e uno dei pi\u00f9 grandi fornitori mondiali di ammortizzatori per il primo equipaggiamento (OE) ai costruttori di veicoli.KYKYB \u00e8 il maggior produttore di idraulica in Giappone, e uno dei pi\u00f9 grandi fornitori mondiali di ammortizzatori per il primo equipaggiamento (OE) ai costruttori di veicoli. Oltre un milione di ammortizzatori KYB sono prodotti ogni settimana nelle nostre fabbriche in tutto il mondo, compreso l\u2019impianto giapponese di Gifu \u2013 la pi\u00f9 grande fabbrica di ammortizzatori al mondo.\" \/>\n<meta property=\"og:url\" content=\"https:\/\/kyb-europe.com\/italia\/\" \/>\n<meta property=\"og:site_name\" content=\"Italiano\" \/>\n<meta property=\"article:modified_time\" content=\"2025-04-14T10:44:22+00:00\" \/>\n<meta property=\"og:image\" content=\"https:\/\/kyb-europe.com\/italia\/wp-content\/uploads\/sites\/37\/2020\/10\/kyb-homepage-image.jpg\" \/>\n\t<meta property=\"og:image:width\" content=\"1446\" \/>\n\t<meta property=\"og:image:height\" content=\"387\" \/>\n\t<meta property=\"og:image:type\" content=\"image\/jpeg\" \/>\n<meta name=\"twitter:card\" content=\"summary_large_image\" \/>\n<meta name=\"twitter:label1\" content=\"Tempo di lettura stimato\" \/>\n\t<meta name=\"twitter:data1\" content=\"1 minuto\" \/>\n<script type=\"application\/ld+json\" class=\"yoast-schema-graph\">{\"@context\":\"https:\\\/\\\/schema.org\",\"@graph\":[{\"@type\":\"WebPage\",\"@id\":\"https:\\\/\\\/kyb-europe.com\\\/italia\\\/\",\"url\":\"https:\\\/\\\/kyb-europe.com\\\/italia\\\/\",\"name\":\"KYB Italia\",\"isPartOf\":{\"@id\":\"https:\\\/\\\/kyb-europe.com\\\/italia\\\/#website\"},\"primaryImageOfPage\":{\"@id\":\"https:\\\/\\\/kyb-europe.com\\\/italia\\\/#primaryimage\"},\"image\":{\"@id\":\"https:\\\/\\\/kyb-europe.com\\\/italia\\\/#primaryimage\"},\"thumbnailUrl\":\"https:\\\/\\\/kyb-europe.com\\\/italia\\\/wp-content\\\/uploads\\\/sites\\\/37\\\/2020\\\/10\\\/kyb-homepage-image.jpg\",\"datePublished\":\"2016-11-02T10:56:49+00:00\",\"dateModified\":\"2025-04-14T10:44:22+00:00\",\"description\":\"KYB \u00e8 il maggior produttore di idraulica in Giappone, e uno dei pi\u00f9 grandi fornitori mondiali di ammortizzatori per il primo equipaggiamento (OE) ai costruttori di veicoli.KYKYB \u00e8 il maggior produttore di idraulica in Giappone, e uno dei pi\u00f9 grandi fornitori mondiali di ammortizzatori per il primo equipaggiamento (OE) ai costruttori di veicoli. Oltre un milione di ammortizzatori KYB sono prodotti ogni settimana nelle nostre fabbriche in tutto il mondo, compreso l\u2019impianto giapponese di Gifu \u2013 la pi\u00f9 grande fabbrica di ammortizzatori al mondo.\",\"inLanguage\":\"it-IT\",\"potentialAction\":[{\"@type\":\"ReadAction\",\"target\":[\"https:\\\/\\\/kyb-europe.com\\\/italia\\\/\"]}]},{\"@type\":\"ImageObject\",\"inLanguage\":\"it-IT\",\"@id\":\"https:\\\/\\\/kyb-europe.com\\\/italia\\\/#primaryimage\",\"url\":\"https:\\\/\\\/kyb-europe.com\\\/italia\\\/wp-content\\\/uploads\\\/sites\\\/37\\\/2020\\\/10\\\/kyb-homepage-image.jpg\",\"contentUrl\":\"https:\\\/\\\/kyb-europe.com\\\/italia\\\/wp-content\\\/uploads\\\/sites\\\/37\\\/2020\\\/10\\\/kyb-homepage-image.jpg\",\"width\":1446,\"height\":387},{\"@type\":\"WebSite\",\"@id\":\"https:\\\/\\\/kyb-europe.com\\\/italia\\\/#website\",\"url\":\"https:\\\/\\\/kyb-europe.com\\\/italia\\\/\",\"name\":\"Italiano\",\"description\":\"Our Precision, Your Advantage\",\"publisher\":{\"@id\":\"https:\\\/\\\/kyb-europe.com\\\/italia\\\/#organization\"},\"potentialAction\":[{\"@type\":\"SearchAction\",\"target\":{\"@type\":\"EntryPoint\",\"urlTemplate\":\"https:\\\/\\\/kyb-europe.com\\\/italia\\\/?s={search_term_string}\"},\"query-input\":{\"@type\":\"PropertyValueSpecification\",\"valueRequired\":true,\"valueName\":\"search_term_string\"}}],\"inLanguage\":\"it-IT\"},{\"@type\":\"Organization\",\"@id\":\"https:\\\/\\\/kyb-europe.com\\\/italia\\\/#organization\",\"name\":\"Italiano\",\"url\":\"https:\\\/\\\/kyb-europe.com\\\/italia\\\/\",\"logo\":{\"@type\":\"ImageObject\",\"inLanguage\":\"it-IT\",\"@id\":\"https:\\\/\\\/kyb-europe.com\\\/italia\\\/#\\\/schema\\\/logo\\\/image\\\/\",\"url\":\"https:\\\/\\\/kyb-europe.com\\\/italia\\\/wp-content\\\/uploads\\\/sites\\\/37\\\/2016\\\/12\\\/kyb_logo.png\",\"contentUrl\":\"https:\\\/\\\/kyb-europe.com\\\/italia\\\/wp-content\\\/uploads\\\/sites\\\/37\\\/2016\\\/12\\\/kyb_logo.png\",\"width\":295,\"height\":92,\"caption\":\"Italiano\"},\"image\":{\"@id\":\"https:\\\/\\\/kyb-europe.com\\\/italia\\\/#\\\/schema\\\/logo\\\/image\\\/\"}}]}<\/script>\n<!-- \/ Yoast SEO plugin. -->","yoast_head_json":{"title":"KYB Italia","description":"KYB \u00e8 il maggior produttore di idraulica in Giappone, e uno dei pi\u00f9 grandi fornitori mondiali di ammortizzatori per il primo equipaggiamento (OE) ai costruttori di veicoli.KYKYB \u00e8 il maggior produttore di idraulica in Giappone, e uno dei pi\u00f9 grandi fornitori mondiali di ammortizzatori per il primo equipaggiamento (OE) ai costruttori di veicoli. Oltre un milione di ammortizzatori KYB sono prodotti ogni settimana nelle nostre fabbriche in tutto il mondo, compreso l\u2019impianto giapponese di Gifu \u2013 la pi\u00f9 grande fabbrica di ammortizzatori al mondo.","robots":{"index":"index","follow":"follow","max-snippet":"max-snippet:-1","max-image-preview":"max-image-preview:large","max-video-preview":"max-video-preview:-1"},"canonical":"https:\/\/kyb-europe.com\/italia\/","og_locale":"it_IT","og_type":"article","og_title":"KYB Italia","og_description":"KYB \u00e8 il maggior produttore di idraulica in Giappone, e uno dei pi\u00f9 grandi fornitori mondiali di ammortizzatori per il primo equipaggiamento (OE) ai costruttori di veicoli.KYKYB \u00e8 il maggior produttore di idraulica in Giappone, e uno dei pi\u00f9 grandi fornitori mondiali di ammortizzatori per il primo equipaggiamento (OE) ai costruttori di veicoli. Oltre un milione di ammortizzatori KYB sono prodotti ogni settimana nelle nostre fabbriche in tutto il mondo, compreso l\u2019impianto giapponese di Gifu \u2013 la pi\u00f9 grande fabbrica di ammortizzatori al mondo.","og_url":"https:\/\/kyb-europe.com\/italia\/","og_site_name":"Italiano","article_modified_time":"2025-04-14T10:44:22+00:00","og_image":[{"width":1446,"height":387,"url":"https:\/\/kyb-europe.com\/italia\/wp-content\/uploads\/sites\/37\/2020\/10\/kyb-homepage-image.jpg","type":"image\/jpeg"}],"twitter_card":"summary_large_image","twitter_misc":{"Tempo di lettura stimato":"1 minuto"},"schema":{"@context":"https:\/\/schema.org","@graph":[{"@type":"WebPage","@id":"https:\/\/kyb-europe.com\/italia\/","url":"https:\/\/kyb-europe.com\/italia\/","name":"KYB Italia","isPartOf":{"@id":"https:\/\/kyb-europe.com\/italia\/#website"},"primaryImageOfPage":{"@id":"https:\/\/kyb-europe.com\/italia\/#primaryimage"},"image":{"@id":"https:\/\/kyb-europe.com\/italia\/#primaryimage"},"thumbnailUrl":"https:\/\/kyb-europe.com\/italia\/wp-content\/uploads\/sites\/37\/2020\/10\/kyb-homepage-image.jpg","datePublished":"2016-11-02T10:56:49+00:00","dateModified":"2025-04-14T10:44:22+00:00","description":"KYB \u00e8 il maggior produttore di idraulica in Giappone, e uno dei pi\u00f9 grandi fornitori mondiali di ammortizzatori per il primo equipaggiamento (OE) ai costruttori di veicoli.KYKYB \u00e8 il maggior produttore di idraulica in Giappone, e uno dei pi\u00f9 grandi fornitori mondiali di ammortizzatori per il primo equipaggiamento (OE) ai costruttori di veicoli. Oltre un milione di ammortizzatori KYB sono prodotti ogni settimana nelle nostre fabbriche in tutto il mondo, compreso l\u2019impianto giapponese di Gifu \u2013 la pi\u00f9 grande fabbrica di ammortizzatori al mondo.","inLanguage":"it-IT","potentialAction":[{"@type":"ReadAction","target":["https:\/\/kyb-europe.com\/italia\/"]}]},{"@type":"ImageObject","inLanguage":"it-IT","@id":"https:\/\/kyb-europe.com\/italia\/#primaryimage","url":"https:\/\/kyb-europe.com\/italia\/wp-content\/uploads\/sites\/37\/2020\/10\/kyb-homepage-image.jpg","contentUrl":"https:\/\/kyb-europe.com\/italia\/wp-content\/uploads\/sites\/37\/2020\/10\/kyb-homepage-image.jpg","width":1446,"height":387},{"@type":"WebSite","@id":"https:\/\/kyb-europe.com\/italia\/#website","url":"https:\/\/kyb-europe.com\/italia\/","name":"Italiano","description":"Our Precision, Your Advantage","publisher":{"@id":"https:\/\/kyb-europe.com\/italia\/#organization"},"potentialAction":[{"@type":"SearchAction","target":{"@type":"EntryPoint","urlTemplate":"https:\/\/kyb-europe.com\/italia\/?s={search_term_string}"},"query-input":{"@type":"PropertyValueSpecification","valueRequired":true,"valueName":"search_term_string"}}],"inLanguage":"it-IT"},{"@type":"Organization","@id":"https:\/\/kyb-europe.com\/italia\/#organization","name":"Italiano","url":"https:\/\/kyb-europe.com\/italia\/","logo":{"@type":"ImageObject","inLanguage":"it-IT","@id":"https:\/\/kyb-europe.com\/italia\/#\/schema\/logo\/image\/","url":"https:\/\/kyb-europe.com\/italia\/wp-content\/uploads\/sites\/37\/2016\/12\/kyb_logo.png","contentUrl":"https:\/\/kyb-europe.com\/italia\/wp-content\/uploads\/sites\/37\/2016\/12\/kyb_logo.png","width":295,"height":92,"caption":"Italiano"},"image":{"@id":"https:\/\/kyb-europe.com\/italia\/#\/schema\/logo\/image\/"}}]}},"_links":{"self":[{"href":"https:\/\/kyb-europe.com\/italia\/wp-json\/wp\/v2\/pages\/2","targetHints":{"allow":["GET"]}}],"collection":[{"href":"https:\/\/kyb-europe.com\/italia\/wp-json\/wp\/v2\/pages"}],"about":[{"href":"https:\/\/kyb-europe.com\/italia\/wp-json\/wp\/v2\/types\/page"}],"author":[{"embeddable":true,"href":"https:\/\/kyb-europe.com\/italia\/wp-json\/wp\/v2\/users\/1"}],"replies":[{"embeddable":true,"href":"https:\/\/kyb-europe.com\/italia\/wp-json\/wp\/v2\/comments?post=2"}],"version-history":[{"count":5,"href":"https:\/\/kyb-europe.com\/italia\/wp-json\/wp\/v2\/pages\/2\/revisions"}],"predecessor-version":[{"id":227296,"href":"https:\/\/kyb-europe.com\/italia\/wp-json\/wp\/v2\/pages\/2\/revisions\/227296"}],"wp:featuredmedia":[{"embeddable":true,"href":"https:\/\/kyb-europe.com\/italia\/wp-json\/wp\/v2\/media\/225783"}],"wp:attachment":[{"href":"https:\/\/kyb-europe.com\/italia\/wp-json\/wp\/v2\/media?parent=2"}],"curies":[{"name":"wp","href":"https:\/\/api.w.org\/{rel}","templated":true}]}}