
{"id":2,"date":"2016-11-02T10:56:49","date_gmt":"2016-11-02T10:56:49","guid":{"rendered":"http:\/\/kyb.pixeltreemedia.co.uk\/?page_id=2"},"modified":"2025-04-14T11:45:50","modified_gmt":"2025-04-14T10:45:50","slug":"home","status":"publish","type":"page","link":"https:\/\/kyb-europe.com\/iberia\/","title":{"rendered":"Inicio"},"content":{"rendered":"","protected":false},"excerpt":{"rendered":"","protected":false},"author":1,"featured_media":225783,"parent":0,"menu_order":0,"comment_status":"closed","ping_status":"closed","template":"","meta":{"_acf_changed":false,"footnotes":""},"class_list":["post-2","page","type-page","status-publish","has-post-thumbnail","hentry"],"acf":[],"yoast_head":"<!-- This site is optimized with the Yoast SEO plugin v27.2 - https:\/\/yoast.com\/product\/yoast-seo-wordpress\/ -->\n<title>KYB Europa - Iberia<\/title>\n<meta name=\"description\" content=\"KYB es el mayor fabricante de productos hidr\u00e1ulicos de Jap\u00f3n y uno de los principales proveedores mundiales de amortiguadores para los constructores de veh\u00edculos (OE). Cada semana se fabrican m\u00e1s de un mill\u00f3n de amortiguadores KYB en nuestras f\u00e1bricas de todo el mundo, incluyendo nuestra planta japonesa de Gifu, la mayor f\u00e1brica de amortiguadores del mundo.\" \/>\n<meta name=\"robots\" content=\"index, follow, max-snippet:-1, max-image-preview:large, max-video-preview:-1\" \/>\n<link rel=\"canonical\" href=\"https:\/\/kyb-europe.com\/iberia\/\" \/>\n<meta property=\"og:locale\" content=\"es_ES\" \/>\n<meta property=\"og:type\" content=\"article\" \/>\n<meta property=\"og:title\" content=\"KYB Europa - Iberia\" \/>\n<meta property=\"og:description\" content=\"KYB es el mayor fabricante de productos hidr\u00e1ulicos de Jap\u00f3n y uno de los principales proveedores mundiales de amortiguadores para los constructores de veh\u00edculos (OE). Cada semana se fabrican m\u00e1s de un mill\u00f3n de amortiguadores KYB en nuestras f\u00e1bricas de todo el mundo, incluyendo nuestra planta japonesa de Gifu, la mayor f\u00e1brica de amortiguadores del mundo.\" \/>\n<meta property=\"og:url\" content=\"https:\/\/kyb-europe.com\/iberia\/\" \/>\n<meta property=\"og:site_name\" content=\"Espa\u00f1ol\" \/>\n<meta property=\"article:modified_time\" content=\"2025-04-14T10:45:50+00:00\" \/>\n<meta property=\"og:image\" content=\"https:\/\/kyb-europe.com\/iberia\/wp-content\/uploads\/sites\/38\/2020\/10\/kyb-homepage-image.jpg\" \/>\n\t<meta property=\"og:image:width\" content=\"1446\" \/>\n\t<meta property=\"og:image:height\" content=\"387\" \/>\n\t<meta property=\"og:image:type\" content=\"image\/jpeg\" \/>\n<meta name=\"twitter:card\" content=\"summary_large_image\" \/>\n<meta name=\"twitter:label1\" content=\"Tiempo de lectura\" \/>\n\t<meta name=\"twitter:data1\" content=\"1 minuto\" \/>\n<script type=\"application\/ld+json\" class=\"yoast-schema-graph\">{\"@context\":\"https:\/\/schema.org\",\"@graph\":[{\"@type\":\"WebPage\",\"@id\":\"https:\/\/kyb-europe.com\/iberia\/\",\"url\":\"https:\/\/kyb-europe.com\/iberia\/\",\"name\":\"KYB Europa - Iberia\",\"isPartOf\":{\"@id\":\"https:\/\/kyb-europe.com\/iberia\/#website\"},\"primaryImageOfPage\":{\"@id\":\"https:\/\/kyb-europe.com\/iberia\/#primaryimage\"},\"image\":{\"@id\":\"https:\/\/kyb-europe.com\/iberia\/#primaryimage\"},\"thumbnailUrl\":\"https:\/\/kyb-europe.com\/iberia\/wp-content\/uploads\/sites\/38\/2020\/10\/kyb-homepage-image.jpg\",\"datePublished\":\"2016-11-02T10:56:49+00:00\",\"dateModified\":\"2025-04-14T10:45:50+00:00\",\"description\":\"KYB es el mayor fabricante de productos hidr\u00e1ulicos de Jap\u00f3n y uno de los principales proveedores mundiales de amortiguadores para los constructores de veh\u00edculos (OE). Cada semana se fabrican m\u00e1s de un mill\u00f3n de amortiguadores KYB en nuestras f\u00e1bricas de todo el mundo, incluyendo nuestra planta japonesa de Gifu, la mayor f\u00e1brica de amortiguadores del mundo.\",\"inLanguage\":\"es\",\"potentialAction\":[{\"@type\":\"ReadAction\",\"target\":[\"https:\/\/kyb-europe.com\/iberia\/\"]}]},{\"@type\":\"ImageObject\",\"inLanguage\":\"es\",\"@id\":\"https:\/\/kyb-europe.com\/iberia\/#primaryimage\",\"url\":\"https:\/\/kyb-europe.com\/iberia\/wp-content\/uploads\/sites\/38\/2020\/10\/kyb-homepage-image.jpg\",\"contentUrl\":\"https:\/\/kyb-europe.com\/iberia\/wp-content\/uploads\/sites\/38\/2020\/10\/kyb-homepage-image.jpg\",\"width\":1446,\"height\":387},{\"@type\":\"WebSite\",\"@id\":\"https:\/\/kyb-europe.com\/iberia\/#website\",\"url\":\"https:\/\/kyb-europe.com\/iberia\/\",\"name\":\"Espa\u00f1ol\",\"description\":\"Our Precision, Your Advantage\",\"publisher\":{\"@id\":\"https:\/\/kyb-europe.com\/iberia\/#organization\"},\"potentialAction\":[{\"@type\":\"SearchAction\",\"target\":{\"@type\":\"EntryPoint\",\"urlTemplate\":\"https:\/\/kyb-europe.com\/iberia\/?s={search_term_string}\"},\"query-input\":{\"@type\":\"PropertyValueSpecification\",\"valueRequired\":true,\"valueName\":\"search_term_string\"}}],\"inLanguage\":\"es\"},{\"@type\":\"Organization\",\"@id\":\"https:\/\/kyb-europe.com\/iberia\/#organization\",\"name\":\"Espa\u00f1ol\",\"url\":\"https:\/\/kyb-europe.com\/iberia\/\",\"logo\":{\"@type\":\"ImageObject\",\"inLanguage\":\"es\",\"@id\":\"https:\/\/kyb-europe.com\/iberia\/#\/schema\/logo\/image\/\",\"url\":\"https:\/\/kyb-europe.com\/iberia\/wp-content\/uploads\/sites\/38\/2016\/12\/kyb_logo.png\",\"contentUrl\":\"https:\/\/kyb-europe.com\/iberia\/wp-content\/uploads\/sites\/38\/2016\/12\/kyb_logo.png\",\"width\":295,\"height\":92,\"caption\":\"Espa\u00f1ol\"},\"image\":{\"@id\":\"https:\/\/kyb-europe.com\/iberia\/#\/schema\/logo\/image\/\"}}]}<\/script>\n<!-- \/ Yoast SEO plugin. -->","yoast_head_json":{"title":"KYB Europa - Iberia","description":"KYB es el mayor fabricante de productos hidr\u00e1ulicos de Jap\u00f3n y uno de los principales proveedores mundiales de amortiguadores para los constructores de veh\u00edculos (OE). Cada semana se fabrican m\u00e1s de un mill\u00f3n de amortiguadores KYB en nuestras f\u00e1bricas de todo el mundo, incluyendo nuestra planta japonesa de Gifu, la mayor f\u00e1brica de amortiguadores del mundo.","robots":{"index":"index","follow":"follow","max-snippet":"max-snippet:-1","max-image-preview":"max-image-preview:large","max-video-preview":"max-video-preview:-1"},"canonical":"https:\/\/kyb-europe.com\/iberia\/","og_locale":"es_ES","og_type":"article","og_title":"KYB Europa - Iberia","og_description":"KYB es el mayor fabricante de productos hidr\u00e1ulicos de Jap\u00f3n y uno de los principales proveedores mundiales de amortiguadores para los constructores de veh\u00edculos (OE). Cada semana se fabrican m\u00e1s de un mill\u00f3n de amortiguadores KYB en nuestras f\u00e1bricas de todo el mundo, incluyendo nuestra planta japonesa de Gifu, la mayor f\u00e1brica de amortiguadores del mundo.","og_url":"https:\/\/kyb-europe.com\/iberia\/","og_site_name":"Espa\u00f1ol","article_modified_time":"2025-04-14T10:45:50+00:00","og_image":[{"width":1446,"height":387,"url":"https:\/\/kyb-europe.com\/iberia\/wp-content\/uploads\/sites\/38\/2020\/10\/kyb-homepage-image.jpg","type":"image\/jpeg"}],"twitter_card":"summary_large_image","twitter_misc":{"Tiempo de lectura":"1 minuto"},"schema":{"@context":"https:\/\/schema.org","@graph":[{"@type":"WebPage","@id":"https:\/\/kyb-europe.com\/iberia\/","url":"https:\/\/kyb-europe.com\/iberia\/","name":"KYB Europa - Iberia","isPartOf":{"@id":"https:\/\/kyb-europe.com\/iberia\/#website"},"primaryImageOfPage":{"@id":"https:\/\/kyb-europe.com\/iberia\/#primaryimage"},"image":{"@id":"https:\/\/kyb-europe.com\/iberia\/#primaryimage"},"thumbnailUrl":"https:\/\/kyb-europe.com\/iberia\/wp-content\/uploads\/sites\/38\/2020\/10\/kyb-homepage-image.jpg","datePublished":"2016-11-02T10:56:49+00:00","dateModified":"2025-04-14T10:45:50+00:00","description":"KYB es el mayor fabricante de productos hidr\u00e1ulicos de Jap\u00f3n y uno de los principales proveedores mundiales de amortiguadores para los constructores de veh\u00edculos (OE). Cada semana se fabrican m\u00e1s de un mill\u00f3n de amortiguadores KYB en nuestras f\u00e1bricas de todo el mundo, incluyendo nuestra planta japonesa de Gifu, la mayor f\u00e1brica de amortiguadores del mundo.","inLanguage":"es","potentialAction":[{"@type":"ReadAction","target":["https:\/\/kyb-europe.com\/iberia\/"]}]},{"@type":"ImageObject","inLanguage":"es","@id":"https:\/\/kyb-europe.com\/iberia\/#primaryimage","url":"https:\/\/kyb-europe.com\/iberia\/wp-content\/uploads\/sites\/38\/2020\/10\/kyb-homepage-image.jpg","contentUrl":"https:\/\/kyb-europe.com\/iberia\/wp-content\/uploads\/sites\/38\/2020\/10\/kyb-homepage-image.jpg","width":1446,"height":387},{"@type":"WebSite","@id":"https:\/\/kyb-europe.com\/iberia\/#website","url":"https:\/\/kyb-europe.com\/iberia\/","name":"Espa\u00f1ol","description":"Our Precision, Your Advantage","publisher":{"@id":"https:\/\/kyb-europe.com\/iberia\/#organization"},"potentialAction":[{"@type":"SearchAction","target":{"@type":"EntryPoint","urlTemplate":"https:\/\/kyb-europe.com\/iberia\/?s={search_term_string}"},"query-input":{"@type":"PropertyValueSpecification","valueRequired":true,"valueName":"search_term_string"}}],"inLanguage":"es"},{"@type":"Organization","@id":"https:\/\/kyb-europe.com\/iberia\/#organization","name":"Espa\u00f1ol","url":"https:\/\/kyb-europe.com\/iberia\/","logo":{"@type":"ImageObject","inLanguage":"es","@id":"https:\/\/kyb-europe.com\/iberia\/#\/schema\/logo\/image\/","url":"https:\/\/kyb-europe.com\/iberia\/wp-content\/uploads\/sites\/38\/2016\/12\/kyb_logo.png","contentUrl":"https:\/\/kyb-europe.com\/iberia\/wp-content\/uploads\/sites\/38\/2016\/12\/kyb_logo.png","width":295,"height":92,"caption":"Espa\u00f1ol"},"image":{"@id":"https:\/\/kyb-europe.com\/iberia\/#\/schema\/logo\/image\/"}}]}},"_links":{"self":[{"href":"https:\/\/kyb-europe.com\/iberia\/wp-json\/wp\/v2\/pages\/2","targetHints":{"allow":["GET"]}}],"collection":[{"href":"https:\/\/kyb-europe.com\/iberia\/wp-json\/wp\/v2\/pages"}],"about":[{"href":"https:\/\/kyb-europe.com\/iberia\/wp-json\/wp\/v2\/types\/page"}],"author":[{"embeddable":true,"href":"https:\/\/kyb-europe.com\/iberia\/wp-json\/wp\/v2\/users\/1"}],"replies":[{"embeddable":true,"href":"https:\/\/kyb-europe.com\/iberia\/wp-json\/wp\/v2\/comments?post=2"}],"version-history":[{"count":5,"href":"https:\/\/kyb-europe.com\/iberia\/wp-json\/wp\/v2\/pages\/2\/revisions"}],"predecessor-version":[{"id":229528,"href":"https:\/\/kyb-europe.com\/iberia\/wp-json\/wp\/v2\/pages\/2\/revisions\/229528"}],"wp:featuredmedia":[{"embeddable":true,"href":"https:\/\/kyb-europe.com\/iberia\/wp-json\/wp\/v2\/media\/225783"}],"wp:attachment":[{"href":"https:\/\/kyb-europe.com\/iberia\/wp-json\/wp\/v2\/media?parent=2"}],"curies":[{"name":"wp","href":"https:\/\/api.w.org\/{rel}","templated":true}]}}