
{"id":227118,"date":"2025-03-21T10:52:39","date_gmt":"2025-03-21T10:52:39","guid":{"rendered":"https:\/\/kyb-europe.com\/hrvatska\/?page_id=227118"},"modified":"2025-04-22T12:45:19","modified_gmt":"2025-04-22T11:45:19","slug":"mmp","status":"publish","type":"page","link":"https:\/\/kyb-europe.com\/hrvatska\/produkti\/mmp\/","title":{"rendered":"Mini Motion paket"},"content":{"rendered":"","protected":false},"excerpt":{"rendered":"","protected":false},"author":3,"featured_media":227119,"parent":229,"menu_order":0,"comment_status":"closed","ping_status":"closed","template":"","meta":{"_acf_changed":false,"footnotes":""},"class_list":["post-227118","page","type-page","status-publish","has-post-thumbnail","hentry"],"acf":[],"yoast_head":"<!-- This site is optimized with the Yoast SEO plugin v27.4 - https:\/\/yoast.com\/product\/yoast-seo-wordpress\/ -->\n<title>Mini Motion paket - KYB Hrvatska<\/title>\n<meta name=\"description\" content=\"KYB Mini-Motion paket (MMP) je elektri\u010dni i hidrauli\u010dki linearni aktuator koji sadr\u017ei integrirani motor, pumpu, ventil i cilindar.\" \/>\n<meta name=\"robots\" content=\"index, follow, max-snippet:-1, max-image-preview:large, max-video-preview:-1\" \/>\n<link rel=\"canonical\" href=\"https:\/\/kyb-europe.com\/hrvatska\/produkti\/mmp\/\" \/>\n<meta property=\"og:locale\" content=\"hr_HR\" \/>\n<meta property=\"og:type\" content=\"article\" \/>\n<meta property=\"og:title\" content=\"Mini Motion paket - KYB Hrvatska\" \/>\n<meta property=\"og:description\" content=\"KYB Mini-Motion paket (MMP) je elektri\u010dni i hidrauli\u010dki linearni aktuator koji sadr\u017ei integrirani motor, pumpu, ventil i cilindar.\" \/>\n<meta property=\"og:url\" content=\"https:\/\/kyb-europe.com\/hrvatska\/produkti\/mmp\/\" \/>\n<meta property=\"og:site_name\" content=\"Hrvatski\" \/>\n<meta property=\"article:modified_time\" content=\"2025-04-22T11:45:19+00:00\" \/>\n<meta property=\"og:image\" content=\"https:\/\/kyb-europe.com\/hrvatska\/wp-content\/uploads\/sites\/46\/2025\/03\/MMP-Web-Header.jpg\" \/>\n\t<meta property=\"og:image:width\" content=\"1400\" \/>\n\t<meta property=\"og:image:height\" content=\"733\" \/>\n\t<meta property=\"og:image:type\" content=\"image\/jpeg\" \/>\n<meta name=\"twitter:card\" content=\"summary_large_image\" \/>\n<meta name=\"twitter:label1\" content=\"Procijenjeno vrijeme \u010ditanja\" \/>\n\t<meta name=\"twitter:data1\" content=\"1 minuta\" \/>\n<script type=\"application\/ld+json\" class=\"yoast-schema-graph\">{\"@context\":\"https:\\\/\\\/schema.org\",\"@graph\":[{\"@type\":\"WebPage\",\"@id\":\"https:\\\/\\\/kyb-europe.com\\\/hrvatska\\\/produkti\\\/mmp\\\/\",\"url\":\"https:\\\/\\\/kyb-europe.com\\\/hrvatska\\\/produkti\\\/mmp\\\/\",\"name\":\"Mini Motion paket - KYB Hrvatska\",\"isPartOf\":{\"@id\":\"https:\\\/\\\/kyb-europe.com\\\/hrvatska\\\/#website\"},\"primaryImageOfPage\":{\"@id\":\"https:\\\/\\\/kyb-europe.com\\\/hrvatska\\\/produkti\\\/mmp\\\/#primaryimage\"},\"image\":{\"@id\":\"https:\\\/\\\/kyb-europe.com\\\/hrvatska\\\/produkti\\\/mmp\\\/#primaryimage\"},\"thumbnailUrl\":\"https:\\\/\\\/kyb-europe.com\\\/hrvatska\\\/wp-content\\\/uploads\\\/sites\\\/46\\\/2025\\\/03\\\/MMP-Web-Header.jpg\",\"datePublished\":\"2025-03-21T10:52:39+00:00\",\"dateModified\":\"2025-04-22T11:45:19+00:00\",\"description\":\"KYB Mini-Motion paket (MMP) je elektri\u010dni i hidrauli\u010dki linearni aktuator koji sadr\u017ei integrirani motor, pumpu, ventil i cilindar.\",\"breadcrumb\":{\"@id\":\"https:\\\/\\\/kyb-europe.com\\\/hrvatska\\\/produkti\\\/mmp\\\/#breadcrumb\"},\"inLanguage\":\"hr\",\"potentialAction\":[{\"@type\":\"ReadAction\",\"target\":[\"https:\\\/\\\/kyb-europe.com\\\/hrvatska\\\/produkti\\\/mmp\\\/\"]}]},{\"@type\":\"ImageObject\",\"inLanguage\":\"hr\",\"@id\":\"https:\\\/\\\/kyb-europe.com\\\/hrvatska\\\/produkti\\\/mmp\\\/#primaryimage\",\"url\":\"https:\\\/\\\/kyb-europe.com\\\/hrvatska\\\/wp-content\\\/uploads\\\/sites\\\/46\\\/2025\\\/03\\\/MMP-Web-Header.jpg\",\"contentUrl\":\"https:\\\/\\\/kyb-europe.com\\\/hrvatska\\\/wp-content\\\/uploads\\\/sites\\\/46\\\/2025\\\/03\\\/MMP-Web-Header.jpg\",\"width\":1400,\"height\":733},{\"@type\":\"BreadcrumbList\",\"@id\":\"https:\\\/\\\/kyb-europe.com\\\/hrvatska\\\/produkti\\\/mmp\\\/#breadcrumb\",\"itemListElement\":[{\"@type\":\"ListItem\",\"position\":1,\"name\":\"Produkti\",\"item\":\"https:\\\/\\\/kyb-europe.com\\\/hrvatska\\\/produkti\\\/\"},{\"@type\":\"ListItem\",\"position\":2,\"name\":\"Mini Motion paket\"}]},{\"@type\":\"WebSite\",\"@id\":\"https:\\\/\\\/kyb-europe.com\\\/hrvatska\\\/#website\",\"url\":\"https:\\\/\\\/kyb-europe.com\\\/hrvatska\\\/\",\"name\":\"Hrvatski\",\"description\":\"Our Precision, Your Advantage\",\"publisher\":{\"@id\":\"https:\\\/\\\/kyb-europe.com\\\/hrvatska\\\/#organization\"},\"potentialAction\":[{\"@type\":\"SearchAction\",\"target\":{\"@type\":\"EntryPoint\",\"urlTemplate\":\"https:\\\/\\\/kyb-europe.com\\\/hrvatska\\\/?s={search_term_string}\"},\"query-input\":{\"@type\":\"PropertyValueSpecification\",\"valueRequired\":true,\"valueName\":\"search_term_string\"}}],\"inLanguage\":\"hr\"},{\"@type\":\"Organization\",\"@id\":\"https:\\\/\\\/kyb-europe.com\\\/hrvatska\\\/#organization\",\"name\":\"Hrvatski\",\"url\":\"https:\\\/\\\/kyb-europe.com\\\/hrvatska\\\/\",\"logo\":{\"@type\":\"ImageObject\",\"inLanguage\":\"hr\",\"@id\":\"https:\\\/\\\/kyb-europe.com\\\/hrvatska\\\/#\\\/schema\\\/logo\\\/image\\\/\",\"url\":\"https:\\\/\\\/kyb-europe.com\\\/hrvatska\\\/wp-content\\\/uploads\\\/sites\\\/46\\\/2016\\\/12\\\/kyb_logo.png\",\"contentUrl\":\"https:\\\/\\\/kyb-europe.com\\\/hrvatska\\\/wp-content\\\/uploads\\\/sites\\\/46\\\/2016\\\/12\\\/kyb_logo.png\",\"width\":295,\"height\":92,\"caption\":\"Hrvatski\"},\"image\":{\"@id\":\"https:\\\/\\\/kyb-europe.com\\\/hrvatska\\\/#\\\/schema\\\/logo\\\/image\\\/\"}}]}<\/script>\n<!-- \/ Yoast SEO plugin. -->","yoast_head_json":{"title":"Mini Motion paket - KYB Hrvatska","description":"KYB Mini-Motion paket (MMP) je elektri\u010dni i hidrauli\u010dki linearni aktuator koji sadr\u017ei integrirani motor, pumpu, ventil i cilindar.","robots":{"index":"index","follow":"follow","max-snippet":"max-snippet:-1","max-image-preview":"max-image-preview:large","max-video-preview":"max-video-preview:-1"},"canonical":"https:\/\/kyb-europe.com\/hrvatska\/produkti\/mmp\/","og_locale":"hr_HR","og_type":"article","og_title":"Mini Motion paket - KYB Hrvatska","og_description":"KYB Mini-Motion paket (MMP) je elektri\u010dni i hidrauli\u010dki linearni aktuator koji sadr\u017ei integrirani motor, pumpu, ventil i cilindar.","og_url":"https:\/\/kyb-europe.com\/hrvatska\/produkti\/mmp\/","og_site_name":"Hrvatski","article_modified_time":"2025-04-22T11:45:19+00:00","og_image":[{"width":1400,"height":733,"url":"https:\/\/kyb-europe.com\/hrvatska\/wp-content\/uploads\/sites\/46\/2025\/03\/MMP-Web-Header.jpg","type":"image\/jpeg"}],"twitter_card":"summary_large_image","twitter_misc":{"Procijenjeno vrijeme \u010ditanja":"1 minuta"},"schema":{"@context":"https:\/\/schema.org","@graph":[{"@type":"WebPage","@id":"https:\/\/kyb-europe.com\/hrvatska\/produkti\/mmp\/","url":"https:\/\/kyb-europe.com\/hrvatska\/produkti\/mmp\/","name":"Mini Motion paket - KYB Hrvatska","isPartOf":{"@id":"https:\/\/kyb-europe.com\/hrvatska\/#website"},"primaryImageOfPage":{"@id":"https:\/\/kyb-europe.com\/hrvatska\/produkti\/mmp\/#primaryimage"},"image":{"@id":"https:\/\/kyb-europe.com\/hrvatska\/produkti\/mmp\/#primaryimage"},"thumbnailUrl":"https:\/\/kyb-europe.com\/hrvatska\/wp-content\/uploads\/sites\/46\/2025\/03\/MMP-Web-Header.jpg","datePublished":"2025-03-21T10:52:39+00:00","dateModified":"2025-04-22T11:45:19+00:00","description":"KYB Mini-Motion paket (MMP) je elektri\u010dni i hidrauli\u010dki linearni aktuator koji sadr\u017ei integrirani motor, pumpu, ventil i cilindar.","breadcrumb":{"@id":"https:\/\/kyb-europe.com\/hrvatska\/produkti\/mmp\/#breadcrumb"},"inLanguage":"hr","potentialAction":[{"@type":"ReadAction","target":["https:\/\/kyb-europe.com\/hrvatska\/produkti\/mmp\/"]}]},{"@type":"ImageObject","inLanguage":"hr","@id":"https:\/\/kyb-europe.com\/hrvatska\/produkti\/mmp\/#primaryimage","url":"https:\/\/kyb-europe.com\/hrvatska\/wp-content\/uploads\/sites\/46\/2025\/03\/MMP-Web-Header.jpg","contentUrl":"https:\/\/kyb-europe.com\/hrvatska\/wp-content\/uploads\/sites\/46\/2025\/03\/MMP-Web-Header.jpg","width":1400,"height":733},{"@type":"BreadcrumbList","@id":"https:\/\/kyb-europe.com\/hrvatska\/produkti\/mmp\/#breadcrumb","itemListElement":[{"@type":"ListItem","position":1,"name":"Produkti","item":"https:\/\/kyb-europe.com\/hrvatska\/produkti\/"},{"@type":"ListItem","position":2,"name":"Mini Motion paket"}]},{"@type":"WebSite","@id":"https:\/\/kyb-europe.com\/hrvatska\/#website","url":"https:\/\/kyb-europe.com\/hrvatska\/","name":"Hrvatski","description":"Our Precision, Your Advantage","publisher":{"@id":"https:\/\/kyb-europe.com\/hrvatska\/#organization"},"potentialAction":[{"@type":"SearchAction","target":{"@type":"EntryPoint","urlTemplate":"https:\/\/kyb-europe.com\/hrvatska\/?s={search_term_string}"},"query-input":{"@type":"PropertyValueSpecification","valueRequired":true,"valueName":"search_term_string"}}],"inLanguage":"hr"},{"@type":"Organization","@id":"https:\/\/kyb-europe.com\/hrvatska\/#organization","name":"Hrvatski","url":"https:\/\/kyb-europe.com\/hrvatska\/","logo":{"@type":"ImageObject","inLanguage":"hr","@id":"https:\/\/kyb-europe.com\/hrvatska\/#\/schema\/logo\/image\/","url":"https:\/\/kyb-europe.com\/hrvatska\/wp-content\/uploads\/sites\/46\/2016\/12\/kyb_logo.png","contentUrl":"https:\/\/kyb-europe.com\/hrvatska\/wp-content\/uploads\/sites\/46\/2016\/12\/kyb_logo.png","width":295,"height":92,"caption":"Hrvatski"},"image":{"@id":"https:\/\/kyb-europe.com\/hrvatska\/#\/schema\/logo\/image\/"}}]}},"_links":{"self":[{"href":"https:\/\/kyb-europe.com\/hrvatska\/wp-json\/wp\/v2\/pages\/227118","targetHints":{"allow":["GET"]}}],"collection":[{"href":"https:\/\/kyb-europe.com\/hrvatska\/wp-json\/wp\/v2\/pages"}],"about":[{"href":"https:\/\/kyb-europe.com\/hrvatska\/wp-json\/wp\/v2\/types\/page"}],"author":[{"embeddable":true,"href":"https:\/\/kyb-europe.com\/hrvatska\/wp-json\/wp\/v2\/users\/3"}],"replies":[{"embeddable":true,"href":"https:\/\/kyb-europe.com\/hrvatska\/wp-json\/wp\/v2\/comments?post=227118"}],"version-history":[{"count":4,"href":"https:\/\/kyb-europe.com\/hrvatska\/wp-json\/wp\/v2\/pages\/227118\/revisions"}],"predecessor-version":[{"id":227131,"href":"https:\/\/kyb-europe.com\/hrvatska\/wp-json\/wp\/v2\/pages\/227118\/revisions\/227131"}],"up":[{"embeddable":true,"href":"https:\/\/kyb-europe.com\/hrvatska\/wp-json\/wp\/v2\/pages\/229"}],"wp:featuredmedia":[{"embeddable":true,"href":"https:\/\/kyb-europe.com\/hrvatska\/wp-json\/wp\/v2\/media\/227119"}],"wp:attachment":[{"href":"https:\/\/kyb-europe.com\/hrvatska\/wp-json\/wp\/v2\/media?parent=227118"}],"curies":[{"name":"wp","href":"https:\/\/api.w.org\/{rel}","templated":true}]}}