
{"id":2,"date":"2016-11-02T10:56:49","date_gmt":"2016-11-02T10:56:49","guid":{"rendered":"http:\/\/kyb.pixeltreemedia.co.uk\/?page_id=2"},"modified":"2025-04-14T10:46:19","modified_gmt":"2025-04-14T09:46:19","slug":"home","status":"publish","type":"page","link":"https:\/\/kyb-europe.com\/deutschland\/","title":{"rendered":"Zuhause"},"content":{"rendered":"","protected":false},"excerpt":{"rendered":"","protected":false},"author":1,"featured_media":11345,"parent":0,"menu_order":0,"comment_status":"closed","ping_status":"closed","template":"","meta":{"_acf_changed":false,"footnotes":""},"class_list":["post-2","page","type-page","status-publish","has-post-thumbnail","hentry"],"acf":[],"yoast_head":"<!-- This site is optimized with the Yoast SEO plugin v27.4 - https:\/\/yoast.com\/product\/yoast-seo-wordpress\/ -->\n<title>KYB Deutschland<\/title>\n<meta name=\"description\" content=\"KYB ist der gr\u00f6\u00dfte Hydraulikhersteller in Japan und einer der weltweit f\u00fchrenden Lieferanten der Automobilhersteller von Sto\u00dfd\u00e4mpfern f\u00fcr die Erstausr\u00fcstung. 1 Million KYB Sto\u00dfd\u00e4mpfer verlassen Woche f\u00fcr Woche die Produktion. Das Unternehmen betreibt Werke rund um den Globus, darunter die gr\u00f6\u00dfte Sto\u00dfd\u00e4mpfer-Fertigungsanlage der Welt im japanischen Gifu.\" \/>\n<meta name=\"robots\" content=\"index, follow, max-snippet:-1, max-image-preview:large, max-video-preview:-1\" \/>\n<link rel=\"canonical\" href=\"https:\/\/kyb-europe.com\/deutschland\/\" \/>\n<meta property=\"og:locale\" content=\"de_DE\" \/>\n<meta property=\"og:type\" content=\"article\" \/>\n<meta property=\"og:title\" content=\"KYB Deutschland\" \/>\n<meta property=\"og:description\" content=\"KYB ist der gr\u00f6\u00dfte Hydraulikhersteller in Japan und einer der weltweit f\u00fchrenden Lieferanten der Automobilhersteller von Sto\u00dfd\u00e4mpfern f\u00fcr die Erstausr\u00fcstung. 1 Million KYB Sto\u00dfd\u00e4mpfer verlassen Woche f\u00fcr Woche die Produktion. Das Unternehmen betreibt Werke rund um den Globus, darunter die gr\u00f6\u00dfte Sto\u00dfd\u00e4mpfer-Fertigungsanlage der Welt im japanischen Gifu.\" \/>\n<meta property=\"og:url\" content=\"https:\/\/kyb-europe.com\/deutschland\/\" \/>\n<meta property=\"og:site_name\" content=\"Deutsch\" \/>\n<meta property=\"article:modified_time\" content=\"2025-04-14T09:46:19+00:00\" \/>\n<meta property=\"og:image\" content=\"https:\/\/kyb-europe.com\/deutschland\/wp-content\/uploads\/sites\/5\/2020\/12\/kyb-homepage-image.jpg\" \/>\n\t<meta property=\"og:image:width\" content=\"1446\" \/>\n\t<meta property=\"og:image:height\" content=\"387\" \/>\n\t<meta property=\"og:image:type\" content=\"image\/jpeg\" \/>\n<meta name=\"twitter:card\" content=\"summary_large_image\" \/>\n<meta name=\"twitter:label1\" content=\"Gesch\u00e4tzte Lesezeit\" \/>\n\t<meta name=\"twitter:data1\" content=\"1\u00a0Minute\" \/>\n<script type=\"application\/ld+json\" class=\"yoast-schema-graph\">{\"@context\":\"https:\\\/\\\/schema.org\",\"@graph\":[{\"@type\":\"WebPage\",\"@id\":\"https:\\\/\\\/kyb-europe.com\\\/deutschland\\\/\",\"url\":\"https:\\\/\\\/kyb-europe.com\\\/deutschland\\\/\",\"name\":\"KYB Deutschland\",\"isPartOf\":{\"@id\":\"https:\\\/\\\/kyb-europe.com\\\/deutschland\\\/#website\"},\"primaryImageOfPage\":{\"@id\":\"https:\\\/\\\/kyb-europe.com\\\/deutschland\\\/#primaryimage\"},\"image\":{\"@id\":\"https:\\\/\\\/kyb-europe.com\\\/deutschland\\\/#primaryimage\"},\"thumbnailUrl\":\"https:\\\/\\\/kyb-europe.com\\\/deutschland\\\/wp-content\\\/uploads\\\/sites\\\/5\\\/2020\\\/12\\\/kyb-homepage-image.jpg\",\"datePublished\":\"2016-11-02T10:56:49+00:00\",\"dateModified\":\"2025-04-14T09:46:19+00:00\",\"description\":\"KYB ist der gr\u00f6\u00dfte Hydraulikhersteller in Japan und einer der weltweit f\u00fchrenden Lieferanten der Automobilhersteller von Sto\u00dfd\u00e4mpfern f\u00fcr die Erstausr\u00fcstung. 1 Million KYB Sto\u00dfd\u00e4mpfer verlassen Woche f\u00fcr Woche die Produktion. Das Unternehmen betreibt Werke rund um den Globus, darunter die gr\u00f6\u00dfte Sto\u00dfd\u00e4mpfer-Fertigungsanlage der Welt im japanischen Gifu.\",\"inLanguage\":\"de\",\"potentialAction\":[{\"@type\":\"ReadAction\",\"target\":[\"https:\\\/\\\/kyb-europe.com\\\/deutschland\\\/\"]}]},{\"@type\":\"ImageObject\",\"inLanguage\":\"de\",\"@id\":\"https:\\\/\\\/kyb-europe.com\\\/deutschland\\\/#primaryimage\",\"url\":\"https:\\\/\\\/kyb-europe.com\\\/deutschland\\\/wp-content\\\/uploads\\\/sites\\\/5\\\/2020\\\/12\\\/kyb-homepage-image.jpg\",\"contentUrl\":\"https:\\\/\\\/kyb-europe.com\\\/deutschland\\\/wp-content\\\/uploads\\\/sites\\\/5\\\/2020\\\/12\\\/kyb-homepage-image.jpg\",\"width\":1446,\"height\":387},{\"@type\":\"WebSite\",\"@id\":\"https:\\\/\\\/kyb-europe.com\\\/deutschland\\\/#website\",\"url\":\"https:\\\/\\\/kyb-europe.com\\\/deutschland\\\/\",\"name\":\"Deutsch\",\"description\":\"Our Precision, Your Advantage\",\"publisher\":{\"@id\":\"https:\\\/\\\/kyb-europe.com\\\/deutschland\\\/#organization\"},\"potentialAction\":[{\"@type\":\"SearchAction\",\"target\":{\"@type\":\"EntryPoint\",\"urlTemplate\":\"https:\\\/\\\/kyb-europe.com\\\/deutschland\\\/?s={search_term_string}\"},\"query-input\":{\"@type\":\"PropertyValueSpecification\",\"valueRequired\":true,\"valueName\":\"search_term_string\"}}],\"inLanguage\":\"de\"},{\"@type\":\"Organization\",\"@id\":\"https:\\\/\\\/kyb-europe.com\\\/deutschland\\\/#organization\",\"name\":\"Deutsch\",\"url\":\"https:\\\/\\\/kyb-europe.com\\\/deutschland\\\/\",\"logo\":{\"@type\":\"ImageObject\",\"inLanguage\":\"de\",\"@id\":\"https:\\\/\\\/kyb-europe.com\\\/deutschland\\\/#\\\/schema\\\/logo\\\/image\\\/\",\"url\":\"https:\\\/\\\/kyb-europe.com\\\/deutschland\\\/wp-content\\\/uploads\\\/sites\\\/5\\\/2017\\\/06\\\/kyb_logo.png\",\"contentUrl\":\"https:\\\/\\\/kyb-europe.com\\\/deutschland\\\/wp-content\\\/uploads\\\/sites\\\/5\\\/2017\\\/06\\\/kyb_logo.png\",\"width\":295,\"height\":92,\"caption\":\"Deutsch\"},\"image\":{\"@id\":\"https:\\\/\\\/kyb-europe.com\\\/deutschland\\\/#\\\/schema\\\/logo\\\/image\\\/\"}}]}<\/script>\n<!-- \/ Yoast SEO plugin. -->","yoast_head_json":{"title":"KYB Deutschland","description":"KYB ist der gr\u00f6\u00dfte Hydraulikhersteller in Japan und einer der weltweit f\u00fchrenden Lieferanten der Automobilhersteller von Sto\u00dfd\u00e4mpfern f\u00fcr die Erstausr\u00fcstung. 1 Million KYB Sto\u00dfd\u00e4mpfer verlassen Woche f\u00fcr Woche die Produktion. Das Unternehmen betreibt Werke rund um den Globus, darunter die gr\u00f6\u00dfte Sto\u00dfd\u00e4mpfer-Fertigungsanlage der Welt im japanischen Gifu.","robots":{"index":"index","follow":"follow","max-snippet":"max-snippet:-1","max-image-preview":"max-image-preview:large","max-video-preview":"max-video-preview:-1"},"canonical":"https:\/\/kyb-europe.com\/deutschland\/","og_locale":"de_DE","og_type":"article","og_title":"KYB Deutschland","og_description":"KYB ist der gr\u00f6\u00dfte Hydraulikhersteller in Japan und einer der weltweit f\u00fchrenden Lieferanten der Automobilhersteller von Sto\u00dfd\u00e4mpfern f\u00fcr die Erstausr\u00fcstung. 1 Million KYB Sto\u00dfd\u00e4mpfer verlassen Woche f\u00fcr Woche die Produktion. Das Unternehmen betreibt Werke rund um den Globus, darunter die gr\u00f6\u00dfte Sto\u00dfd\u00e4mpfer-Fertigungsanlage der Welt im japanischen Gifu.","og_url":"https:\/\/kyb-europe.com\/deutschland\/","og_site_name":"Deutsch","article_modified_time":"2025-04-14T09:46:19+00:00","og_image":[{"width":1446,"height":387,"url":"https:\/\/kyb-europe.com\/deutschland\/wp-content\/uploads\/sites\/5\/2020\/12\/kyb-homepage-image.jpg","type":"image\/jpeg"}],"twitter_card":"summary_large_image","twitter_misc":{"Gesch\u00e4tzte Lesezeit":"1\u00a0Minute"},"schema":{"@context":"https:\/\/schema.org","@graph":[{"@type":"WebPage","@id":"https:\/\/kyb-europe.com\/deutschland\/","url":"https:\/\/kyb-europe.com\/deutschland\/","name":"KYB Deutschland","isPartOf":{"@id":"https:\/\/kyb-europe.com\/deutschland\/#website"},"primaryImageOfPage":{"@id":"https:\/\/kyb-europe.com\/deutschland\/#primaryimage"},"image":{"@id":"https:\/\/kyb-europe.com\/deutschland\/#primaryimage"},"thumbnailUrl":"https:\/\/kyb-europe.com\/deutschland\/wp-content\/uploads\/sites\/5\/2020\/12\/kyb-homepage-image.jpg","datePublished":"2016-11-02T10:56:49+00:00","dateModified":"2025-04-14T09:46:19+00:00","description":"KYB ist der gr\u00f6\u00dfte Hydraulikhersteller in Japan und einer der weltweit f\u00fchrenden Lieferanten der Automobilhersteller von Sto\u00dfd\u00e4mpfern f\u00fcr die Erstausr\u00fcstung. 1 Million KYB Sto\u00dfd\u00e4mpfer verlassen Woche f\u00fcr Woche die Produktion. Das Unternehmen betreibt Werke rund um den Globus, darunter die gr\u00f6\u00dfte Sto\u00dfd\u00e4mpfer-Fertigungsanlage der Welt im japanischen Gifu.","inLanguage":"de","potentialAction":[{"@type":"ReadAction","target":["https:\/\/kyb-europe.com\/deutschland\/"]}]},{"@type":"ImageObject","inLanguage":"de","@id":"https:\/\/kyb-europe.com\/deutschland\/#primaryimage","url":"https:\/\/kyb-europe.com\/deutschland\/wp-content\/uploads\/sites\/5\/2020\/12\/kyb-homepage-image.jpg","contentUrl":"https:\/\/kyb-europe.com\/deutschland\/wp-content\/uploads\/sites\/5\/2020\/12\/kyb-homepage-image.jpg","width":1446,"height":387},{"@type":"WebSite","@id":"https:\/\/kyb-europe.com\/deutschland\/#website","url":"https:\/\/kyb-europe.com\/deutschland\/","name":"Deutsch","description":"Our Precision, Your Advantage","publisher":{"@id":"https:\/\/kyb-europe.com\/deutschland\/#organization"},"potentialAction":[{"@type":"SearchAction","target":{"@type":"EntryPoint","urlTemplate":"https:\/\/kyb-europe.com\/deutschland\/?s={search_term_string}"},"query-input":{"@type":"PropertyValueSpecification","valueRequired":true,"valueName":"search_term_string"}}],"inLanguage":"de"},{"@type":"Organization","@id":"https:\/\/kyb-europe.com\/deutschland\/#organization","name":"Deutsch","url":"https:\/\/kyb-europe.com\/deutschland\/","logo":{"@type":"ImageObject","inLanguage":"de","@id":"https:\/\/kyb-europe.com\/deutschland\/#\/schema\/logo\/image\/","url":"https:\/\/kyb-europe.com\/deutschland\/wp-content\/uploads\/sites\/5\/2017\/06\/kyb_logo.png","contentUrl":"https:\/\/kyb-europe.com\/deutschland\/wp-content\/uploads\/sites\/5\/2017\/06\/kyb_logo.png","width":295,"height":92,"caption":"Deutsch"},"image":{"@id":"https:\/\/kyb-europe.com\/deutschland\/#\/schema\/logo\/image\/"}}]}},"_links":{"self":[{"href":"https:\/\/kyb-europe.com\/deutschland\/wp-json\/wp\/v2\/pages\/2","targetHints":{"allow":["GET"]}}],"collection":[{"href":"https:\/\/kyb-europe.com\/deutschland\/wp-json\/wp\/v2\/pages"}],"about":[{"href":"https:\/\/kyb-europe.com\/deutschland\/wp-json\/wp\/v2\/types\/page"}],"author":[{"embeddable":true,"href":"https:\/\/kyb-europe.com\/deutschland\/wp-json\/wp\/v2\/users\/1"}],"replies":[{"embeddable":true,"href":"https:\/\/kyb-europe.com\/deutschland\/wp-json\/wp\/v2\/comments?post=2"}],"version-history":[{"count":5,"href":"https:\/\/kyb-europe.com\/deutschland\/wp-json\/wp\/v2\/pages\/2\/revisions"}],"predecessor-version":[{"id":226496,"href":"https:\/\/kyb-europe.com\/deutschland\/wp-json\/wp\/v2\/pages\/2\/revisions\/226496"}],"wp:featuredmedia":[{"embeddable":true,"href":"https:\/\/kyb-europe.com\/deutschland\/wp-json\/wp\/v2\/media\/11345"}],"wp:attachment":[{"href":"https:\/\/kyb-europe.com\/deutschland\/wp-json\/wp\/v2\/media?parent=2"}],"curies":[{"name":"wp","href":"https:\/\/api.w.org\/{rel}","templated":true}]}}