
{"id":617,"date":"2016-12-08T18:16:00","date_gmt":"2016-12-08T18:16:00","guid":{"rendered":"http:\/\/kyb.pixeltreemedia.co.uk\/?page_id=617"},"modified":"2021-04-23T10:50:57","modified_gmt":"2021-04-23T09:50:57","slug":"montazni-sady","status":"publish","type":"page","link":"https:\/\/kyb-europe.com\/ceska-republika\/produkty\/montazni-sady\/","title":{"rendered":"Mont\u00e1\u017en\u00ed sady"},"content":{"rendered":"","protected":false},"excerpt":{"rendered":"","protected":false},"author":1,"featured_media":991,"parent":229,"menu_order":0,"comment_status":"closed","ping_status":"closed","template":"","meta":{"_acf_changed":false,"footnotes":""},"class_list":["post-617","page","type-page","status-publish","has-post-thumbnail","hentry"],"acf":[],"yoast_head":"<!-- This site is optimized with the Yoast SEO plugin v27.4 - https:\/\/yoast.com\/product\/yoast-seo-wordpress\/ -->\n<title>Mont\u00e1\u017en\u00ed sady - KYB \u010cesk\u00e1 republika<\/title>\n<meta name=\"robots\" content=\"index, follow, max-snippet:-1, max-image-preview:large, max-video-preview:-1\" \/>\n<link rel=\"canonical\" href=\"https:\/\/kyb-europe.com\/ceska-republika\/produkty\/montazni-sady\/\" \/>\n<meta property=\"og:locale\" content=\"cs_CZ\" \/>\n<meta property=\"og:type\" content=\"article\" \/>\n<meta property=\"og:title\" content=\"Mont\u00e1\u017en\u00ed sady - KYB \u010cesk\u00e1 republika\" \/>\n<meta property=\"og:url\" content=\"https:\/\/kyb-europe.com\/ceska-republika\/produkty\/montazni-sady\/\" \/>\n<meta property=\"og:site_name\" content=\"\u010ce\u0161tina\" \/>\n<meta property=\"article:modified_time\" content=\"2021-04-23T09:50:57+00:00\" \/>\n<meta property=\"og:image\" content=\"https:\/\/kyb-europe.com\/ceska-republika\/wp-content\/uploads\/sites\/40\/2016\/12\/product_header.jpg\" \/>\n\t<meta property=\"og:image:width\" content=\"1400\" \/>\n\t<meta property=\"og:image:height\" content=\"733\" \/>\n\t<meta property=\"og:image:type\" content=\"image\/jpeg\" \/>\n<meta name=\"twitter:card\" content=\"summary_large_image\" \/>\n<script type=\"application\/ld+json\" class=\"yoast-schema-graph\">{\"@context\":\"https:\\\/\\\/schema.org\",\"@graph\":[{\"@type\":\"WebPage\",\"@id\":\"https:\\\/\\\/kyb-europe.com\\\/ceska-republika\\\/produkty\\\/montazni-sady\\\/\",\"url\":\"https:\\\/\\\/kyb-europe.com\\\/ceska-republika\\\/produkty\\\/montazni-sady\\\/\",\"name\":\"Mont\u00e1\u017en\u00ed sady - KYB \u010cesk\u00e1 republika\",\"isPartOf\":{\"@id\":\"https:\\\/\\\/kyb-europe.com\\\/ceska-republika\\\/#website\"},\"primaryImageOfPage\":{\"@id\":\"https:\\\/\\\/kyb-europe.com\\\/ceska-republika\\\/produkty\\\/montazni-sady\\\/#primaryimage\"},\"image\":{\"@id\":\"https:\\\/\\\/kyb-europe.com\\\/ceska-republika\\\/produkty\\\/montazni-sady\\\/#primaryimage\"},\"thumbnailUrl\":\"https:\\\/\\\/kyb-europe.com\\\/ceska-republika\\\/wp-content\\\/uploads\\\/sites\\\/40\\\/2016\\\/12\\\/product_header.jpg\",\"datePublished\":\"2016-12-08T18:16:00+00:00\",\"dateModified\":\"2021-04-23T09:50:57+00:00\",\"breadcrumb\":{\"@id\":\"https:\\\/\\\/kyb-europe.com\\\/ceska-republika\\\/produkty\\\/montazni-sady\\\/#breadcrumb\"},\"inLanguage\":\"cs\",\"potentialAction\":[{\"@type\":\"ReadAction\",\"target\":[\"https:\\\/\\\/kyb-europe.com\\\/ceska-republika\\\/produkty\\\/montazni-sady\\\/\"]}]},{\"@type\":\"ImageObject\",\"inLanguage\":\"cs\",\"@id\":\"https:\\\/\\\/kyb-europe.com\\\/ceska-republika\\\/produkty\\\/montazni-sady\\\/#primaryimage\",\"url\":\"https:\\\/\\\/kyb-europe.com\\\/ceska-republika\\\/wp-content\\\/uploads\\\/sites\\\/40\\\/2016\\\/12\\\/product_header.jpg\",\"contentUrl\":\"https:\\\/\\\/kyb-europe.com\\\/ceska-republika\\\/wp-content\\\/uploads\\\/sites\\\/40\\\/2016\\\/12\\\/product_header.jpg\",\"width\":1400,\"height\":733},{\"@type\":\"BreadcrumbList\",\"@id\":\"https:\\\/\\\/kyb-europe.com\\\/ceska-republika\\\/produkty\\\/montazni-sady\\\/#breadcrumb\",\"itemListElement\":[{\"@type\":\"ListItem\",\"position\":1,\"name\":\"Produkty\",\"item\":\"https:\\\/\\\/kyb-europe.com\\\/ceska-republika\\\/produkty\\\/\"},{\"@type\":\"ListItem\",\"position\":2,\"name\":\"Mont\u00e1\u017en\u00ed sady\"}]},{\"@type\":\"WebSite\",\"@id\":\"https:\\\/\\\/kyb-europe.com\\\/ceska-republika\\\/#website\",\"url\":\"https:\\\/\\\/kyb-europe.com\\\/ceska-republika\\\/\",\"name\":\"\u010ce\u0161tina\",\"description\":\"Our Precision, Your Advantage\",\"publisher\":{\"@id\":\"https:\\\/\\\/kyb-europe.com\\\/ceska-republika\\\/#organization\"},\"potentialAction\":[{\"@type\":\"SearchAction\",\"target\":{\"@type\":\"EntryPoint\",\"urlTemplate\":\"https:\\\/\\\/kyb-europe.com\\\/ceska-republika\\\/?s={search_term_string}\"},\"query-input\":{\"@type\":\"PropertyValueSpecification\",\"valueRequired\":true,\"valueName\":\"search_term_string\"}}],\"inLanguage\":\"cs\"},{\"@type\":\"Organization\",\"@id\":\"https:\\\/\\\/kyb-europe.com\\\/ceska-republika\\\/#organization\",\"name\":\"\u010ce\u0161tina\",\"url\":\"https:\\\/\\\/kyb-europe.com\\\/ceska-republika\\\/\",\"logo\":{\"@type\":\"ImageObject\",\"inLanguage\":\"cs\",\"@id\":\"https:\\\/\\\/kyb-europe.com\\\/ceska-republika\\\/#\\\/schema\\\/logo\\\/image\\\/\",\"url\":\"https:\\\/\\\/kyb-europe.com\\\/ceska-republika\\\/wp-content\\\/uploads\\\/sites\\\/40\\\/2016\\\/12\\\/kyb_logo.png\",\"contentUrl\":\"https:\\\/\\\/kyb-europe.com\\\/ceska-republika\\\/wp-content\\\/uploads\\\/sites\\\/40\\\/2016\\\/12\\\/kyb_logo.png\",\"width\":295,\"height\":92,\"caption\":\"\u010ce\u0161tina\"},\"image\":{\"@id\":\"https:\\\/\\\/kyb-europe.com\\\/ceska-republika\\\/#\\\/schema\\\/logo\\\/image\\\/\"}}]}<\/script>\n<!-- \/ Yoast SEO plugin. -->","yoast_head_json":{"title":"Mont\u00e1\u017en\u00ed sady - KYB \u010cesk\u00e1 republika","robots":{"index":"index","follow":"follow","max-snippet":"max-snippet:-1","max-image-preview":"max-image-preview:large","max-video-preview":"max-video-preview:-1"},"canonical":"https:\/\/kyb-europe.com\/ceska-republika\/produkty\/montazni-sady\/","og_locale":"cs_CZ","og_type":"article","og_title":"Mont\u00e1\u017en\u00ed sady - KYB \u010cesk\u00e1 republika","og_url":"https:\/\/kyb-europe.com\/ceska-republika\/produkty\/montazni-sady\/","og_site_name":"\u010ce\u0161tina","article_modified_time":"2021-04-23T09:50:57+00:00","og_image":[{"width":1400,"height":733,"url":"https:\/\/kyb-europe.com\/ceska-republika\/wp-content\/uploads\/sites\/40\/2016\/12\/product_header.jpg","type":"image\/jpeg"}],"twitter_card":"summary_large_image","schema":{"@context":"https:\/\/schema.org","@graph":[{"@type":"WebPage","@id":"https:\/\/kyb-europe.com\/ceska-republika\/produkty\/montazni-sady\/","url":"https:\/\/kyb-europe.com\/ceska-republika\/produkty\/montazni-sady\/","name":"Mont\u00e1\u017en\u00ed sady - KYB \u010cesk\u00e1 republika","isPartOf":{"@id":"https:\/\/kyb-europe.com\/ceska-republika\/#website"},"primaryImageOfPage":{"@id":"https:\/\/kyb-europe.com\/ceska-republika\/produkty\/montazni-sady\/#primaryimage"},"image":{"@id":"https:\/\/kyb-europe.com\/ceska-republika\/produkty\/montazni-sady\/#primaryimage"},"thumbnailUrl":"https:\/\/kyb-europe.com\/ceska-republika\/wp-content\/uploads\/sites\/40\/2016\/12\/product_header.jpg","datePublished":"2016-12-08T18:16:00+00:00","dateModified":"2021-04-23T09:50:57+00:00","breadcrumb":{"@id":"https:\/\/kyb-europe.com\/ceska-republika\/produkty\/montazni-sady\/#breadcrumb"},"inLanguage":"cs","potentialAction":[{"@type":"ReadAction","target":["https:\/\/kyb-europe.com\/ceska-republika\/produkty\/montazni-sady\/"]}]},{"@type":"ImageObject","inLanguage":"cs","@id":"https:\/\/kyb-europe.com\/ceska-republika\/produkty\/montazni-sady\/#primaryimage","url":"https:\/\/kyb-europe.com\/ceska-republika\/wp-content\/uploads\/sites\/40\/2016\/12\/product_header.jpg","contentUrl":"https:\/\/kyb-europe.com\/ceska-republika\/wp-content\/uploads\/sites\/40\/2016\/12\/product_header.jpg","width":1400,"height":733},{"@type":"BreadcrumbList","@id":"https:\/\/kyb-europe.com\/ceska-republika\/produkty\/montazni-sady\/#breadcrumb","itemListElement":[{"@type":"ListItem","position":1,"name":"Produkty","item":"https:\/\/kyb-europe.com\/ceska-republika\/produkty\/"},{"@type":"ListItem","position":2,"name":"Mont\u00e1\u017en\u00ed sady"}]},{"@type":"WebSite","@id":"https:\/\/kyb-europe.com\/ceska-republika\/#website","url":"https:\/\/kyb-europe.com\/ceska-republika\/","name":"\u010ce\u0161tina","description":"Our Precision, Your Advantage","publisher":{"@id":"https:\/\/kyb-europe.com\/ceska-republika\/#organization"},"potentialAction":[{"@type":"SearchAction","target":{"@type":"EntryPoint","urlTemplate":"https:\/\/kyb-europe.com\/ceska-republika\/?s={search_term_string}"},"query-input":{"@type":"PropertyValueSpecification","valueRequired":true,"valueName":"search_term_string"}}],"inLanguage":"cs"},{"@type":"Organization","@id":"https:\/\/kyb-europe.com\/ceska-republika\/#organization","name":"\u010ce\u0161tina","url":"https:\/\/kyb-europe.com\/ceska-republika\/","logo":{"@type":"ImageObject","inLanguage":"cs","@id":"https:\/\/kyb-europe.com\/ceska-republika\/#\/schema\/logo\/image\/","url":"https:\/\/kyb-europe.com\/ceska-republika\/wp-content\/uploads\/sites\/40\/2016\/12\/kyb_logo.png","contentUrl":"https:\/\/kyb-europe.com\/ceska-republika\/wp-content\/uploads\/sites\/40\/2016\/12\/kyb_logo.png","width":295,"height":92,"caption":"\u010ce\u0161tina"},"image":{"@id":"https:\/\/kyb-europe.com\/ceska-republika\/#\/schema\/logo\/image\/"}}]}},"_links":{"self":[{"href":"https:\/\/kyb-europe.com\/ceska-republika\/wp-json\/wp\/v2\/pages\/617","targetHints":{"allow":["GET"]}}],"collection":[{"href":"https:\/\/kyb-europe.com\/ceska-republika\/wp-json\/wp\/v2\/pages"}],"about":[{"href":"https:\/\/kyb-europe.com\/ceska-republika\/wp-json\/wp\/v2\/types\/page"}],"author":[{"embeddable":true,"href":"https:\/\/kyb-europe.com\/ceska-republika\/wp-json\/wp\/v2\/users\/1"}],"replies":[{"embeddable":true,"href":"https:\/\/kyb-europe.com\/ceska-republika\/wp-json\/wp\/v2\/comments?post=617"}],"version-history":[{"count":0,"href":"https:\/\/kyb-europe.com\/ceska-republika\/wp-json\/wp\/v2\/pages\/617\/revisions"}],"up":[{"embeddable":true,"href":"https:\/\/kyb-europe.com\/ceska-republika\/wp-json\/wp\/v2\/pages\/229"}],"wp:featuredmedia":[{"embeddable":true,"href":"https:\/\/kyb-europe.com\/ceska-republika\/wp-json\/wp\/v2\/media\/991"}],"wp:attachment":[{"href":"https:\/\/kyb-europe.com\/ceska-republika\/wp-json\/wp\/v2\/media?parent=617"}],"curies":[{"name":"wp","href":"https:\/\/api.w.org\/{rel}","templated":true}]}}