
{"id":227093,"date":"2024-04-19T15:14:02","date_gmt":"2024-04-19T14:14:02","guid":{"rendered":"https:\/\/kyb-europe.com\/ceska-republika\/?page_id=227093"},"modified":"2024-04-19T15:21:07","modified_gmt":"2024-04-19T14:21:07","slug":"kulovy-cep","status":"publish","type":"page","link":"https:\/\/kyb-europe.com\/ceska-republika\/produkty\/kulovy-cep\/","title":{"rendered":"Kulov\u00fd \u010cep"},"content":{"rendered":"","protected":false},"excerpt":{"rendered":"","protected":false},"author":3,"featured_media":227088,"parent":229,"menu_order":0,"comment_status":"closed","ping_status":"closed","template":"","meta":{"_acf_changed":false,"footnotes":""},"class_list":["post-227093","page","type-page","status-publish","has-post-thumbnail","hentry"],"acf":[],"yoast_head":"<!-- This site is optimized with the Yoast SEO plugin v27.4 - https:\/\/yoast.com\/product\/yoast-seo-wordpress\/ -->\n<title>Kulov\u00fd \u010cep - KYB \u010cesk\u00e1 republika<\/title>\n<meta name=\"robots\" content=\"index, follow, max-snippet:-1, max-image-preview:large, max-video-preview:-1\" \/>\n<link rel=\"canonical\" href=\"https:\/\/kyb-europe.com\/ceska-republika\/produkty\/kulovy-cep\/\" \/>\n<meta property=\"og:locale\" content=\"cs_CZ\" \/>\n<meta property=\"og:type\" content=\"article\" \/>\n<meta property=\"og:title\" content=\"Kulov\u00fd \u010cep - KYB \u010cesk\u00e1 republika\" \/>\n<meta property=\"og:url\" content=\"https:\/\/kyb-europe.com\/ceska-republika\/produkty\/kulovy-cep\/\" \/>\n<meta property=\"og:site_name\" content=\"\u010ce\u0161tina\" \/>\n<meta property=\"article:modified_time\" content=\"2024-04-19T14:21:07+00:00\" \/>\n<meta property=\"og:image\" content=\"https:\/\/kyb-europe.com\/ceska-republika\/wp-content\/uploads\/sites\/40\/2024\/04\/Ball-Joint-and-Packaging-6-1024x683.png\" \/>\n\t<meta property=\"og:image:width\" content=\"1024\" \/>\n\t<meta property=\"og:image:height\" content=\"683\" \/>\n\t<meta property=\"og:image:type\" content=\"image\/png\" \/>\n<meta name=\"twitter:card\" content=\"summary_large_image\" \/>\n<meta name=\"twitter:label1\" content=\"Odhadovan\u00e1 doba \u010dten\u00ed\" \/>\n\t<meta name=\"twitter:data1\" content=\"1 minuta\" \/>\n<script type=\"application\/ld+json\" class=\"yoast-schema-graph\">{\"@context\":\"https:\\\/\\\/schema.org\",\"@graph\":[{\"@type\":\"WebPage\",\"@id\":\"https:\\\/\\\/kyb-europe.com\\\/ceska-republika\\\/produkty\\\/kulovy-cep\\\/\",\"url\":\"https:\\\/\\\/kyb-europe.com\\\/ceska-republika\\\/produkty\\\/kulovy-cep\\\/\",\"name\":\"Kulov\u00fd \u010cep - KYB \u010cesk\u00e1 republika\",\"isPartOf\":{\"@id\":\"https:\\\/\\\/kyb-europe.com\\\/ceska-republika\\\/#website\"},\"primaryImageOfPage\":{\"@id\":\"https:\\\/\\\/kyb-europe.com\\\/ceska-republika\\\/produkty\\\/kulovy-cep\\\/#primaryimage\"},\"image\":{\"@id\":\"https:\\\/\\\/kyb-europe.com\\\/ceska-republika\\\/produkty\\\/kulovy-cep\\\/#primaryimage\"},\"thumbnailUrl\":\"https:\\\/\\\/kyb-europe.com\\\/ceska-republika\\\/wp-content\\\/uploads\\\/sites\\\/40\\\/2024\\\/04\\\/Ball-Joint-and-Packaging-6.png\",\"datePublished\":\"2024-04-19T14:14:02+00:00\",\"dateModified\":\"2024-04-19T14:21:07+00:00\",\"breadcrumb\":{\"@id\":\"https:\\\/\\\/kyb-europe.com\\\/ceska-republika\\\/produkty\\\/kulovy-cep\\\/#breadcrumb\"},\"inLanguage\":\"cs\",\"potentialAction\":[{\"@type\":\"ReadAction\",\"target\":[\"https:\\\/\\\/kyb-europe.com\\\/ceska-republika\\\/produkty\\\/kulovy-cep\\\/\"]}]},{\"@type\":\"ImageObject\",\"inLanguage\":\"cs\",\"@id\":\"https:\\\/\\\/kyb-europe.com\\\/ceska-republika\\\/produkty\\\/kulovy-cep\\\/#primaryimage\",\"url\":\"https:\\\/\\\/kyb-europe.com\\\/ceska-republika\\\/wp-content\\\/uploads\\\/sites\\\/40\\\/2024\\\/04\\\/Ball-Joint-and-Packaging-6.png\",\"contentUrl\":\"https:\\\/\\\/kyb-europe.com\\\/ceska-republika\\\/wp-content\\\/uploads\\\/sites\\\/40\\\/2024\\\/04\\\/Ball-Joint-and-Packaging-6.png\",\"width\":4368,\"height\":2912},{\"@type\":\"BreadcrumbList\",\"@id\":\"https:\\\/\\\/kyb-europe.com\\\/ceska-republika\\\/produkty\\\/kulovy-cep\\\/#breadcrumb\",\"itemListElement\":[{\"@type\":\"ListItem\",\"position\":1,\"name\":\"Produkty\",\"item\":\"https:\\\/\\\/kyb-europe.com\\\/ceska-republika\\\/produkty\\\/\"},{\"@type\":\"ListItem\",\"position\":2,\"name\":\"Kulov\u00fd \u010cep\"}]},{\"@type\":\"WebSite\",\"@id\":\"https:\\\/\\\/kyb-europe.com\\\/ceska-republika\\\/#website\",\"url\":\"https:\\\/\\\/kyb-europe.com\\\/ceska-republika\\\/\",\"name\":\"\u010ce\u0161tina\",\"description\":\"Our Precision, Your Advantage\",\"publisher\":{\"@id\":\"https:\\\/\\\/kyb-europe.com\\\/ceska-republika\\\/#organization\"},\"potentialAction\":[{\"@type\":\"SearchAction\",\"target\":{\"@type\":\"EntryPoint\",\"urlTemplate\":\"https:\\\/\\\/kyb-europe.com\\\/ceska-republika\\\/?s={search_term_string}\"},\"query-input\":{\"@type\":\"PropertyValueSpecification\",\"valueRequired\":true,\"valueName\":\"search_term_string\"}}],\"inLanguage\":\"cs\"},{\"@type\":\"Organization\",\"@id\":\"https:\\\/\\\/kyb-europe.com\\\/ceska-republika\\\/#organization\",\"name\":\"\u010ce\u0161tina\",\"url\":\"https:\\\/\\\/kyb-europe.com\\\/ceska-republika\\\/\",\"logo\":{\"@type\":\"ImageObject\",\"inLanguage\":\"cs\",\"@id\":\"https:\\\/\\\/kyb-europe.com\\\/ceska-republika\\\/#\\\/schema\\\/logo\\\/image\\\/\",\"url\":\"https:\\\/\\\/kyb-europe.com\\\/ceska-republika\\\/wp-content\\\/uploads\\\/sites\\\/40\\\/2016\\\/12\\\/kyb_logo.png\",\"contentUrl\":\"https:\\\/\\\/kyb-europe.com\\\/ceska-republika\\\/wp-content\\\/uploads\\\/sites\\\/40\\\/2016\\\/12\\\/kyb_logo.png\",\"width\":295,\"height\":92,\"caption\":\"\u010ce\u0161tina\"},\"image\":{\"@id\":\"https:\\\/\\\/kyb-europe.com\\\/ceska-republika\\\/#\\\/schema\\\/logo\\\/image\\\/\"}}]}<\/script>\n<!-- \/ Yoast SEO plugin. -->","yoast_head_json":{"title":"Kulov\u00fd \u010cep - KYB \u010cesk\u00e1 republika","robots":{"index":"index","follow":"follow","max-snippet":"max-snippet:-1","max-image-preview":"max-image-preview:large","max-video-preview":"max-video-preview:-1"},"canonical":"https:\/\/kyb-europe.com\/ceska-republika\/produkty\/kulovy-cep\/","og_locale":"cs_CZ","og_type":"article","og_title":"Kulov\u00fd \u010cep - KYB \u010cesk\u00e1 republika","og_url":"https:\/\/kyb-europe.com\/ceska-republika\/produkty\/kulovy-cep\/","og_site_name":"\u010ce\u0161tina","article_modified_time":"2024-04-19T14:21:07+00:00","og_image":[{"width":1024,"height":683,"url":"https:\/\/kyb-europe.com\/ceska-republika\/wp-content\/uploads\/sites\/40\/2024\/04\/Ball-Joint-and-Packaging-6-1024x683.png","type":"image\/png"}],"twitter_card":"summary_large_image","twitter_misc":{"Odhadovan\u00e1 doba \u010dten\u00ed":"1 minuta"},"schema":{"@context":"https:\/\/schema.org","@graph":[{"@type":"WebPage","@id":"https:\/\/kyb-europe.com\/ceska-republika\/produkty\/kulovy-cep\/","url":"https:\/\/kyb-europe.com\/ceska-republika\/produkty\/kulovy-cep\/","name":"Kulov\u00fd \u010cep - KYB \u010cesk\u00e1 republika","isPartOf":{"@id":"https:\/\/kyb-europe.com\/ceska-republika\/#website"},"primaryImageOfPage":{"@id":"https:\/\/kyb-europe.com\/ceska-republika\/produkty\/kulovy-cep\/#primaryimage"},"image":{"@id":"https:\/\/kyb-europe.com\/ceska-republika\/produkty\/kulovy-cep\/#primaryimage"},"thumbnailUrl":"https:\/\/kyb-europe.com\/ceska-republika\/wp-content\/uploads\/sites\/40\/2024\/04\/Ball-Joint-and-Packaging-6.png","datePublished":"2024-04-19T14:14:02+00:00","dateModified":"2024-04-19T14:21:07+00:00","breadcrumb":{"@id":"https:\/\/kyb-europe.com\/ceska-republika\/produkty\/kulovy-cep\/#breadcrumb"},"inLanguage":"cs","potentialAction":[{"@type":"ReadAction","target":["https:\/\/kyb-europe.com\/ceska-republika\/produkty\/kulovy-cep\/"]}]},{"@type":"ImageObject","inLanguage":"cs","@id":"https:\/\/kyb-europe.com\/ceska-republika\/produkty\/kulovy-cep\/#primaryimage","url":"https:\/\/kyb-europe.com\/ceska-republika\/wp-content\/uploads\/sites\/40\/2024\/04\/Ball-Joint-and-Packaging-6.png","contentUrl":"https:\/\/kyb-europe.com\/ceska-republika\/wp-content\/uploads\/sites\/40\/2024\/04\/Ball-Joint-and-Packaging-6.png","width":4368,"height":2912},{"@type":"BreadcrumbList","@id":"https:\/\/kyb-europe.com\/ceska-republika\/produkty\/kulovy-cep\/#breadcrumb","itemListElement":[{"@type":"ListItem","position":1,"name":"Produkty","item":"https:\/\/kyb-europe.com\/ceska-republika\/produkty\/"},{"@type":"ListItem","position":2,"name":"Kulov\u00fd \u010cep"}]},{"@type":"WebSite","@id":"https:\/\/kyb-europe.com\/ceska-republika\/#website","url":"https:\/\/kyb-europe.com\/ceska-republika\/","name":"\u010ce\u0161tina","description":"Our Precision, Your Advantage","publisher":{"@id":"https:\/\/kyb-europe.com\/ceska-republika\/#organization"},"potentialAction":[{"@type":"SearchAction","target":{"@type":"EntryPoint","urlTemplate":"https:\/\/kyb-europe.com\/ceska-republika\/?s={search_term_string}"},"query-input":{"@type":"PropertyValueSpecification","valueRequired":true,"valueName":"search_term_string"}}],"inLanguage":"cs"},{"@type":"Organization","@id":"https:\/\/kyb-europe.com\/ceska-republika\/#organization","name":"\u010ce\u0161tina","url":"https:\/\/kyb-europe.com\/ceska-republika\/","logo":{"@type":"ImageObject","inLanguage":"cs","@id":"https:\/\/kyb-europe.com\/ceska-republika\/#\/schema\/logo\/image\/","url":"https:\/\/kyb-europe.com\/ceska-republika\/wp-content\/uploads\/sites\/40\/2016\/12\/kyb_logo.png","contentUrl":"https:\/\/kyb-europe.com\/ceska-republika\/wp-content\/uploads\/sites\/40\/2016\/12\/kyb_logo.png","width":295,"height":92,"caption":"\u010ce\u0161tina"},"image":{"@id":"https:\/\/kyb-europe.com\/ceska-republika\/#\/schema\/logo\/image\/"}}]}},"_links":{"self":[{"href":"https:\/\/kyb-europe.com\/ceska-republika\/wp-json\/wp\/v2\/pages\/227093","targetHints":{"allow":["GET"]}}],"collection":[{"href":"https:\/\/kyb-europe.com\/ceska-republika\/wp-json\/wp\/v2\/pages"}],"about":[{"href":"https:\/\/kyb-europe.com\/ceska-republika\/wp-json\/wp\/v2\/types\/page"}],"author":[{"embeddable":true,"href":"https:\/\/kyb-europe.com\/ceska-republika\/wp-json\/wp\/v2\/users\/3"}],"replies":[{"embeddable":true,"href":"https:\/\/kyb-europe.com\/ceska-republika\/wp-json\/wp\/v2\/comments?post=227093"}],"version-history":[{"count":2,"href":"https:\/\/kyb-europe.com\/ceska-republika\/wp-json\/wp\/v2\/pages\/227093\/revisions"}],"predecessor-version":[{"id":227098,"href":"https:\/\/kyb-europe.com\/ceska-republika\/wp-json\/wp\/v2\/pages\/227093\/revisions\/227098"}],"up":[{"embeddable":true,"href":"https:\/\/kyb-europe.com\/ceska-republika\/wp-json\/wp\/v2\/pages\/229"}],"wp:featuredmedia":[{"embeddable":true,"href":"https:\/\/kyb-europe.com\/ceska-republika\/wp-json\/wp\/v2\/media\/227088"}],"wp:attachment":[{"href":"https:\/\/kyb-europe.com\/ceska-republika\/wp-json\/wp\/v2\/media?parent=227093"}],"curies":[{"name":"wp","href":"https:\/\/api.w.org\/{rel}","templated":true}]}}