
{"id":224089,"date":"2019-10-23T17:59:08","date_gmt":"2019-10-23T16:59:08","guid":{"rendered":"https:\/\/kyb-europe.com\/?page_id=224089"},"modified":"2021-08-29T10:47:37","modified_gmt":"2021-08-29T09:47:37","slug":"nastroje","status":"publish","type":"page","link":"https:\/\/kyb-europe.com\/ceska-republika\/nastroje\/","title":{"rendered":"N\u00e1stroje"},"content":{"rendered":"","protected":false},"excerpt":{"rendered":"","protected":false},"author":3,"featured_media":226013,"parent":0,"menu_order":0,"comment_status":"closed","ping_status":"closed","template":"","meta":{"_acf_changed":false,"footnotes":""},"class_list":["post-224089","page","type-page","status-publish","has-post-thumbnail","hentry"],"acf":[],"yoast_head":"<!-- This site is optimized with the Yoast SEO plugin v27.4 - https:\/\/yoast.com\/product\/yoast-seo-wordpress\/ -->\n<title>N\u00e1stroje - KYB \u010cesk\u00e1 republika<\/title>\n<meta name=\"robots\" content=\"index, follow, max-snippet:-1, max-image-preview:large, max-video-preview:-1\" \/>\n<link rel=\"canonical\" href=\"https:\/\/kyb-europe.com\/ceska-republika\/nastroje\/\" \/>\n<meta property=\"og:locale\" content=\"cs_CZ\" \/>\n<meta property=\"og:type\" content=\"article\" \/>\n<meta property=\"og:title\" content=\"N\u00e1stroje - KYB \u010cesk\u00e1 republika\" \/>\n<meta property=\"og:url\" content=\"https:\/\/kyb-europe.com\/ceska-republika\/nastroje\/\" \/>\n<meta property=\"og:site_name\" content=\"\u010ce\u0161tina\" \/>\n<meta property=\"article:modified_time\" content=\"2021-08-29T09:47:37+00:00\" \/>\n<meta property=\"og:image\" content=\"https:\/\/kyb-europe.com\/ceska-republika\/wp-content\/uploads\/sites\/40\/2020\/11\/iStock_000017283753_Large.jpg\" \/>\n\t<meta property=\"og:image:width\" content=\"2716\" \/>\n\t<meta property=\"og:image:height\" content=\"1810\" \/>\n\t<meta property=\"og:image:type\" content=\"image\/jpeg\" \/>\n<meta name=\"twitter:card\" content=\"summary_large_image\" \/>\n<script type=\"application\/ld+json\" class=\"yoast-schema-graph\">{\"@context\":\"https:\\\/\\\/schema.org\",\"@graph\":[{\"@type\":\"WebPage\",\"@id\":\"https:\\\/\\\/kyb-europe.com\\\/ceska-republika\\\/nastroje\\\/\",\"url\":\"https:\\\/\\\/kyb-europe.com\\\/ceska-republika\\\/nastroje\\\/\",\"name\":\"N\u00e1stroje - KYB \u010cesk\u00e1 republika\",\"isPartOf\":{\"@id\":\"https:\\\/\\\/kyb-europe.com\\\/ceska-republika\\\/#website\"},\"primaryImageOfPage\":{\"@id\":\"https:\\\/\\\/kyb-europe.com\\\/ceska-republika\\\/nastroje\\\/#primaryimage\"},\"image\":{\"@id\":\"https:\\\/\\\/kyb-europe.com\\\/ceska-republika\\\/nastroje\\\/#primaryimage\"},\"thumbnailUrl\":\"https:\\\/\\\/kyb-europe.com\\\/ceska-republika\\\/wp-content\\\/uploads\\\/sites\\\/40\\\/2020\\\/11\\\/iStock_000017283753_Large.jpg\",\"datePublished\":\"2019-10-23T16:59:08+00:00\",\"dateModified\":\"2021-08-29T09:47:37+00:00\",\"inLanguage\":\"cs\",\"potentialAction\":[{\"@type\":\"ReadAction\",\"target\":[\"https:\\\/\\\/kyb-europe.com\\\/ceska-republika\\\/nastroje\\\/\"]}]},{\"@type\":\"ImageObject\",\"inLanguage\":\"cs\",\"@id\":\"https:\\\/\\\/kyb-europe.com\\\/ceska-republika\\\/nastroje\\\/#primaryimage\",\"url\":\"https:\\\/\\\/kyb-europe.com\\\/ceska-republika\\\/wp-content\\\/uploads\\\/sites\\\/40\\\/2020\\\/11\\\/iStock_000017283753_Large.jpg\",\"contentUrl\":\"https:\\\/\\\/kyb-europe.com\\\/ceska-republika\\\/wp-content\\\/uploads\\\/sites\\\/40\\\/2020\\\/11\\\/iStock_000017283753_Large.jpg\",\"width\":2716,\"height\":1810},{\"@type\":\"WebSite\",\"@id\":\"https:\\\/\\\/kyb-europe.com\\\/ceska-republika\\\/#website\",\"url\":\"https:\\\/\\\/kyb-europe.com\\\/ceska-republika\\\/\",\"name\":\"\u010ce\u0161tina\",\"description\":\"Our Precision, Your Advantage\",\"publisher\":{\"@id\":\"https:\\\/\\\/kyb-europe.com\\\/ceska-republika\\\/#organization\"},\"potentialAction\":[{\"@type\":\"SearchAction\",\"target\":{\"@type\":\"EntryPoint\",\"urlTemplate\":\"https:\\\/\\\/kyb-europe.com\\\/ceska-republika\\\/?s={search_term_string}\"},\"query-input\":{\"@type\":\"PropertyValueSpecification\",\"valueRequired\":true,\"valueName\":\"search_term_string\"}}],\"inLanguage\":\"cs\"},{\"@type\":\"Organization\",\"@id\":\"https:\\\/\\\/kyb-europe.com\\\/ceska-republika\\\/#organization\",\"name\":\"\u010ce\u0161tina\",\"url\":\"https:\\\/\\\/kyb-europe.com\\\/ceska-republika\\\/\",\"logo\":{\"@type\":\"ImageObject\",\"inLanguage\":\"cs\",\"@id\":\"https:\\\/\\\/kyb-europe.com\\\/ceska-republika\\\/#\\\/schema\\\/logo\\\/image\\\/\",\"url\":\"https:\\\/\\\/kyb-europe.com\\\/ceska-republika\\\/wp-content\\\/uploads\\\/sites\\\/40\\\/2016\\\/12\\\/kyb_logo.png\",\"contentUrl\":\"https:\\\/\\\/kyb-europe.com\\\/ceska-republika\\\/wp-content\\\/uploads\\\/sites\\\/40\\\/2016\\\/12\\\/kyb_logo.png\",\"width\":295,\"height\":92,\"caption\":\"\u010ce\u0161tina\"},\"image\":{\"@id\":\"https:\\\/\\\/kyb-europe.com\\\/ceska-republika\\\/#\\\/schema\\\/logo\\\/image\\\/\"}}]}<\/script>\n<!-- \/ Yoast SEO plugin. -->","yoast_head_json":{"title":"N\u00e1stroje - KYB \u010cesk\u00e1 republika","robots":{"index":"index","follow":"follow","max-snippet":"max-snippet:-1","max-image-preview":"max-image-preview:large","max-video-preview":"max-video-preview:-1"},"canonical":"https:\/\/kyb-europe.com\/ceska-republika\/nastroje\/","og_locale":"cs_CZ","og_type":"article","og_title":"N\u00e1stroje - KYB \u010cesk\u00e1 republika","og_url":"https:\/\/kyb-europe.com\/ceska-republika\/nastroje\/","og_site_name":"\u010ce\u0161tina","article_modified_time":"2021-08-29T09:47:37+00:00","og_image":[{"width":2716,"height":1810,"url":"https:\/\/kyb-europe.com\/ceska-republika\/wp-content\/uploads\/sites\/40\/2020\/11\/iStock_000017283753_Large.jpg","type":"image\/jpeg"}],"twitter_card":"summary_large_image","schema":{"@context":"https:\/\/schema.org","@graph":[{"@type":"WebPage","@id":"https:\/\/kyb-europe.com\/ceska-republika\/nastroje\/","url":"https:\/\/kyb-europe.com\/ceska-republika\/nastroje\/","name":"N\u00e1stroje - KYB \u010cesk\u00e1 republika","isPartOf":{"@id":"https:\/\/kyb-europe.com\/ceska-republika\/#website"},"primaryImageOfPage":{"@id":"https:\/\/kyb-europe.com\/ceska-republika\/nastroje\/#primaryimage"},"image":{"@id":"https:\/\/kyb-europe.com\/ceska-republika\/nastroje\/#primaryimage"},"thumbnailUrl":"https:\/\/kyb-europe.com\/ceska-republika\/wp-content\/uploads\/sites\/40\/2020\/11\/iStock_000017283753_Large.jpg","datePublished":"2019-10-23T16:59:08+00:00","dateModified":"2021-08-29T09:47:37+00:00","inLanguage":"cs","potentialAction":[{"@type":"ReadAction","target":["https:\/\/kyb-europe.com\/ceska-republika\/nastroje\/"]}]},{"@type":"ImageObject","inLanguage":"cs","@id":"https:\/\/kyb-europe.com\/ceska-republika\/nastroje\/#primaryimage","url":"https:\/\/kyb-europe.com\/ceska-republika\/wp-content\/uploads\/sites\/40\/2020\/11\/iStock_000017283753_Large.jpg","contentUrl":"https:\/\/kyb-europe.com\/ceska-republika\/wp-content\/uploads\/sites\/40\/2020\/11\/iStock_000017283753_Large.jpg","width":2716,"height":1810},{"@type":"WebSite","@id":"https:\/\/kyb-europe.com\/ceska-republika\/#website","url":"https:\/\/kyb-europe.com\/ceska-republika\/","name":"\u010ce\u0161tina","description":"Our Precision, Your Advantage","publisher":{"@id":"https:\/\/kyb-europe.com\/ceska-republika\/#organization"},"potentialAction":[{"@type":"SearchAction","target":{"@type":"EntryPoint","urlTemplate":"https:\/\/kyb-europe.com\/ceska-republika\/?s={search_term_string}"},"query-input":{"@type":"PropertyValueSpecification","valueRequired":true,"valueName":"search_term_string"}}],"inLanguage":"cs"},{"@type":"Organization","@id":"https:\/\/kyb-europe.com\/ceska-republika\/#organization","name":"\u010ce\u0161tina","url":"https:\/\/kyb-europe.com\/ceska-republika\/","logo":{"@type":"ImageObject","inLanguage":"cs","@id":"https:\/\/kyb-europe.com\/ceska-republika\/#\/schema\/logo\/image\/","url":"https:\/\/kyb-europe.com\/ceska-republika\/wp-content\/uploads\/sites\/40\/2016\/12\/kyb_logo.png","contentUrl":"https:\/\/kyb-europe.com\/ceska-republika\/wp-content\/uploads\/sites\/40\/2016\/12\/kyb_logo.png","width":295,"height":92,"caption":"\u010ce\u0161tina"},"image":{"@id":"https:\/\/kyb-europe.com\/ceska-republika\/#\/schema\/logo\/image\/"}}]}},"_links":{"self":[{"href":"https:\/\/kyb-europe.com\/ceska-republika\/wp-json\/wp\/v2\/pages\/224089","targetHints":{"allow":["GET"]}}],"collection":[{"href":"https:\/\/kyb-europe.com\/ceska-republika\/wp-json\/wp\/v2\/pages"}],"about":[{"href":"https:\/\/kyb-europe.com\/ceska-republika\/wp-json\/wp\/v2\/types\/page"}],"author":[{"embeddable":true,"href":"https:\/\/kyb-europe.com\/ceska-republika\/wp-json\/wp\/v2\/users\/3"}],"replies":[{"embeddable":true,"href":"https:\/\/kyb-europe.com\/ceska-republika\/wp-json\/wp\/v2\/comments?post=224089"}],"version-history":[{"count":1,"href":"https:\/\/kyb-europe.com\/ceska-republika\/wp-json\/wp\/v2\/pages\/224089\/revisions"}],"predecessor-version":[{"id":226678,"href":"https:\/\/kyb-europe.com\/ceska-republika\/wp-json\/wp\/v2\/pages\/224089\/revisions\/226678"}],"wp:featuredmedia":[{"embeddable":true,"href":"https:\/\/kyb-europe.com\/ceska-republika\/wp-json\/wp\/v2\/media\/226013"}],"wp:attachment":[{"href":"https:\/\/kyb-europe.com\/ceska-republika\/wp-json\/wp\/v2\/media?parent=224089"}],"curies":[{"name":"wp","href":"https:\/\/api.w.org\/{rel}","templated":true}]}}