
{"id":2,"date":"2016-11-02T10:56:49","date_gmt":"2016-11-02T10:56:49","guid":{"rendered":"http:\/\/kyb.pixeltreemedia.co.uk\/?page_id=2"},"modified":"2025-03-27T13:02:16","modified_gmt":"2025-03-27T13:02:16","slug":"home","status":"publish","type":"page","link":"https:\/\/kyb-europe.com\/ceska-republika\/","title":{"rendered":"Dom\u016f"},"content":{"rendered":"","protected":false},"excerpt":{"rendered":"","protected":false},"author":1,"featured_media":225783,"parent":0,"menu_order":0,"comment_status":"closed","ping_status":"closed","template":"","meta":{"_acf_changed":false,"footnotes":""},"class_list":["post-2","page","type-page","status-publish","has-post-thumbnail","hentry"],"acf":[],"yoast_head":"<!-- This site is optimized with the Yoast SEO plugin v27.4 - https:\/\/yoast.com\/product\/yoast-seo-wordpress\/ -->\n<title>KYB \u010cesk\u00e1 republika<\/title>\n<meta name=\"description\" content=\"KYB je nejv\u011bt\u0161\u00edm v\u00fdrobcem hydrauliky v Japonsku a jeden z nejv\u011bt\u0161\u00edch dodavatel\u016f origin\u00e1ln\u00edho vybaven\u00ed (OE) tlumi\u010d\u016f p\u00e9rov\u00e1n\u00ed v\u00fdrobc\u016fm vozidel. V na\u0161ich z\u00e1vodech po cel\u00e9m sv\u011bt\u011b se t\u00fddn\u011b vyrob\u00ed v\u00edce ne\u017e 1milion tlumi\u010d\u016f a to v\u010detn\u011b z\u00e1vodu Gifu, jen\u017e je nejv\u011bt\u0161\u00edm z\u00e1vodem na v\u00fdrobu tlumi\u010d\u016f na sv\u011bt\u011b.\" \/>\n<meta name=\"robots\" content=\"index, follow, max-snippet:-1, max-image-preview:large, max-video-preview:-1\" \/>\n<link rel=\"canonical\" href=\"https:\/\/kyb-europe.com\/ceska-republika\/\" \/>\n<meta property=\"og:locale\" content=\"cs_CZ\" \/>\n<meta property=\"og:type\" content=\"article\" \/>\n<meta property=\"og:title\" content=\"KYB \u010cesk\u00e1 republika\" \/>\n<meta property=\"og:description\" content=\"KYB je nejv\u011bt\u0161\u00edm v\u00fdrobcem hydrauliky v Japonsku a jeden z nejv\u011bt\u0161\u00edch dodavatel\u016f origin\u00e1ln\u00edho vybaven\u00ed (OE) tlumi\u010d\u016f p\u00e9rov\u00e1n\u00ed v\u00fdrobc\u016fm vozidel. V na\u0161ich z\u00e1vodech po cel\u00e9m sv\u011bt\u011b se t\u00fddn\u011b vyrob\u00ed v\u00edce ne\u017e 1milion tlumi\u010d\u016f a to v\u010detn\u011b z\u00e1vodu Gifu, jen\u017e je nejv\u011bt\u0161\u00edm z\u00e1vodem na v\u00fdrobu tlumi\u010d\u016f na sv\u011bt\u011b.\" \/>\n<meta property=\"og:url\" content=\"https:\/\/kyb-europe.com\/ceska-republika\/\" \/>\n<meta property=\"og:site_name\" content=\"\u010ce\u0161tina\" \/>\n<meta property=\"article:modified_time\" content=\"2025-03-27T13:02:16+00:00\" \/>\n<meta property=\"og:image\" content=\"https:\/\/kyb-europe.com\/ceska-republika\/wp-content\/uploads\/sites\/40\/2020\/10\/kyb-homepage-image.jpg\" \/>\n\t<meta property=\"og:image:width\" content=\"1446\" \/>\n\t<meta property=\"og:image:height\" content=\"387\" \/>\n\t<meta property=\"og:image:type\" content=\"image\/jpeg\" \/>\n<meta name=\"twitter:card\" content=\"summary_large_image\" \/>\n<meta name=\"twitter:label1\" content=\"Odhadovan\u00e1 doba \u010dten\u00ed\" \/>\n\t<meta name=\"twitter:data1\" content=\"1 minuta\" \/>\n<script type=\"application\/ld+json\" class=\"yoast-schema-graph\">{\"@context\":\"https:\\\/\\\/schema.org\",\"@graph\":[{\"@type\":\"WebPage\",\"@id\":\"https:\\\/\\\/kyb-europe.com\\\/ceska-republika\\\/\",\"url\":\"https:\\\/\\\/kyb-europe.com\\\/ceska-republika\\\/\",\"name\":\"KYB \u010cesk\u00e1 republika\",\"isPartOf\":{\"@id\":\"https:\\\/\\\/kyb-europe.com\\\/ceska-republika\\\/#website\"},\"primaryImageOfPage\":{\"@id\":\"https:\\\/\\\/kyb-europe.com\\\/ceska-republika\\\/#primaryimage\"},\"image\":{\"@id\":\"https:\\\/\\\/kyb-europe.com\\\/ceska-republika\\\/#primaryimage\"},\"thumbnailUrl\":\"https:\\\/\\\/kyb-europe.com\\\/ceska-republika\\\/wp-content\\\/uploads\\\/sites\\\/40\\\/2020\\\/10\\\/kyb-homepage-image.jpg\",\"datePublished\":\"2016-11-02T10:56:49+00:00\",\"dateModified\":\"2025-03-27T13:02:16+00:00\",\"description\":\"KYB je nejv\u011bt\u0161\u00edm v\u00fdrobcem hydrauliky v Japonsku a jeden z nejv\u011bt\u0161\u00edch dodavatel\u016f origin\u00e1ln\u00edho vybaven\u00ed (OE) tlumi\u010d\u016f p\u00e9rov\u00e1n\u00ed v\u00fdrobc\u016fm vozidel. V na\u0161ich z\u00e1vodech po cel\u00e9m sv\u011bt\u011b se t\u00fddn\u011b vyrob\u00ed v\u00edce ne\u017e 1milion tlumi\u010d\u016f a to v\u010detn\u011b z\u00e1vodu Gifu, jen\u017e je nejv\u011bt\u0161\u00edm z\u00e1vodem na v\u00fdrobu tlumi\u010d\u016f na sv\u011bt\u011b.\",\"inLanguage\":\"cs\",\"potentialAction\":[{\"@type\":\"ReadAction\",\"target\":[\"https:\\\/\\\/kyb-europe.com\\\/ceska-republika\\\/\"]}]},{\"@type\":\"ImageObject\",\"inLanguage\":\"cs\",\"@id\":\"https:\\\/\\\/kyb-europe.com\\\/ceska-republika\\\/#primaryimage\",\"url\":\"https:\\\/\\\/kyb-europe.com\\\/ceska-republika\\\/wp-content\\\/uploads\\\/sites\\\/40\\\/2020\\\/10\\\/kyb-homepage-image.jpg\",\"contentUrl\":\"https:\\\/\\\/kyb-europe.com\\\/ceska-republika\\\/wp-content\\\/uploads\\\/sites\\\/40\\\/2020\\\/10\\\/kyb-homepage-image.jpg\",\"width\":1446,\"height\":387},{\"@type\":\"WebSite\",\"@id\":\"https:\\\/\\\/kyb-europe.com\\\/ceska-republika\\\/#website\",\"url\":\"https:\\\/\\\/kyb-europe.com\\\/ceska-republika\\\/\",\"name\":\"\u010ce\u0161tina\",\"description\":\"Our Precision, Your Advantage\",\"publisher\":{\"@id\":\"https:\\\/\\\/kyb-europe.com\\\/ceska-republika\\\/#organization\"},\"potentialAction\":[{\"@type\":\"SearchAction\",\"target\":{\"@type\":\"EntryPoint\",\"urlTemplate\":\"https:\\\/\\\/kyb-europe.com\\\/ceska-republika\\\/?s={search_term_string}\"},\"query-input\":{\"@type\":\"PropertyValueSpecification\",\"valueRequired\":true,\"valueName\":\"search_term_string\"}}],\"inLanguage\":\"cs\"},{\"@type\":\"Organization\",\"@id\":\"https:\\\/\\\/kyb-europe.com\\\/ceska-republika\\\/#organization\",\"name\":\"\u010ce\u0161tina\",\"url\":\"https:\\\/\\\/kyb-europe.com\\\/ceska-republika\\\/\",\"logo\":{\"@type\":\"ImageObject\",\"inLanguage\":\"cs\",\"@id\":\"https:\\\/\\\/kyb-europe.com\\\/ceska-republika\\\/#\\\/schema\\\/logo\\\/image\\\/\",\"url\":\"https:\\\/\\\/kyb-europe.com\\\/ceska-republika\\\/wp-content\\\/uploads\\\/sites\\\/40\\\/2016\\\/12\\\/kyb_logo.png\",\"contentUrl\":\"https:\\\/\\\/kyb-europe.com\\\/ceska-republika\\\/wp-content\\\/uploads\\\/sites\\\/40\\\/2016\\\/12\\\/kyb_logo.png\",\"width\":295,\"height\":92,\"caption\":\"\u010ce\u0161tina\"},\"image\":{\"@id\":\"https:\\\/\\\/kyb-europe.com\\\/ceska-republika\\\/#\\\/schema\\\/logo\\\/image\\\/\"}}]}<\/script>\n<!-- \/ Yoast SEO plugin. -->","yoast_head_json":{"title":"KYB \u010cesk\u00e1 republika","description":"KYB je nejv\u011bt\u0161\u00edm v\u00fdrobcem hydrauliky v Japonsku a jeden z nejv\u011bt\u0161\u00edch dodavatel\u016f origin\u00e1ln\u00edho vybaven\u00ed (OE) tlumi\u010d\u016f p\u00e9rov\u00e1n\u00ed v\u00fdrobc\u016fm vozidel. V na\u0161ich z\u00e1vodech po cel\u00e9m sv\u011bt\u011b se t\u00fddn\u011b vyrob\u00ed v\u00edce ne\u017e 1milion tlumi\u010d\u016f a to v\u010detn\u011b z\u00e1vodu Gifu, jen\u017e je nejv\u011bt\u0161\u00edm z\u00e1vodem na v\u00fdrobu tlumi\u010d\u016f na sv\u011bt\u011b.","robots":{"index":"index","follow":"follow","max-snippet":"max-snippet:-1","max-image-preview":"max-image-preview:large","max-video-preview":"max-video-preview:-1"},"canonical":"https:\/\/kyb-europe.com\/ceska-republika\/","og_locale":"cs_CZ","og_type":"article","og_title":"KYB \u010cesk\u00e1 republika","og_description":"KYB je nejv\u011bt\u0161\u00edm v\u00fdrobcem hydrauliky v Japonsku a jeden z nejv\u011bt\u0161\u00edch dodavatel\u016f origin\u00e1ln\u00edho vybaven\u00ed (OE) tlumi\u010d\u016f p\u00e9rov\u00e1n\u00ed v\u00fdrobc\u016fm vozidel. V na\u0161ich z\u00e1vodech po cel\u00e9m sv\u011bt\u011b se t\u00fddn\u011b vyrob\u00ed v\u00edce ne\u017e 1milion tlumi\u010d\u016f a to v\u010detn\u011b z\u00e1vodu Gifu, jen\u017e je nejv\u011bt\u0161\u00edm z\u00e1vodem na v\u00fdrobu tlumi\u010d\u016f na sv\u011bt\u011b.","og_url":"https:\/\/kyb-europe.com\/ceska-republika\/","og_site_name":"\u010ce\u0161tina","article_modified_time":"2025-03-27T13:02:16+00:00","og_image":[{"width":1446,"height":387,"url":"https:\/\/kyb-europe.com\/ceska-republika\/wp-content\/uploads\/sites\/40\/2020\/10\/kyb-homepage-image.jpg","type":"image\/jpeg"}],"twitter_card":"summary_large_image","twitter_misc":{"Odhadovan\u00e1 doba \u010dten\u00ed":"1 minuta"},"schema":{"@context":"https:\/\/schema.org","@graph":[{"@type":"WebPage","@id":"https:\/\/kyb-europe.com\/ceska-republika\/","url":"https:\/\/kyb-europe.com\/ceska-republika\/","name":"KYB \u010cesk\u00e1 republika","isPartOf":{"@id":"https:\/\/kyb-europe.com\/ceska-republika\/#website"},"primaryImageOfPage":{"@id":"https:\/\/kyb-europe.com\/ceska-republika\/#primaryimage"},"image":{"@id":"https:\/\/kyb-europe.com\/ceska-republika\/#primaryimage"},"thumbnailUrl":"https:\/\/kyb-europe.com\/ceska-republika\/wp-content\/uploads\/sites\/40\/2020\/10\/kyb-homepage-image.jpg","datePublished":"2016-11-02T10:56:49+00:00","dateModified":"2025-03-27T13:02:16+00:00","description":"KYB je nejv\u011bt\u0161\u00edm v\u00fdrobcem hydrauliky v Japonsku a jeden z nejv\u011bt\u0161\u00edch dodavatel\u016f origin\u00e1ln\u00edho vybaven\u00ed (OE) tlumi\u010d\u016f p\u00e9rov\u00e1n\u00ed v\u00fdrobc\u016fm vozidel. V na\u0161ich z\u00e1vodech po cel\u00e9m sv\u011bt\u011b se t\u00fddn\u011b vyrob\u00ed v\u00edce ne\u017e 1milion tlumi\u010d\u016f a to v\u010detn\u011b z\u00e1vodu Gifu, jen\u017e je nejv\u011bt\u0161\u00edm z\u00e1vodem na v\u00fdrobu tlumi\u010d\u016f na sv\u011bt\u011b.","inLanguage":"cs","potentialAction":[{"@type":"ReadAction","target":["https:\/\/kyb-europe.com\/ceska-republika\/"]}]},{"@type":"ImageObject","inLanguage":"cs","@id":"https:\/\/kyb-europe.com\/ceska-republika\/#primaryimage","url":"https:\/\/kyb-europe.com\/ceska-republika\/wp-content\/uploads\/sites\/40\/2020\/10\/kyb-homepage-image.jpg","contentUrl":"https:\/\/kyb-europe.com\/ceska-republika\/wp-content\/uploads\/sites\/40\/2020\/10\/kyb-homepage-image.jpg","width":1446,"height":387},{"@type":"WebSite","@id":"https:\/\/kyb-europe.com\/ceska-republika\/#website","url":"https:\/\/kyb-europe.com\/ceska-republika\/","name":"\u010ce\u0161tina","description":"Our Precision, Your Advantage","publisher":{"@id":"https:\/\/kyb-europe.com\/ceska-republika\/#organization"},"potentialAction":[{"@type":"SearchAction","target":{"@type":"EntryPoint","urlTemplate":"https:\/\/kyb-europe.com\/ceska-republika\/?s={search_term_string}"},"query-input":{"@type":"PropertyValueSpecification","valueRequired":true,"valueName":"search_term_string"}}],"inLanguage":"cs"},{"@type":"Organization","@id":"https:\/\/kyb-europe.com\/ceska-republika\/#organization","name":"\u010ce\u0161tina","url":"https:\/\/kyb-europe.com\/ceska-republika\/","logo":{"@type":"ImageObject","inLanguage":"cs","@id":"https:\/\/kyb-europe.com\/ceska-republika\/#\/schema\/logo\/image\/","url":"https:\/\/kyb-europe.com\/ceska-republika\/wp-content\/uploads\/sites\/40\/2016\/12\/kyb_logo.png","contentUrl":"https:\/\/kyb-europe.com\/ceska-republika\/wp-content\/uploads\/sites\/40\/2016\/12\/kyb_logo.png","width":295,"height":92,"caption":"\u010ce\u0161tina"},"image":{"@id":"https:\/\/kyb-europe.com\/ceska-republika\/#\/schema\/logo\/image\/"}}]}},"_links":{"self":[{"href":"https:\/\/kyb-europe.com\/ceska-republika\/wp-json\/wp\/v2\/pages\/2","targetHints":{"allow":["GET"]}}],"collection":[{"href":"https:\/\/kyb-europe.com\/ceska-republika\/wp-json\/wp\/v2\/pages"}],"about":[{"href":"https:\/\/kyb-europe.com\/ceska-republika\/wp-json\/wp\/v2\/types\/page"}],"author":[{"embeddable":true,"href":"https:\/\/kyb-europe.com\/ceska-republika\/wp-json\/wp\/v2\/users\/1"}],"replies":[{"embeddable":true,"href":"https:\/\/kyb-europe.com\/ceska-republika\/wp-json\/wp\/v2\/comments?post=2"}],"version-history":[{"count":5,"href":"https:\/\/kyb-europe.com\/ceska-republika\/wp-json\/wp\/v2\/pages\/2\/revisions"}],"predecessor-version":[{"id":226949,"href":"https:\/\/kyb-europe.com\/ceska-republika\/wp-json\/wp\/v2\/pages\/2\/revisions\/226949"}],"wp:featuredmedia":[{"embeddable":true,"href":"https:\/\/kyb-europe.com\/ceska-republika\/wp-json\/wp\/v2\/media\/225783"}],"wp:attachment":[{"href":"https:\/\/kyb-europe.com\/ceska-republika\/wp-json\/wp\/v2\/media?parent=2"}],"curies":[{"name":"wp","href":"https:\/\/api.w.org\/{rel}","templated":true}]}}